{"id":74274,"date":"2022-11-07T14:25:32","date_gmt":"2022-11-07T13:25:32","guid":{"rendered":"https:\/\/ekaltech.pl\/?page_id=74274"},"modified":"2022-11-08T09:18:10","modified_gmt":"2022-11-08T08:18:10","slug":"ceramika","status":"publish","type":"page","link":"https:\/\/ekaltech.pl\/index.php\/ceramika\/","title":{"rendered":"Ceramika"},"content":{"rendered":"\t\t<div data-elementor-type=\"wp-page\" data-elementor-id=\"74274\" class=\"elementor elementor-74274\">\n\t\t\t\t\t\t<section class=\"elementor-section elementor-top-section elementor-element elementor-element-7dd23902 elementor-section-stretched elementor-section-boxed elementor-section-height-default elementor-section-height-default\" data-id=\"7dd23902\" data-element_type=\"section\" data-e-type=\"section\" data-settings=\"{&quot;stretch_section&quot;:&quot;section-stretched&quot;,&quot;background_background&quot;:&quot;classic&quot;}\">\n\t\t\t\t\t\t<div class=\"elementor-container elementor-column-gap-default\">\n\t\t\t\t\t<div class=\"elementor-column elementor-col-100 elementor-top-column elementor-element elementor-element-f5b9550\" data-id=\"f5b9550\" data-element_type=\"column\" data-e-type=\"column\">\n\t\t\t<div class=\"elementor-widget-wrap elementor-element-populated\">\n\t\t\t\t\t\t<section class=\"elementor-section elementor-inner-section elementor-element elementor-element-4c82968a elementor-section-full_width elementor-section-height-min-height elementor-section-height-default\" data-id=\"4c82968a\" data-element_type=\"section\" data-e-type=\"section\">\n\t\t\t\t\t\t<div class=\"elementor-container elementor-column-gap-default\">\n\t\t\t\t\t<div class=\"elementor-column elementor-col-50 elementor-inner-column elementor-element elementor-element-1c3b90e8\" data-id=\"1c3b90e8\" data-element_type=\"column\" data-e-type=\"column\">\n\t\t\t<div class=\"elementor-widget-wrap elementor-element-populated\">\n\t\t\t\t\t\t<div class=\"elementor-element elementor-element-4b056a54 elementor-widget elementor-widget-html\" data-id=\"4b056a54\" data-element_type=\"widget\" data-e-type=\"widget\" data-widget_type=\"html.default\">\n\t\t\t\t<div class=\"elementor-widget-container\">\n\t\t\t\t\tCeramika Boles\u0142awiec\t\t\t\t<\/div>\n\t\t\t\t<\/div>\n\t\t\t\t\t<\/div>\n\t\t<\/div>\n\t\t\t\t<div class=\"elementor-column elementor-col-50 elementor-inner-column elementor-element elementor-element-61e8b83d\" data-id=\"61e8b83d\" data-element_type=\"column\" data-e-type=\"column\">\n\t\t\t<div class=\"elementor-widget-wrap elementor-element-populated\">\n\t\t\t\t\t\t<div class=\"elementor-element elementor-element-4454dd6e elementor-widget elementor-widget-html\" data-id=\"4454dd6e\" data-element_type=\"widget\" data-e-type=\"widget\" data-widget_type=\"html.default\">\n\t\t\t\t<div class=\"elementor-widget-container\">\n\t\t\t\t\tModernizacja sterowania pras ci\u015bnieniowych w Zak\u0142adach Ceramicznych \u201eBoles\u0142awiec\u201d.\t\t\t\t<\/div>\n\t\t\t\t<\/div>\n\t\t\t\t<div class=\"elementor-element elementor-element-7a3b250f elementor-arrows-position-inside elementor-pagination-position-outside elementor-widget elementor-widget-image-carousel\" data-id=\"7a3b250f\" data-element_type=\"widget\" data-e-type=\"widget\" data-settings=\"{&quot;slides_to_show&quot;:&quot;1&quot;,&quot;navigation&quot;:&quot;both&quot;,&quot;autoplay&quot;:&quot;yes&quot;,&quot;pause_on_hover&quot;:&quot;yes&quot;,&quot;pause_on_interaction&quot;:&quot;yes&quot;,&quot;autoplay_speed&quot;:5000,&quot;infinite&quot;:&quot;yes&quot;,&quot;effect&quot;:&quot;slide&quot;,&quot;speed&quot;:500}\" data-widget_type=\"image-carousel.default\">\n\t\t\t\t<div class=\"elementor-widget-container\">\n\t\t\t\t\t\t\t<div class=\"elementor-image-carousel-wrapper swiper\" role=\"region\" aria-roledescription=\"carousel\" aria-label=\"Karuzela obrazk\u00f3w\" dir=\"ltr\">\n\t\t\t<div class=\"elementor-image-carousel swiper-wrapper\" aria-live=\"off\">\n\t\t\t\t\t\t\t\t<div class=\"swiper-slide\" role=\"group\" aria-roledescription=\"slide\" aria-label=\"1 z 2\"><figure class=\"swiper-slide-inner\"><img decoding=\"async\" class=\"swiper-slide-image\" src=\"https:\/\/ekaltech.pl\/wp-content\/uploads\/2021\/06\/prasa2-2-1024x790.jpg\" alt=\"prasa2\" \/><\/figure><\/div><div class=\"swiper-slide\" role=\"group\" aria-roledescription=\"slide\" aria-label=\"2 z 2\"><figure class=\"swiper-slide-inner\"><img decoding=\"async\" class=\"swiper-slide-image\" src=\"https:\/\/ekaltech.pl\/wp-content\/uploads\/2021\/06\/prasa1-2-768x1024.jpg\" alt=\"prasa1\" \/><\/figure><\/div>\t\t\t<\/div>\n\t\t\t\t\t\t\t\t\t\t\t\t<div class=\"elementor-swiper-button elementor-swiper-button-prev\" role=\"button\" tabindex=\"0\">\n\t\t\t\t\t\t<i aria-hidden=\"true\" class=\"eicon-chevron-left\"><\/i>\t\t\t\t\t<\/div>\n\t\t\t\t\t<div class=\"elementor-swiper-button elementor-swiper-button-next\" role=\"button\" tabindex=\"0\">\n\t\t\t\t\t\t<i aria-hidden=\"true\" class=\"eicon-chevron-right\"><\/i>\t\t\t\t\t<\/div>\n\t\t\t\t\n\t\t\t\t\t\t\t\t\t<div class=\"swiper-pagination\"><\/div>\n\t\t\t\t\t\t\t\t\t<\/div>\n\t\t\t\t\t\t<\/div>\n\t\t\t\t<\/div>\n\t\t\t\t<div class=\"elementor-element elementor-element-5951ec32 elementor-widget elementor-widget-html\" data-id=\"5951ec32\" data-element_type=\"widget\" data-e-type=\"widget\" data-widget_type=\"html.default\">\n\t\t\t\t<div class=\"elementor-widget-container\">\n\t\t\t\t\t               W ramach prac:\n\t\t\t\t<ul>\n\t\t\t\t\t<li>Wykonano schemat elektryczny wraz z doborem odpowiednich element\u00f3w automatyki oraz rysunkami szafy sterowniczej,<\/li>\n\t\t\t\t\t<li>Wykonano szaf\u0119 sterownicz\u0105 na podstawie pogl\u0105dowych rysunk\u00f3w projektanta,<\/li>\n\t\t\t\t\t<li>Napisano program steruj\u0105cy dzia\u0142aniem pras wed\u0142ug za\u0142o\u017ce\u0144 technologicznych producenta,<\/li>\n\t\t\t\t\t<li>Stworzono przejrzyst\u0105 wizualizacj\u0119 dla operator\u00f3w do sterowania parametrami procesu,<\/li>\n\t\t\t\t\t<li>Prze\u0142\u0105czono wszystkie sygna\u0142y pras do nowo stworzonego systemu sterowania,\n                    \t<li>Zapewniono odpowiedni dob\u00f3r i wymian\u0119 wadliwych element\u00f3w w modernizowanych prasach,\n                    <\/li>\n                    \t<li>Przeprowadzono uruchomienie i testy nowego sterowania,\n                    <\/li>\n                    \t<li>Dokonano doboru nastaw regulator\u00f3w do poprawnego dzia\u0142ania element\u00f3w wykonawczych,\n                    <\/li>\n\t\t\t\t\t<li>Przeszkolono zesp\u00f3\u0142 operator\u00f3w i przygotowano dla nich odpowiedni\u0105 instrukcj\u0119 stanowiskow\u0105,<\/li>\n\t\t\t\t\t<li>Przygotowano zdalne po\u0142\u0105czenie z modernizowanym urz\u0105dzeniem u klienta.<\/li>\n\t\t\t\t<\/ul>\n              Sterowanie pras ci\u015bnieniowych:\n              <p>Nowe sterowanie prasami ci\u015bnieniowymi wykonano za pomoc\u0105 urz\u0105dze\u0144 i oprogramowania dostarczanego przez firm\u0119 Beckhoff. Wykorzystano w tym celu panel operatorski z ekranem dotykowym, na kt\u00f3rym umieszczono wizualizacj\u0119 dla os\u00f3b obs\u0142uguj\u0105cych pras\u0119, odpowiednie modu\u0142y pozwalaj\u0105ce na odczyt danych z urz\u0105dzenia oraz sterowanie urz\u0105dzeniami wykonawczymi. Wykonany program PLC odczytuje dane wpisywane przez operator\u00f3w i z ich wykorzystaniem steruje ca\u0142ym procesem prasy.<\/p>\n              Aplikacja HMI:\n              <p>Wizualizacja HMI zosta\u0142a wykonana z wykorzystaniem najnowszej wersji programu InduSoft Web Studio. Umo\u017cliwia ona wprowadzanie wymaganych parametr\u00f3w wed\u0142ug za\u0142o\u017ce\u0144 technologicznych, a tak\u017ce archiwizowanie ich w celu p\u00f3\u017aniejszego odczytu. Pozwala to na szybkie przestawienie prasy na prac\u0119 w celu tworzenia innego produktu. Aplikacja umo\u017cliwia edycj\u0119 istniej\u0105cychlub tworzenie nowych zestaw\u00f3w parametr\u00f3w nawet przy trwaj\u0105cym aktualnie procesie, nie zaburzaj\u0105c jego pracy. W wizualizacji zastosowano system zarz\u0105dzania u\u017cytkownikami w celu zabezpieczenia parametr\u00f3w pracy przed ich przypadkow\u0105 zmian\u0105 lub modyfikacj\u0105 przez nieupowa\u017cnione osoby. W celu u\u0142atwienia pracownikom utrzymania ruchu szybkiej diagnozy urz\u0105dzenia stworzono ekran z dost\u0119pem do informacji o stanie wszystkich sygna\u0142\u00f3w w sterowniku, a dla operator\u00f3w system obs\u0142ugi ostrze\u017ce\u0144 i alarm\u00f3w.<\/p>\n              Dost\u0119p zdalny:\n              <p>Przygotowane zdalne po\u0142\u0105czenie umo\u017cliwi w przysz\u0142o\u015bci szyk\u0105 reakcj\u0119 na potrzeby klienta. W ramach zdalnego dost\u0119pu mo\u017cliwa jest diagnostyka urz\u0105dzenia oraz wprowadzanie ewentualnych poprawek i zmian w sterowaniu lub wizualizacji. \n           \t\t\t\t<\/div>\n\t\t\t\t<\/div>\n\t\t\t\t\t<\/div>\n\t\t<\/div>\n\t\t\t\t\t<\/div>\n\t\t<\/section>\n\t\t\t\t\t<\/div>\n\t\t<\/div>\n\t\t\t\t\t<\/div>\n\t\t<\/section>\n\t\t\t\t<\/div>\n\t\t","protected":false},"excerpt":{"rendered":"<p>Ceramika Boles\u0142awiec Modernizacja sterowania pras ci\u015bnieniowych w Zak\u0142adach Ceramicznych \u201eBoles\u0142awiec\u201d. Poprzednie Nast\u0119pne W ramach prac: Wykonano schemat elektryczny wraz z doborem odpowiednich element\u00f3w automatyki oraz rysunkami szafy sterowniczej, Wykonano szaf\u0119 sterownicz\u0105 na podstawie pogl\u0105dowych rysunk\u00f3w projektanta, Napisano program steruj\u0105cy dzia\u0142aniem pras wed\u0142ug za\u0142o\u017ce\u0144 technologicznych producenta, Stworzono przejrzyst\u0105 wizualizacj\u0119 dla operator\u00f3w do sterowania parametrami procesu, Prze\u0142\u0105czono [&hellip;]<\/p>\n","protected":false},"author":1,"featured_media":0,"parent":0,"menu_order":0,"comment_status":"closed","ping_status":"closed","template":"","meta":{"footnotes":""},"class_list":["post-74274","page","type-page","status-publish","hentry"],"yoast_head":"<!-- This site is optimized with the Yoast SEO plugin v27.5 - https:\/\/yoast.com\/product\/yoast-seo-wordpress\/ -->\r\n<title>Ceramika - Ekaltech Biuro In\u017cynierii Systemowej<\/title>\r\n<meta name=\"robots\" content=\"index, follow, max-snippet:-1, max-image-preview:large, max-video-preview:-1\" \/>\r\n<link rel=\"canonical\" href=\"https:\/\/ekaltech.pl\/index.php\/ceramika\/\" \/>\r\n<meta property=\"og:locale\" content=\"pl_PL\" \/>\r\n<meta property=\"og:type\" content=\"article\" \/>\r\n<meta property=\"og:title\" content=\"Ceramika - Ekaltech Biuro In\u017cynierii Systemowej\" \/>\r\n<meta property=\"og:description\" content=\"Ceramika Boles\u0142awiec Modernizacja sterowania pras ci\u015bnieniowych w Zak\u0142adach Ceramicznych \u201eBoles\u0142awiec\u201d. Poprzednie Nast\u0119pne W ramach prac: Wykonano schemat elektryczny wraz z doborem odpowiednich element\u00f3w automatyki oraz rysunkami szafy sterowniczej, Wykonano szaf\u0119 sterownicz\u0105 na podstawie pogl\u0105dowych rysunk\u00f3w projektanta, Napisano program steruj\u0105cy dzia\u0142aniem pras wed\u0142ug za\u0142o\u017ce\u0144 technologicznych producenta, Stworzono przejrzyst\u0105 wizualizacj\u0119 dla operator\u00f3w do sterowania parametrami procesu, Prze\u0142\u0105czono [&hellip;]\" \/>\r\n<meta property=\"og:url\" content=\"https:\/\/ekaltech.pl\/index.php\/ceramika\/\" \/>\r\n<meta property=\"og:site_name\" content=\"Ekaltech Biuro In\u017cynierii Systemowej\" \/>\r\n<meta property=\"article:modified_time\" content=\"2022-11-08T08:18:10+00:00\" \/>\r\n<meta property=\"og:image\" content=\"https:\/\/ekaltech.pl\/wp-content\/uploads\/2021\/06\/prasa2-2-1024x790.jpg\" \/>\r\n<meta name=\"twitter:card\" content=\"summary_large_image\" \/>\r\n<meta name=\"twitter:label1\" content=\"Szacowany czas czytania\" \/>\n\t<meta name=\"twitter:data1\" content=\"3 minuty\" \/>\r\n<script type=\"application\/ld+json\" class=\"yoast-schema-graph\">{\"@context\":\"https:\\\/\\\/schema.org\",\"@graph\":[{\"@type\":\"WebPage\",\"@id\":\"https:\\\/\\\/ekaltech.pl\\\/index.php\\\/ceramika\\\/\",\"url\":\"https:\\\/\\\/ekaltech.pl\\\/index.php\\\/ceramika\\\/\",\"name\":\"Ceramika - Ekaltech Biuro In\u017cynierii Systemowej\",\"isPartOf\":{\"@id\":\"https:\\\/\\\/ekaltech.pl\\\/#website\"},\"primaryImageOfPage\":{\"@id\":\"https:\\\/\\\/ekaltech.pl\\\/index.php\\\/ceramika\\\/#primaryimage\"},\"image\":{\"@id\":\"https:\\\/\\\/ekaltech.pl\\\/index.php\\\/ceramika\\\/#primaryimage\"},\"thumbnailUrl\":\"https:\\\/\\\/ekaltech.pl\\\/wp-content\\\/uploads\\\/2021\\\/06\\\/prasa2-2-1024x790.jpg\",\"datePublished\":\"2022-11-07T13:25:32+00:00\",\"dateModified\":\"2022-11-08T08:18:10+00:00\",\"breadcrumb\":{\"@id\":\"https:\\\/\\\/ekaltech.pl\\\/index.php\\\/ceramika\\\/#breadcrumb\"},\"inLanguage\":\"pl-PL\",\"potentialAction\":[{\"@type\":\"ReadAction\",\"target\":[\"https:\\\/\\\/ekaltech.pl\\\/index.php\\\/ceramika\\\/\"]}]},{\"@type\":\"ImageObject\",\"inLanguage\":\"pl-PL\",\"@id\":\"https:\\\/\\\/ekaltech.pl\\\/index.php\\\/ceramika\\\/#primaryimage\",\"url\":\"https:\\\/\\\/ekaltech.pl\\\/wp-content\\\/uploads\\\/2021\\\/06\\\/prasa2-2-scaled.jpg\",\"contentUrl\":\"https:\\\/\\\/ekaltech.pl\\\/wp-content\\\/uploads\\\/2021\\\/06\\\/prasa2-2-scaled.jpg\",\"width\":2560,\"height\":1975},{\"@type\":\"BreadcrumbList\",\"@id\":\"https:\\\/\\\/ekaltech.pl\\\/index.php\\\/ceramika\\\/#breadcrumb\",\"itemListElement\":[{\"@type\":\"ListItem\",\"position\":1,\"name\":\"Home\",\"item\":\"https:\\\/\\\/ekaltech.pl\\\/\"},{\"@type\":\"ListItem\",\"position\":2,\"name\":\"Ceramika\"}]},{\"@type\":\"WebSite\",\"@id\":\"https:\\\/\\\/ekaltech.pl\\\/#website\",\"url\":\"https:\\\/\\\/ekaltech.pl\\\/\",\"name\":\"Ekaltech Biuro In\u017cynierii Systemowej\",\"description\":\"Specjalizujemy si\u0119 w automatyce przemys\u0142owej, automatyce budynkowej, projektowaniu uk\u0142ad\u00f3w sterowania.\",\"publisher\":{\"@id\":\"https:\\\/\\\/ekaltech.pl\\\/#organization\"},\"potentialAction\":[{\"@type\":\"SearchAction\",\"target\":{\"@type\":\"EntryPoint\",\"urlTemplate\":\"https:\\\/\\\/ekaltech.pl\\\/?s={search_term_string}\"},\"query-input\":{\"@type\":\"PropertyValueSpecification\",\"valueRequired\":true,\"valueName\":\"search_term_string\"}}],\"inLanguage\":\"pl-PL\"},{\"@type\":\"Organization\",\"@id\":\"https:\\\/\\\/ekaltech.pl\\\/#organization\",\"name\":\"Ekaltech Biuro In\u017cynierii Systemowej\",\"url\":\"https:\\\/\\\/ekaltech.pl\\\/\",\"logo\":{\"@type\":\"ImageObject\",\"inLanguage\":\"pl-PL\",\"@id\":\"https:\\\/\\\/ekaltech.pl\\\/#\\\/schema\\\/logo\\\/image\\\/\",\"url\":\"https:\\\/\\\/ekaltech.pl\\\/wp-content\\\/uploads\\\/2018\\\/02\\\/cropped-EKALTECH-LOGO-1.png\",\"contentUrl\":\"https:\\\/\\\/ekaltech.pl\\\/wp-content\\\/uploads\\\/2018\\\/02\\\/cropped-EKALTECH-LOGO-1.png\",\"width\":332,\"height\":172,\"caption\":\"Ekaltech Biuro In\u017cynierii Systemowej\"},\"image\":{\"@id\":\"https:\\\/\\\/ekaltech.pl\\\/#\\\/schema\\\/logo\\\/image\\\/\"}}]}<\/script>\r\n<!-- \/ Yoast SEO plugin. -->","yoast_head_json":{"title":"Ceramika - Ekaltech Biuro In\u017cynierii Systemowej","robots":{"index":"index","follow":"follow","max-snippet":"max-snippet:-1","max-image-preview":"max-image-preview:large","max-video-preview":"max-video-preview:-1"},"canonical":"https:\/\/ekaltech.pl\/index.php\/ceramika\/","og_locale":"pl_PL","og_type":"article","og_title":"Ceramika - Ekaltech Biuro In\u017cynierii Systemowej","og_description":"Ceramika Boles\u0142awiec Modernizacja sterowania pras ci\u015bnieniowych w Zak\u0142adach Ceramicznych \u201eBoles\u0142awiec\u201d. Poprzednie Nast\u0119pne W ramach prac: Wykonano schemat elektryczny wraz z doborem odpowiednich element\u00f3w automatyki oraz rysunkami szafy sterowniczej, Wykonano szaf\u0119 sterownicz\u0105 na podstawie pogl\u0105dowych rysunk\u00f3w projektanta, Napisano program steruj\u0105cy dzia\u0142aniem pras wed\u0142ug za\u0142o\u017ce\u0144 technologicznych producenta, Stworzono przejrzyst\u0105 wizualizacj\u0119 dla operator\u00f3w do sterowania parametrami procesu, Prze\u0142\u0105czono [&hellip;]","og_url":"https:\/\/ekaltech.pl\/index.php\/ceramika\/","og_site_name":"Ekaltech Biuro In\u017cynierii Systemowej","article_modified_time":"2022-11-08T08:18:10+00:00","og_image":[{"url":"https:\/\/ekaltech.pl\/wp-content\/uploads\/2021\/06\/prasa2-2-1024x790.jpg","type":"","width":"","height":""}],"twitter_card":"summary_large_image","twitter_misc":{"Szacowany czas czytania":"3 minuty"},"schema":{"@context":"https:\/\/schema.org","@graph":[{"@type":"WebPage","@id":"https:\/\/ekaltech.pl\/index.php\/ceramika\/","url":"https:\/\/ekaltech.pl\/index.php\/ceramika\/","name":"Ceramika - Ekaltech Biuro In\u017cynierii Systemowej","isPartOf":{"@id":"https:\/\/ekaltech.pl\/#website"},"primaryImageOfPage":{"@id":"https:\/\/ekaltech.pl\/index.php\/ceramika\/#primaryimage"},"image":{"@id":"https:\/\/ekaltech.pl\/index.php\/ceramika\/#primaryimage"},"thumbnailUrl":"https:\/\/ekaltech.pl\/wp-content\/uploads\/2021\/06\/prasa2-2-1024x790.jpg","datePublished":"2022-11-07T13:25:32+00:00","dateModified":"2022-11-08T08:18:10+00:00","breadcrumb":{"@id":"https:\/\/ekaltech.pl\/index.php\/ceramika\/#breadcrumb"},"inLanguage":"pl-PL","potentialAction":[{"@type":"ReadAction","target":["https:\/\/ekaltech.pl\/index.php\/ceramika\/"]}]},{"@type":"ImageObject","inLanguage":"pl-PL","@id":"https:\/\/ekaltech.pl\/index.php\/ceramika\/#primaryimage","url":"https:\/\/ekaltech.pl\/wp-content\/uploads\/2021\/06\/prasa2-2-scaled.jpg","contentUrl":"https:\/\/ekaltech.pl\/wp-content\/uploads\/2021\/06\/prasa2-2-scaled.jpg","width":2560,"height":1975},{"@type":"BreadcrumbList","@id":"https:\/\/ekaltech.pl\/index.php\/ceramika\/#breadcrumb","itemListElement":[{"@type":"ListItem","position":1,"name":"Home","item":"https:\/\/ekaltech.pl\/"},{"@type":"ListItem","position":2,"name":"Ceramika"}]},{"@type":"WebSite","@id":"https:\/\/ekaltech.pl\/#website","url":"https:\/\/ekaltech.pl\/","name":"Ekaltech Biuro In\u017cynierii Systemowej","description":"Specjalizujemy si\u0119 w automatyce przemys\u0142owej, automatyce budynkowej, projektowaniu uk\u0142ad\u00f3w sterowania.","publisher":{"@id":"https:\/\/ekaltech.pl\/#organization"},"potentialAction":[{"@type":"SearchAction","target":{"@type":"EntryPoint","urlTemplate":"https:\/\/ekaltech.pl\/?s={search_term_string}"},"query-input":{"@type":"PropertyValueSpecification","valueRequired":true,"valueName":"search_term_string"}}],"inLanguage":"pl-PL"},{"@type":"Organization","@id":"https:\/\/ekaltech.pl\/#organization","name":"Ekaltech Biuro In\u017cynierii Systemowej","url":"https:\/\/ekaltech.pl\/","logo":{"@type":"ImageObject","inLanguage":"pl-PL","@id":"https:\/\/ekaltech.pl\/#\/schema\/logo\/image\/","url":"https:\/\/ekaltech.pl\/wp-content\/uploads\/2018\/02\/cropped-EKALTECH-LOGO-1.png","contentUrl":"https:\/\/ekaltech.pl\/wp-content\/uploads\/2018\/02\/cropped-EKALTECH-LOGO-1.png","width":332,"height":172,"caption":"Ekaltech Biuro In\u017cynierii Systemowej"},"image":{"@id":"https:\/\/ekaltech.pl\/#\/schema\/logo\/image\/"}}]}},"_links":{"self":[{"href":"https:\/\/ekaltech.pl\/index.php\/wp-json\/wp\/v2\/pages\/74274","targetHints":{"allow":["GET"]}}],"collection":[{"href":"https:\/\/ekaltech.pl\/index.php\/wp-json\/wp\/v2\/pages"}],"about":[{"href":"https:\/\/ekaltech.pl\/index.php\/wp-json\/wp\/v2\/types\/page"}],"author":[{"embeddable":true,"href":"https:\/\/ekaltech.pl\/index.php\/wp-json\/wp\/v2\/users\/1"}],"replies":[{"embeddable":true,"href":"https:\/\/ekaltech.pl\/index.php\/wp-json\/wp\/v2\/comments?post=74274"}],"version-history":[{"count":16,"href":"https:\/\/ekaltech.pl\/index.php\/wp-json\/wp\/v2\/pages\/74274\/revisions"}],"predecessor-version":[{"id":74295,"href":"https:\/\/ekaltech.pl\/index.php\/wp-json\/wp\/v2\/pages\/74274\/revisions\/74295"}],"wp:attachment":[{"href":"https:\/\/ekaltech.pl\/index.php\/wp-json\/wp\/v2\/media?parent=74274"}],"curies":[{"name":"wp","href":"https:\/\/api.w.org\/{rel}","templated":true}]}}