{"id":74134,"date":"2022-07-29T13:02:17","date_gmt":"2022-07-29T11:02:17","guid":{"rendered":"https:\/\/ekaltech.pl\/?page_id=74134"},"modified":"2024-06-04T12:33:54","modified_gmt":"2024-06-04T10:33:54","slug":"stanowiska-laboratoryjne","status":"publish","type":"page","link":"https:\/\/ekaltech.pl\/index.php\/stanowiska-laboratoryjne\/","title":{"rendered":"Stanowiska laboratoryjne"},"content":{"rendered":"\t\t<div data-elementor-type=\"wp-page\" data-elementor-id=\"74134\" class=\"elementor elementor-74134\">\n\t\t\t\t\t\t<section class=\"elementor-section elementor-top-section elementor-element elementor-element-2f5cba7 elementor-section-stretched elementor-section-boxed elementor-section-height-default elementor-section-height-default\" data-id=\"2f5cba7\" data-element_type=\"section\" data-e-type=\"section\" data-settings=\"{&quot;stretch_section&quot;:&quot;section-stretched&quot;}\">\n\t\t\t\t\t\t<div class=\"elementor-container elementor-column-gap-default\">\n\t\t\t\t\t<div class=\"elementor-column elementor-col-100 elementor-top-column elementor-element elementor-element-5f22a6b\" data-id=\"5f22a6b\" data-element_type=\"column\" data-e-type=\"column\">\n\t\t\t<div class=\"elementor-widget-wrap elementor-element-populated\">\n\t\t\t\t\t\t<section class=\"elementor-section elementor-inner-section elementor-element elementor-element-fe35db1 elementor-section-full_width elementor-section-height-min-height elementor-section-height-default\" data-id=\"fe35db1\" data-element_type=\"section\" data-e-type=\"section\">\n\t\t\t\t\t\t<div class=\"elementor-container elementor-column-gap-default\">\n\t\t\t\t\t<div class=\"elementor-column elementor-col-100 elementor-inner-column elementor-element elementor-element-e7a48a8\" data-id=\"e7a48a8\" data-element_type=\"column\" data-e-type=\"column\">\n\t\t\t<div class=\"elementor-widget-wrap elementor-element-populated\">\n\t\t\t\t\t\t<div class=\"elementor-element elementor-element-8ec1132 elementor-widget elementor-widget-html\" data-id=\"8ec1132\" data-element_type=\"widget\" data-e-type=\"widget\" data-widget_type=\"html.default\">\n\t\t\t\t<div class=\"elementor-widget-container\">\n\t\t\t\t\t<b>Mobilne stanowisko laboratoryjne do bada\u0144 drzwi i okien - cykle huraganowe<\/b>\t\t\t\t<\/div>\n\t\t\t\t<\/div>\n\t\t\t\t<div class=\"elementor-element elementor-element-7dc32a2 elementor-arrows-position-inside elementor-pagination-position-outside elementor-widget elementor-widget-image-carousel\" data-id=\"7dc32a2\" data-element_type=\"widget\" data-e-type=\"widget\" data-settings=\"{&quot;slides_to_show&quot;:&quot;1&quot;,&quot;navigation&quot;:&quot;both&quot;,&quot;autoplay&quot;:&quot;yes&quot;,&quot;pause_on_hover&quot;:&quot;yes&quot;,&quot;pause_on_interaction&quot;:&quot;yes&quot;,&quot;autoplay_speed&quot;:5000,&quot;infinite&quot;:&quot;yes&quot;,&quot;effect&quot;:&quot;slide&quot;,&quot;speed&quot;:500}\" data-widget_type=\"image-carousel.default\">\n\t\t\t\t<div class=\"elementor-widget-container\">\n\t\t\t\t\t\t\t<div class=\"elementor-image-carousel-wrapper swiper\" role=\"region\" aria-roledescription=\"carousel\" aria-label=\"Karuzela obrazk\u00f3w\" dir=\"ltr\">\n\t\t\t<div class=\"elementor-image-carousel swiper-wrapper\" aria-live=\"off\">\n\t\t\t\t\t\t\t\t<div class=\"swiper-slide\" role=\"group\" aria-roledescription=\"slide\" aria-label=\"1 z 4\"><figure class=\"swiper-slide-inner\"><img decoding=\"async\" class=\"swiper-slide-image\" src=\"https:\/\/ekaltech.pl\/wp-content\/uploads\/2024\/05\/20240510_115148-1024x577.jpg\" alt=\"Podstawowa wersja stanowiska\" \/><\/figure><\/div><div class=\"swiper-slide\" role=\"group\" aria-roledescription=\"slide\" aria-label=\"2 z 4\"><figure class=\"swiper-slide-inner\"><img decoding=\"async\" class=\"swiper-slide-image\" src=\"https:\/\/ekaltech.pl\/wp-content\/uploads\/2024\/05\/20240510_115211-1024x577.jpg\" alt=\"Rozszerzona cz\u0119\u015b\u0107 stanowiska\" \/><\/figure><\/div><div class=\"swiper-slide\" role=\"group\" aria-roledescription=\"slide\" aria-label=\"3 z 4\"><figure class=\"swiper-slide-inner\"><img decoding=\"async\" class=\"swiper-slide-image\" src=\"https:\/\/ekaltech.pl\/wp-content\/uploads\/2024\/05\/20240510_115221-1024x577.jpg\" alt=\"P\u0142yta monta\u017cowa w podstawowej wersji stanowiska\" \/><\/figure><\/div><div class=\"swiper-slide\" role=\"group\" aria-roledescription=\"slide\" aria-label=\"4 z 4\"><figure class=\"swiper-slide-inner\"><img decoding=\"async\" class=\"swiper-slide-image\" src=\"https:\/\/ekaltech.pl\/wp-content\/uploads\/2024\/05\/20240510_115239-1024x577.jpg\" alt=\"Widok uwzgl\u0119dniaj\u0105cy panel HMI umieszczony na podstawowej wersji stanowiska\" \/><\/figure><\/div>\t\t\t<\/div>\n\t\t\t\t\t\t\t\t\t\t\t\t<div class=\"elementor-swiper-button elementor-swiper-button-prev\" role=\"button\" tabindex=\"0\">\n\t\t\t\t\t\t<i aria-hidden=\"true\" class=\"eicon-chevron-left\"><\/i>\t\t\t\t\t<\/div>\n\t\t\t\t\t<div class=\"elementor-swiper-button elementor-swiper-button-next\" role=\"button\" tabindex=\"0\">\n\t\t\t\t\t\t<i aria-hidden=\"true\" class=\"eicon-chevron-right\"><\/i>\t\t\t\t\t<\/div>\n\t\t\t\t\n\t\t\t\t\t\t\t\t\t<div class=\"swiper-pagination\"><\/div>\n\t\t\t\t\t\t\t\t\t<\/div>\n\t\t\t\t\t\t<\/div>\n\t\t\t\t<\/div>\n\t\t\t\t<div class=\"elementor-element elementor-element-81f64ae elementor-widget__width-initial elementor-widget elementor-widget-html\" data-id=\"81f64ae\" data-element_type=\"widget\" data-e-type=\"widget\" data-widget_type=\"html.default\">\n\t\t\t\t<div class=\"elementor-widget-container\">\n\t\t\t\t\t<ul>Stanowisko jest rozszerzeniem wcze\u015bniej opracowanego uk\u0142adu do badania okien i drzwi (przepuszczalno\u015b\u0107 powietrza, wodoszczelno\u015b\u0107, obci\u0105\u017cenie wiatrem) o cykle huraganowe. W celu uzyskania odpowiednej warto\u015bci ci\u015bnienia badawczego uk\u0142ad zosta\u0142 rozbudowany o dodatkow\u0105 pomp\u0119 Elektror z silnikiem indukcyjnym 7.5 kW. \n\t\t\t<ul><\/ul>\n\t\t\t\t\n\t\n             Stanowisko jest wykonane w spos\u00f3b modu\u0142owy. Ka\u017cda z pomp znajduje si\u0119 w odzielnej mobilnej cz\u0119\u015bci stanowiska. Pierwszy z modu\u0142\u00f3w stanowi odwzorowanie podstawowej wersji uk\u0142adu i jest autonomiczny. Taki spos\u00f3b wykonania zapewnia pe\u0142n\u0105 funkcjonalno\u015b\u0107 zgodn\u0105 z podstawow\u0105 wersj\u0105 i do\u0142\u0105czenie drugiego modu\u0142u tylko, gdy wymagane jest przeprowadzenie cykli huraganowych.  <\/p>\n            \n             Drugi modu\u0142 wyposa\u017cony jest w pomp\u0119, falownik ni\u0105 steruj\u0105cy oraz oddzielne zasilanie. Po\u0142\u0105czenie pomi\u0119dzy stanowiskami wykonywane jest za pomoc\u0105 dw\u00f3ch kabli. Sterowanie falownikiem umieszonym w module drugim obdywa si\u0119 za pomoc\u0105 panelu operatorskiego HMI umieszczonego na na module pierwszym.  <\/p>\n             W tym przypadku r\u00f3wnie\u017c na p\u0142ycie sterowniczej umieszczono komputer kompaktowy, z odpowiednimi wyprowadzeniami, kt\u00f3ry umo\u017cliwia zdalne po\u0142\u0105czenie ze stanowiskiem oraz komfortowe u\u017cytkowanie. <\/p>\n             Nowa wersja stanowiska, poza mo\u017cliwo\u015bci\u0105 przeprowadzenia dodatkowych bada\u0144 jest r\u00f3wnie\u017c znacznie mobilniejsza, ze wzgl\u0119du na zmiany konstrukcyjne. Ca\u0142o\u015b\u0107 jest l\u017cejsza i ni\u017csza. Dodatkowo, panel HMI podnoszony na si\u0142ownikach zapewnia wygodne sterowanie i parametryzacj\u0119 prowadzonych bada\u0144. \t\t\t\t<\/div>\n\t\t\t\t<\/div>\n\t\t\t\t\t<\/div>\n\t\t<\/div>\n\t\t\t\t\t<\/div>\n\t\t<\/section>\n\t\t\t\t\t<\/div>\n\t\t<\/div>\n\t\t\t\t\t<\/div>\n\t\t<\/section>\n\t\t\t\t<section class=\"elementor-section elementor-top-section elementor-element elementor-element-09ecfea elementor-section-stretched elementor-section-boxed elementor-section-height-default elementor-section-height-default\" data-id=\"09ecfea\" data-element_type=\"section\" data-e-type=\"section\" data-settings=\"{&quot;stretch_section&quot;:&quot;section-stretched&quot;,&quot;background_background&quot;:&quot;classic&quot;}\">\n\t\t\t\t\t\t<div class=\"elementor-container elementor-column-gap-default\">\n\t\t\t\t\t<div class=\"elementor-column elementor-col-100 elementor-top-column elementor-element elementor-element-1efe188\" data-id=\"1efe188\" data-element_type=\"column\" data-e-type=\"column\">\n\t\t\t<div class=\"elementor-widget-wrap elementor-element-populated\">\n\t\t\t\t\t\t<section class=\"elementor-section elementor-inner-section elementor-element elementor-element-8bdbdd3 elementor-section-full_width elementor-section-height-min-height elementor-section-height-default\" data-id=\"8bdbdd3\" data-element_type=\"section\" data-e-type=\"section\">\n\t\t\t\t\t\t<div class=\"elementor-container elementor-column-gap-default\">\n\t\t\t\t\t<div class=\"elementor-column elementor-col-100 elementor-inner-column elementor-element elementor-element-0b7e6f3\" data-id=\"0b7e6f3\" data-element_type=\"column\" data-e-type=\"column\">\n\t\t\t<div class=\"elementor-widget-wrap elementor-element-populated\">\n\t\t\t\t\t\t<div class=\"elementor-element elementor-element-aa84fa5 elementor-widget elementor-widget-html\" data-id=\"aa84fa5\" data-element_type=\"widget\" data-e-type=\"widget\" data-widget_type=\"html.default\">\n\t\t\t\t<div class=\"elementor-widget-container\">\n\t\t\t\t\t<b>Mobilne stanowisko laboratoryjne do bada\u0144 drzwi i okien<\/b>\t\t\t\t<\/div>\n\t\t\t\t<\/div>\n\t\t\t\t<div class=\"elementor-element elementor-element-21b45d0 elementor-arrows-position-inside elementor-pagination-position-outside elementor-widget elementor-widget-image-carousel\" data-id=\"21b45d0\" data-element_type=\"widget\" data-e-type=\"widget\" data-settings=\"{&quot;slides_to_show&quot;:&quot;1&quot;,&quot;navigation&quot;:&quot;both&quot;,&quot;autoplay&quot;:&quot;yes&quot;,&quot;pause_on_hover&quot;:&quot;yes&quot;,&quot;pause_on_interaction&quot;:&quot;yes&quot;,&quot;autoplay_speed&quot;:5000,&quot;infinite&quot;:&quot;yes&quot;,&quot;effect&quot;:&quot;slide&quot;,&quot;speed&quot;:500}\" data-widget_type=\"image-carousel.default\">\n\t\t\t\t<div class=\"elementor-widget-container\">\n\t\t\t\t\t\t\t<div class=\"elementor-image-carousel-wrapper swiper\" role=\"region\" aria-roledescription=\"carousel\" aria-label=\"Karuzela obrazk\u00f3w\" dir=\"ltr\">\n\t\t\t<div class=\"elementor-image-carousel swiper-wrapper\" aria-live=\"off\">\n\t\t\t\t\t\t\t\t<div class=\"swiper-slide\" role=\"group\" aria-roledescription=\"slide\" aria-label=\"1 z 5\"><figure class=\"swiper-slide-inner\"><img decoding=\"async\" class=\"swiper-slide-image\" src=\"https:\/\/ekaltech.pl\/wp-content\/uploads\/2022\/07\/strona_1_2.jpg\" alt=\"strona_1_2\" \/><\/figure><\/div><div class=\"swiper-slide\" role=\"group\" aria-roledescription=\"slide\" aria-label=\"2 z 5\"><figure class=\"swiper-slide-inner\"><img decoding=\"async\" class=\"swiper-slide-image\" src=\"https:\/\/ekaltech.pl\/wp-content\/uploads\/2022\/07\/strona_2_2.jpg\" alt=\"strona_2_2\" \/><\/figure><\/div><div class=\"swiper-slide\" role=\"group\" aria-roledescription=\"slide\" aria-label=\"3 z 5\"><figure class=\"swiper-slide-inner\"><img decoding=\"async\" class=\"swiper-slide-image\" src=\"https:\/\/ekaltech.pl\/wp-content\/uploads\/2022\/07\/strona_3-1024x574.png\" alt=\"strona_3\" \/><\/figure><\/div><div class=\"swiper-slide\" role=\"group\" aria-roledescription=\"slide\" aria-label=\"4 z 5\"><figure class=\"swiper-slide-inner\"><img decoding=\"async\" class=\"swiper-slide-image\" src=\"https:\/\/ekaltech.pl\/wp-content\/uploads\/2022\/07\/strona_4-1024x571.png\" alt=\"strona_4\" \/><\/figure><\/div><div class=\"swiper-slide\" role=\"group\" aria-roledescription=\"slide\" aria-label=\"5 z 5\"><figure class=\"swiper-slide-inner\"><img decoding=\"async\" class=\"swiper-slide-image\" src=\"https:\/\/ekaltech.pl\/wp-content\/uploads\/2022\/07\/strona_5-1024x575.png\" alt=\"strona_5\" \/><\/figure><\/div>\t\t\t<\/div>\n\t\t\t\t\t\t\t\t\t\t\t\t<div class=\"elementor-swiper-button elementor-swiper-button-prev\" role=\"button\" tabindex=\"0\">\n\t\t\t\t\t\t<i aria-hidden=\"true\" class=\"eicon-chevron-left\"><\/i>\t\t\t\t\t<\/div>\n\t\t\t\t\t<div class=\"elementor-swiper-button elementor-swiper-button-next\" role=\"button\" tabindex=\"0\">\n\t\t\t\t\t\t<i aria-hidden=\"true\" class=\"eicon-chevron-right\"><\/i>\t\t\t\t\t<\/div>\n\t\t\t\t\n\t\t\t\t\t\t\t\t\t<div class=\"swiper-pagination\"><\/div>\n\t\t\t\t\t\t\t\t\t<\/div>\n\t\t\t\t\t\t<\/div>\n\t\t\t\t<\/div>\n\t\t\t\t<div class=\"elementor-element elementor-element-fe4708e elementor-widget elementor-widget-html\" data-id=\"fe4708e\" data-element_type=\"widget\" data-e-type=\"widget\" data-widget_type=\"html.default\">\n\t\t\t\t<div class=\"elementor-widget-container\">\n\t\t\t\t\t<ul><\/ul>Stanowisko umo\u017cliwia prowadzenie test\u00f3w i kontroli drzwi oraz okien pod k\u0105tem:\n\t\t\t\t<ul> \n\t\t\t\t\t<li>\tprzepuszczalno\u015bci powietrza,<\/li>\n\t\t\t\t\t<li>\twodoszczelno\u015bci,<\/li>\n\t\t\t\t\t<li>\tobci\u0105\u017cenia wiatrem.<\/li>\n\t\t\t\t\n              Wszystkie elementy niezb\u0119dne do prowadzenia pomiar\u00f3w umieszczone s\u0105 w szafie sterowniczej na ko\u0142ach, co zapewnia mobilno\u015b\u0107. W szafie sterowniczej znajduje si\u0119 pompa Elektror z silnikiem indukcyjnym 7.5 kW, odpowiedzialna za wytwarzanie ci\u015bnienia podczas bada\u0144. Dok\u0142adn\u0105 regulacj\u0119 obrot\u00f3w zapewnia przemiennik cz\u0119stotliwo\u015bci ABB ACS580. W szafie sterowniczej zamontowane s\u0105 r\u00f3wnie\u017c niezb\u0119dne czujniki, w tym ci\u015bnienia, przep\u0142ywu oraz temperatury. Pomiar ci\u015bnienia odbywa si\u0119 za pomoc\u0105 przetwornik\u00f3w o r\u00f3\u017cnych zakresach, co minimalizuje b\u0142\u0105d pomiarowy. Sterowanie zrealizowane jest na urz\u0105dzeniach Beckhoff. <\/p>\n              Panel operatorski:<\/p>\n              Na drzwiach szafy sterowniczej umieszczono panel dotykowy Beckhoff CP2616, kt\u00f3ra umo\u017cliwia u\u017cytkownikowi obs\u0142ug\u0119 stanowiska. Wizualizacja wykonana do stanowiska umo\u017cliwia prowadzenie bada\u0144 z parametrami wprowadzonymi przez u\u017cytkownika lub wczytanymi z pliku.  Na panelu wy\u015bwietlane s\u0105 wszystkie istotne warto\u015bci podczas badania. Z poziomu wizualizacji mo\u017cna r\u00f3wnie\u017c uruchomi\u0107 pogram podsumowuj\u0105cy uzyskane wyniki oraz klasyfikuj\u0105cy je zgodnie z norm\u0105 klasyfikacyjn\u0105 EN 12207. Pod panelem operatorskim znajduje si\u0119 gniazdo USB, kt\u00f3re umo\u017cliwia pod\u0142\u0105czenie do niego myszki wraz z klawiatur\u0105.<\/p>\n              Komputer umo\u017cliwiaj\u0105cy zdalne po\u0142\u0105czenie:<\/p>\n              Na p\u0142ycie sterowniczej umieszczono komputer MSI, kt\u00f3ry umo\u017cliwia zdalne po\u0142\u0105czenie ze stanowiskiem. Istotne gniazda komputera, takie jak USB, HDMI, Ethernet zosta\u0142y wyprowadzone na \u015bciany boczne stanowiska, aby zapewni\u0107 wygodne korzystanie z komputera przez u\u017cytkownika. Na komputerze znajduje si\u0119 r\u00f3wnie\u017c aplikacja podsumowuj\u0105ca i klasyfikuj\u0105ca wyniki w wersji na PC. Wizualizacja wykonana jest w trzech j\u0119zykach: polskim, angielskim i bo\u015bniackim.<\/p>\n              Pozosta\u0142e panele:<\/p>\n              Poza g\u0142\u00f3wnym panelem sterowniczym na drzwiach stanowiska umieszczono panel umo\u017cliwiaj\u0105cy sterowanie przemiennikiem cz\u0119stotliwo\u015bci ABB. Pozwala to na uruchamianie silnika pompy w formie testowej. Obok umieszczono rejestrator danych MultiCon CMC-99 wy\u015bwietlaj\u0105cy przep\u0142yw, ci\u015bnienie oraz temperatur\u0119. <\/p>\t\t\t\t<\/div>\n\t\t\t\t<\/div>\n\t\t\t\t\t<\/div>\n\t\t<\/div>\n\t\t\t\t\t<\/div>\n\t\t<\/section>\n\t\t\t\t\t<\/div>\n\t\t<\/div>\n\t\t\t\t\t<\/div>\n\t\t<\/section>\n\t\t\t\t<\/div>\n\t\t","protected":false},"excerpt":{"rendered":"<p>Mobilne stanowisko laboratoryjne do bada\u0144 drzwi i okien &#8211; cykle huraganowe Stanowisko jest rozszerzeniem wcze\u015bniej opracowanego uk\u0142adu do badania okien i drzwi (przepuszczalno\u015b\u0107 powietrza, wodoszczelno\u015b\u0107, obci\u0105\u017cenie wiatrem) o cykle huraganowe. W celu uzyskania odpowiednej warto\u015bci ci\u015bnienia badawczego uk\u0142ad zosta\u0142 rozbudowany o dodatkow\u0105 pomp\u0119 Elektror z silnikiem indukcyjnym 7.5 kW. Stanowisko jest wykonane w spos\u00f3b modu\u0142owy. [&hellip;]<\/p>\n","protected":false},"author":1,"featured_media":0,"parent":0,"menu_order":0,"comment_status":"closed","ping_status":"closed","template":"","meta":{"footnotes":""},"class_list":["post-74134","page","type-page","status-publish","hentry"],"yoast_head":"<!-- This site is optimized with the Yoast SEO plugin v27.3 - https:\/\/yoast.com\/product\/yoast-seo-wordpress\/ -->\r\n<title>Stanowiska laboratoryjne - Ekaltech Biuro In\u017cynierii Systemowej<\/title>\r\n<meta name=\"robots\" content=\"index, follow, max-snippet:-1, max-image-preview:large, max-video-preview:-1\" \/>\r\n<link rel=\"canonical\" href=\"https:\/\/ekaltech.pl\/index.php\/stanowiska-laboratoryjne\/\" \/>\r\n<meta property=\"og:locale\" content=\"pl_PL\" \/>\r\n<meta property=\"og:type\" content=\"article\" \/>\r\n<meta property=\"og:title\" content=\"Stanowiska laboratoryjne - Ekaltech Biuro In\u017cynierii Systemowej\" \/>\r\n<meta property=\"og:description\" content=\"Mobilne stanowisko laboratoryjne do bada\u0144 drzwi i okien &#8211; cykle huraganowe Stanowisko jest rozszerzeniem wcze\u015bniej opracowanego uk\u0142adu do badania okien i drzwi (przepuszczalno\u015b\u0107 powietrza, wodoszczelno\u015b\u0107, obci\u0105\u017cenie wiatrem) o cykle huraganowe. W celu uzyskania odpowiednej warto\u015bci ci\u015bnienia badawczego uk\u0142ad zosta\u0142 rozbudowany o dodatkow\u0105 pomp\u0119 Elektror z silnikiem indukcyjnym 7.5 kW. Stanowisko jest wykonane w spos\u00f3b modu\u0142owy. [&hellip;]\" \/>\r\n<meta property=\"og:url\" content=\"https:\/\/ekaltech.pl\/index.php\/stanowiska-laboratoryjne\/\" \/>\r\n<meta property=\"og:site_name\" content=\"Ekaltech Biuro In\u017cynierii Systemowej\" \/>\r\n<meta property=\"article:modified_time\" content=\"2024-06-04T10:33:54+00:00\" \/>\r\n<meta property=\"og:image\" content=\"https:\/\/ekaltech.pl\/wp-content\/uploads\/2024\/05\/20240510_115148-1024x577.jpg\" \/>\r\n<meta name=\"twitter:card\" content=\"summary_large_image\" \/>\r\n<meta name=\"twitter:label1\" content=\"Szacowany czas czytania\" \/>\n\t<meta name=\"twitter:data1\" content=\"6 minut\" \/>\r\n<script type=\"application\/ld+json\" class=\"yoast-schema-graph\">{\"@context\":\"https:\\\/\\\/schema.org\",\"@graph\":[{\"@type\":\"WebPage\",\"@id\":\"https:\\\/\\\/ekaltech.pl\\\/index.php\\\/stanowiska-laboratoryjne\\\/\",\"url\":\"https:\\\/\\\/ekaltech.pl\\\/index.php\\\/stanowiska-laboratoryjne\\\/\",\"name\":\"Stanowiska laboratoryjne - Ekaltech Biuro In\u017cynierii Systemowej\",\"isPartOf\":{\"@id\":\"https:\\\/\\\/ekaltech.pl\\\/#website\"},\"primaryImageOfPage\":{\"@id\":\"https:\\\/\\\/ekaltech.pl\\\/index.php\\\/stanowiska-laboratoryjne\\\/#primaryimage\"},\"image\":{\"@id\":\"https:\\\/\\\/ekaltech.pl\\\/index.php\\\/stanowiska-laboratoryjne\\\/#primaryimage\"},\"thumbnailUrl\":\"https:\\\/\\\/ekaltech.pl\\\/wp-content\\\/uploads\\\/2024\\\/05\\\/20240510_115148-1024x577.jpg\",\"datePublished\":\"2022-07-29T11:02:17+00:00\",\"dateModified\":\"2024-06-04T10:33:54+00:00\",\"breadcrumb\":{\"@id\":\"https:\\\/\\\/ekaltech.pl\\\/index.php\\\/stanowiska-laboratoryjne\\\/#breadcrumb\"},\"inLanguage\":\"pl-PL\",\"potentialAction\":[{\"@type\":\"ReadAction\",\"target\":[\"https:\\\/\\\/ekaltech.pl\\\/index.php\\\/stanowiska-laboratoryjne\\\/\"]}]},{\"@type\":\"ImageObject\",\"inLanguage\":\"pl-PL\",\"@id\":\"https:\\\/\\\/ekaltech.pl\\\/index.php\\\/stanowiska-laboratoryjne\\\/#primaryimage\",\"url\":\"https:\\\/\\\/ekaltech.pl\\\/wp-content\\\/uploads\\\/2024\\\/05\\\/20240510_115148-scaled.jpg\",\"contentUrl\":\"https:\\\/\\\/ekaltech.pl\\\/wp-content\\\/uploads\\\/2024\\\/05\\\/20240510_115148-scaled.jpg\",\"width\":2560,\"height\":1441,\"caption\":\"Podstawowa wersja stanowiska\"},{\"@type\":\"BreadcrumbList\",\"@id\":\"https:\\\/\\\/ekaltech.pl\\\/index.php\\\/stanowiska-laboratoryjne\\\/#breadcrumb\",\"itemListElement\":[{\"@type\":\"ListItem\",\"position\":1,\"name\":\"Home\",\"item\":\"https:\\\/\\\/ekaltech.pl\\\/\"},{\"@type\":\"ListItem\",\"position\":2,\"name\":\"Stanowiska laboratoryjne\"}]},{\"@type\":\"WebSite\",\"@id\":\"https:\\\/\\\/ekaltech.pl\\\/#website\",\"url\":\"https:\\\/\\\/ekaltech.pl\\\/\",\"name\":\"Ekaltech Biuro In\u017cynierii Systemowej\",\"description\":\"Specjalizujemy si\u0119 w automatyce przemys\u0142owej, automatyce budynkowej, projektowaniu uk\u0142ad\u00f3w sterowania.\",\"publisher\":{\"@id\":\"https:\\\/\\\/ekaltech.pl\\\/#organization\"},\"potentialAction\":[{\"@type\":\"SearchAction\",\"target\":{\"@type\":\"EntryPoint\",\"urlTemplate\":\"https:\\\/\\\/ekaltech.pl\\\/?s={search_term_string}\"},\"query-input\":{\"@type\":\"PropertyValueSpecification\",\"valueRequired\":true,\"valueName\":\"search_term_string\"}}],\"inLanguage\":\"pl-PL\"},{\"@type\":\"Organization\",\"@id\":\"https:\\\/\\\/ekaltech.pl\\\/#organization\",\"name\":\"Ekaltech Biuro In\u017cynierii Systemowej\",\"url\":\"https:\\\/\\\/ekaltech.pl\\\/\",\"logo\":{\"@type\":\"ImageObject\",\"inLanguage\":\"pl-PL\",\"@id\":\"https:\\\/\\\/ekaltech.pl\\\/#\\\/schema\\\/logo\\\/image\\\/\",\"url\":\"https:\\\/\\\/ekaltech.pl\\\/wp-content\\\/uploads\\\/2018\\\/02\\\/cropped-EKALTECH-LOGO-1.png\",\"contentUrl\":\"https:\\\/\\\/ekaltech.pl\\\/wp-content\\\/uploads\\\/2018\\\/02\\\/cropped-EKALTECH-LOGO-1.png\",\"width\":332,\"height\":172,\"caption\":\"Ekaltech Biuro In\u017cynierii Systemowej\"},\"image\":{\"@id\":\"https:\\\/\\\/ekaltech.pl\\\/#\\\/schema\\\/logo\\\/image\\\/\"}}]}<\/script>\r\n<!-- \/ Yoast SEO plugin. -->","yoast_head_json":{"title":"Stanowiska laboratoryjne - Ekaltech Biuro In\u017cynierii Systemowej","robots":{"index":"index","follow":"follow","max-snippet":"max-snippet:-1","max-image-preview":"max-image-preview:large","max-video-preview":"max-video-preview:-1"},"canonical":"https:\/\/ekaltech.pl\/index.php\/stanowiska-laboratoryjne\/","og_locale":"pl_PL","og_type":"article","og_title":"Stanowiska laboratoryjne - Ekaltech Biuro In\u017cynierii Systemowej","og_description":"Mobilne stanowisko laboratoryjne do bada\u0144 drzwi i okien &#8211; cykle huraganowe Stanowisko jest rozszerzeniem wcze\u015bniej opracowanego uk\u0142adu do badania okien i drzwi (przepuszczalno\u015b\u0107 powietrza, wodoszczelno\u015b\u0107, obci\u0105\u017cenie wiatrem) o cykle huraganowe. W celu uzyskania odpowiednej warto\u015bci ci\u015bnienia badawczego uk\u0142ad zosta\u0142 rozbudowany o dodatkow\u0105 pomp\u0119 Elektror z silnikiem indukcyjnym 7.5 kW. Stanowisko jest wykonane w spos\u00f3b modu\u0142owy. [&hellip;]","og_url":"https:\/\/ekaltech.pl\/index.php\/stanowiska-laboratoryjne\/","og_site_name":"Ekaltech Biuro In\u017cynierii Systemowej","article_modified_time":"2024-06-04T10:33:54+00:00","og_image":[{"url":"https:\/\/ekaltech.pl\/wp-content\/uploads\/2024\/05\/20240510_115148-1024x577.jpg","type":"","width":"","height":""}],"twitter_card":"summary_large_image","twitter_misc":{"Szacowany czas czytania":"6 minut"},"schema":{"@context":"https:\/\/schema.org","@graph":[{"@type":"WebPage","@id":"https:\/\/ekaltech.pl\/index.php\/stanowiska-laboratoryjne\/","url":"https:\/\/ekaltech.pl\/index.php\/stanowiska-laboratoryjne\/","name":"Stanowiska laboratoryjne - Ekaltech Biuro In\u017cynierii Systemowej","isPartOf":{"@id":"https:\/\/ekaltech.pl\/#website"},"primaryImageOfPage":{"@id":"https:\/\/ekaltech.pl\/index.php\/stanowiska-laboratoryjne\/#primaryimage"},"image":{"@id":"https:\/\/ekaltech.pl\/index.php\/stanowiska-laboratoryjne\/#primaryimage"},"thumbnailUrl":"https:\/\/ekaltech.pl\/wp-content\/uploads\/2024\/05\/20240510_115148-1024x577.jpg","datePublished":"2022-07-29T11:02:17+00:00","dateModified":"2024-06-04T10:33:54+00:00","breadcrumb":{"@id":"https:\/\/ekaltech.pl\/index.php\/stanowiska-laboratoryjne\/#breadcrumb"},"inLanguage":"pl-PL","potentialAction":[{"@type":"ReadAction","target":["https:\/\/ekaltech.pl\/index.php\/stanowiska-laboratoryjne\/"]}]},{"@type":"ImageObject","inLanguage":"pl-PL","@id":"https:\/\/ekaltech.pl\/index.php\/stanowiska-laboratoryjne\/#primaryimage","url":"https:\/\/ekaltech.pl\/wp-content\/uploads\/2024\/05\/20240510_115148-scaled.jpg","contentUrl":"https:\/\/ekaltech.pl\/wp-content\/uploads\/2024\/05\/20240510_115148-scaled.jpg","width":2560,"height":1441,"caption":"Podstawowa wersja stanowiska"},{"@type":"BreadcrumbList","@id":"https:\/\/ekaltech.pl\/index.php\/stanowiska-laboratoryjne\/#breadcrumb","itemListElement":[{"@type":"ListItem","position":1,"name":"Home","item":"https:\/\/ekaltech.pl\/"},{"@type":"ListItem","position":2,"name":"Stanowiska laboratoryjne"}]},{"@type":"WebSite","@id":"https:\/\/ekaltech.pl\/#website","url":"https:\/\/ekaltech.pl\/","name":"Ekaltech Biuro In\u017cynierii Systemowej","description":"Specjalizujemy si\u0119 w automatyce przemys\u0142owej, automatyce budynkowej, projektowaniu uk\u0142ad\u00f3w sterowania.","publisher":{"@id":"https:\/\/ekaltech.pl\/#organization"},"potentialAction":[{"@type":"SearchAction","target":{"@type":"EntryPoint","urlTemplate":"https:\/\/ekaltech.pl\/?s={search_term_string}"},"query-input":{"@type":"PropertyValueSpecification","valueRequired":true,"valueName":"search_term_string"}}],"inLanguage":"pl-PL"},{"@type":"Organization","@id":"https:\/\/ekaltech.pl\/#organization","name":"Ekaltech Biuro In\u017cynierii Systemowej","url":"https:\/\/ekaltech.pl\/","logo":{"@type":"ImageObject","inLanguage":"pl-PL","@id":"https:\/\/ekaltech.pl\/#\/schema\/logo\/image\/","url":"https:\/\/ekaltech.pl\/wp-content\/uploads\/2018\/02\/cropped-EKALTECH-LOGO-1.png","contentUrl":"https:\/\/ekaltech.pl\/wp-content\/uploads\/2018\/02\/cropped-EKALTECH-LOGO-1.png","width":332,"height":172,"caption":"Ekaltech Biuro In\u017cynierii Systemowej"},"image":{"@id":"https:\/\/ekaltech.pl\/#\/schema\/logo\/image\/"}}]}},"_links":{"self":[{"href":"https:\/\/ekaltech.pl\/index.php\/wp-json\/wp\/v2\/pages\/74134","targetHints":{"allow":["GET"]}}],"collection":[{"href":"https:\/\/ekaltech.pl\/index.php\/wp-json\/wp\/v2\/pages"}],"about":[{"href":"https:\/\/ekaltech.pl\/index.php\/wp-json\/wp\/v2\/types\/page"}],"author":[{"embeddable":true,"href":"https:\/\/ekaltech.pl\/index.php\/wp-json\/wp\/v2\/users\/1"}],"replies":[{"embeddable":true,"href":"https:\/\/ekaltech.pl\/index.php\/wp-json\/wp\/v2\/comments?post=74134"}],"version-history":[{"count":26,"href":"https:\/\/ekaltech.pl\/index.php\/wp-json\/wp\/v2\/pages\/74134\/revisions"}],"predecessor-version":[{"id":74368,"href":"https:\/\/ekaltech.pl\/index.php\/wp-json\/wp\/v2\/pages\/74134\/revisions\/74368"}],"wp:attachment":[{"href":"https:\/\/ekaltech.pl\/index.php\/wp-json\/wp\/v2\/media?parent=74134"}],"curies":[{"name":"wp","href":"https:\/\/api.w.org\/{rel}","templated":true}]}}