{"id":74033,"date":"2022-01-21T14:52:28","date_gmt":"2022-01-21T13:52:28","guid":{"rendered":"https:\/\/ekaltech.pl\/?page_id=74033"},"modified":"2022-01-21T15:02:23","modified_gmt":"2022-01-21T14:02:23","slug":"automatyka-budynkowa","status":"publish","type":"page","link":"https:\/\/ekaltech.pl\/index.php\/automatyka-budynkowa\/","title":{"rendered":"Automatyka Budynkowa"},"content":{"rendered":"\t\t<div data-elementor-type=\"wp-page\" data-elementor-id=\"74033\" class=\"elementor elementor-74033\">\n\t\t\t\t\t\t<section class=\"elementor-section elementor-top-section elementor-element elementor-element-38b41f08 elementor-section-stretched elementor-section-boxed elementor-section-height-default elementor-section-height-default\" data-id=\"38b41f08\" data-element_type=\"section\" data-e-type=\"section\" data-settings=\"{&quot;stretch_section&quot;:&quot;section-stretched&quot;,&quot;background_background&quot;:&quot;classic&quot;}\">\n\t\t\t\t\t\t<div class=\"elementor-container elementor-column-gap-default\">\n\t\t\t\t\t<div class=\"elementor-column elementor-col-100 elementor-top-column elementor-element elementor-element-5f2934a4\" data-id=\"5f2934a4\" data-element_type=\"column\" data-e-type=\"column\">\n\t\t\t<div class=\"elementor-widget-wrap elementor-element-populated\">\n\t\t\t\t\t\t<section class=\"elementor-section elementor-inner-section elementor-element elementor-element-69dd6b5f elementor-section-full_width elementor-section-height-min-height elementor-section-height-default\" data-id=\"69dd6b5f\" data-element_type=\"section\" data-e-type=\"section\">\n\t\t\t\t\t\t<div class=\"elementor-container elementor-column-gap-default\">\n\t\t\t\t\t<div class=\"elementor-column elementor-col-50 elementor-inner-column elementor-element elementor-element-236230f2\" data-id=\"236230f2\" data-element_type=\"column\" data-e-type=\"column\">\n\t\t\t<div class=\"elementor-widget-wrap elementor-element-populated\">\n\t\t\t\t\t\t<div class=\"elementor-element elementor-element-1169af19 elementor-widget elementor-widget-html\" data-id=\"1169af19\" data-element_type=\"widget\" data-e-type=\"widget\" data-widget_type=\"html.default\">\n\t\t\t\t<div class=\"elementor-widget-container\">\n\t\t\t\t\t BMS Sadk\u00f3w\t\t\t\t<\/div>\n\t\t\t\t<\/div>\n\t\t\t\t\t<\/div>\n\t\t<\/div>\n\t\t\t\t<div class=\"elementor-column elementor-col-50 elementor-inner-column elementor-element elementor-element-18018f4a\" data-id=\"18018f4a\" data-element_type=\"column\" data-e-type=\"column\">\n\t\t\t<div class=\"elementor-widget-wrap elementor-element-populated\">\n\t\t\t\t\t\t<div class=\"elementor-element elementor-element-47d3cf7c elementor-widget elementor-widget-html\" data-id=\"47d3cf7c\" data-element_type=\"widget\" data-e-type=\"widget\" data-widget_type=\"html.default\">\n\t\t\t\t<div class=\"elementor-widget-container\">\n\t\t\t\t\tBMS Sadk\u00f3w\t\t\t\t<\/div>\n\t\t\t\t<\/div>\n\t\t\t\t<div class=\"elementor-element elementor-element-2d900db elementor-arrows-position-inside elementor-pagination-position-outside elementor-widget elementor-widget-image-carousel\" data-id=\"2d900db\" data-element_type=\"widget\" data-e-type=\"widget\" data-settings=\"{&quot;slides_to_show&quot;:&quot;1&quot;,&quot;navigation&quot;:&quot;both&quot;,&quot;autoplay&quot;:&quot;yes&quot;,&quot;pause_on_hover&quot;:&quot;yes&quot;,&quot;pause_on_interaction&quot;:&quot;yes&quot;,&quot;autoplay_speed&quot;:5000,&quot;infinite&quot;:&quot;yes&quot;,&quot;effect&quot;:&quot;slide&quot;,&quot;speed&quot;:500}\" data-widget_type=\"image-carousel.default\">\n\t\t\t\t<div class=\"elementor-widget-container\">\n\t\t\t\t\t\t\t<div class=\"elementor-image-carousel-wrapper swiper\" role=\"region\" aria-roledescription=\"carousel\" aria-label=\"Karuzela obrazk\u00f3w\" dir=\"ltr\">\n\t\t\t<div class=\"elementor-image-carousel swiper-wrapper\" aria-live=\"off\">\n\t\t\t\t\t\t\t\t<div class=\"swiper-slide\" role=\"group\" aria-roledescription=\"slide\" aria-label=\"1 z 12\"><figure class=\"swiper-slide-inner\"><img decoding=\"async\" class=\"swiper-slide-image\" src=\"https:\/\/ekaltech.pl\/wp-content\/uploads\/2022\/01\/1-1024x576.png\" alt=\"1\" \/><\/figure><\/div><div class=\"swiper-slide\" role=\"group\" aria-roledescription=\"slide\" aria-label=\"2 z 12\"><figure class=\"swiper-slide-inner\"><img decoding=\"async\" class=\"swiper-slide-image\" src=\"https:\/\/ekaltech.pl\/wp-content\/uploads\/2022\/01\/2-1024x576.png\" alt=\"2\" \/><\/figure><\/div><div class=\"swiper-slide\" role=\"group\" aria-roledescription=\"slide\" aria-label=\"3 z 12\"><figure class=\"swiper-slide-inner\"><img decoding=\"async\" class=\"swiper-slide-image\" src=\"https:\/\/ekaltech.pl\/wp-content\/uploads\/2022\/01\/3-1024x576.png\" alt=\"3\" \/><\/figure><\/div><div class=\"swiper-slide\" role=\"group\" aria-roledescription=\"slide\" aria-label=\"4 z 12\"><figure class=\"swiper-slide-inner\"><img decoding=\"async\" class=\"swiper-slide-image\" src=\"https:\/\/ekaltech.pl\/wp-content\/uploads\/2022\/01\/4-1024x576.png\" alt=\"4\" \/><\/figure><\/div><div class=\"swiper-slide\" role=\"group\" aria-roledescription=\"slide\" aria-label=\"5 z 12\"><figure class=\"swiper-slide-inner\"><img decoding=\"async\" class=\"swiper-slide-image\" src=\"https:\/\/ekaltech.pl\/wp-content\/uploads\/2022\/01\/5-1024x576.png\" alt=\"5\" \/><\/figure><\/div><div class=\"swiper-slide\" role=\"group\" aria-roledescription=\"slide\" aria-label=\"6 z 12\"><figure class=\"swiper-slide-inner\"><img decoding=\"async\" class=\"swiper-slide-image\" src=\"https:\/\/ekaltech.pl\/wp-content\/uploads\/2022\/01\/6-1024x576.png\" alt=\"6\" \/><\/figure><\/div><div class=\"swiper-slide\" role=\"group\" aria-roledescription=\"slide\" aria-label=\"7 z 12\"><figure class=\"swiper-slide-inner\"><img decoding=\"async\" class=\"swiper-slide-image\" src=\"https:\/\/ekaltech.pl\/wp-content\/uploads\/2022\/01\/7-1024x576.png\" alt=\"7\" \/><\/figure><\/div><div class=\"swiper-slide\" role=\"group\" aria-roledescription=\"slide\" aria-label=\"8 z 12\"><figure class=\"swiper-slide-inner\"><img decoding=\"async\" class=\"swiper-slide-image\" src=\"https:\/\/ekaltech.pl\/wp-content\/uploads\/2022\/01\/8-1024x576.png\" alt=\"8\" \/><\/figure><\/div><div class=\"swiper-slide\" role=\"group\" aria-roledescription=\"slide\" aria-label=\"9 z 12\"><figure class=\"swiper-slide-inner\"><img decoding=\"async\" class=\"swiper-slide-image\" src=\"https:\/\/ekaltech.pl\/wp-content\/uploads\/2022\/01\/9-1024x576.png\" alt=\"9\" \/><\/figure><\/div><div class=\"swiper-slide\" role=\"group\" aria-roledescription=\"slide\" aria-label=\"10 z 12\"><figure class=\"swiper-slide-inner\"><img decoding=\"async\" class=\"swiper-slide-image\" src=\"https:\/\/ekaltech.pl\/wp-content\/uploads\/2022\/01\/10-1024x576.png\" alt=\"10\" \/><\/figure><\/div><div class=\"swiper-slide\" role=\"group\" aria-roledescription=\"slide\" aria-label=\"11 z 12\"><figure class=\"swiper-slide-inner\"><img decoding=\"async\" class=\"swiper-slide-image\" src=\"https:\/\/ekaltech.pl\/wp-content\/uploads\/2022\/01\/11-1024x576.png\" alt=\"11\" \/><\/figure><\/div><div class=\"swiper-slide\" role=\"group\" aria-roledescription=\"slide\" aria-label=\"12 z 12\"><figure class=\"swiper-slide-inner\"><img decoding=\"async\" class=\"swiper-slide-image\" src=\"https:\/\/ekaltech.pl\/wp-content\/uploads\/2022\/01\/12-1024x576.png\" alt=\"12\" \/><\/figure><\/div>\t\t\t<\/div>\n\t\t\t\t\t\t\t\t\t\t\t\t<div class=\"elementor-swiper-button elementor-swiper-button-prev\" role=\"button\" tabindex=\"0\">\n\t\t\t\t\t\t<i aria-hidden=\"true\" class=\"eicon-chevron-left\"><\/i>\t\t\t\t\t<\/div>\n\t\t\t\t\t<div class=\"elementor-swiper-button elementor-swiper-button-next\" role=\"button\" tabindex=\"0\">\n\t\t\t\t\t\t<i aria-hidden=\"true\" class=\"eicon-chevron-right\"><\/i>\t\t\t\t\t<\/div>\n\t\t\t\t\n\t\t\t\t\t\t\t\t\t<div class=\"swiper-pagination\"><\/div>\n\t\t\t\t\t\t\t\t\t<\/div>\n\t\t\t\t\t\t<\/div>\n\t\t\t\t<\/div>\n\t\t\t\t<div class=\"elementor-element elementor-element-2d9726e1 elementor-widget elementor-widget-html\" data-id=\"2d9726e1\" data-element_type=\"widget\" data-e-type=\"widget\" data-widget_type=\"html.default\">\n\t\t\t\t<div class=\"elementor-widget-container\">\n\t\t\t\t\t<p>Zaprojektowali\u015bmy i wdro\u017cyli\u015bmy system BMS, kt\u00f3ry mia\u0142 na celu monitorowania poprawnej pracy instalacji fotowoltaicznej, instalacji elektrycznej, sterowanie pompom ciep\u0142a oraz centralami wentylacyjnymi. \nW celu monitorowania poprawnej pracy instalacji fotowoltaicznej wdro\u017cony zosta\u0142 System Zarz\u0105dzania Energi\u0105. Umo\u017cliwia on prezentacj\u0119 ON-LINE uzysku energetycznego z Instalacji fotowoltaicznej na pomoc\u0105 komunikacji Modbus TCP\/IP z inwerterami, licznikiem energii i pomp\u0105 ciep\u0142a.\nU\u017cytkownik dosta\u0142 mo\u017cliwo\u015b\u0107 analizowanie i weryfikowanie poprawnego funkcjonowania systemu, dzi\u0119ki wykresom i archiwizacji danych w bazie danych.\nZadania Systemu Zarz\u0105dzania Energi\u0105: \n<ul> \n<li>Wizualizacja stanu ka\u017cdego inwertera w systemie fotowoltaicznym,<\/li>\n<li>Wizualizacja uzysk\u00f3w energetycznych,<\/li>\n<li>Diagnostyka awarii ka\u017cdego inwertera w systemie fotowoltaicznym,<\/li>\n<li>Dost\u0119p przez strony WWW do interfejsu dla wielu operat\u00f3w jednocze\u015bnie,<\/li>\n<li>Przechowywanie danych pomiarowych i statystycznych w zabezpieczonej bazie danych.<\/li>\n<\/ul><\/p>\n\n<\/p>\nModu\u0142y fotowoltaiczne zostan\u0105 podpi\u0119te do inwerter\u00f3w fotowoltaicznych, kt\u00f3re udost\u0119pniaj\u0105 informacje na temat aktualnie produkowanej energii do SZE. Odczyt wszystkich danych zostanie zrealizowany za pomoc\u0105 konwerter\u00f3w magistrali Modbus TCP\/IP. Dzi\u0119ki temu w systemie wizualizacyjnym udost\u0119pnione zosta\u0142y nast\u0119puj\u0105ce parametry: \n<ul> \n<li>Generowane napi\u0119cie, <\/li>\n<li>Generowany pr\u0105d, <\/li>\n<li>Generowana moc.<\/li>\n<\/ul>\n<\/p>\n<p>\nZa pomoc\u0105 systemu BMS mo\u017cna r\u00f3wnie\u017c sterowa\u0107 centralami wentylacyjnymi i pompami ciep\u0142a udost\u0119pniamy dla u\u017cytkownika nast\u0119puj\u0105ce parametry:\n<ul> \n<li>Zarz\u0105dzanie trybem pracy (automatyczny\/manualny),<\/li>\n<li>Zadawanie temperatury,<\/li><\/li>\n<li>Odczyt temperatury,<\/li>\n<li>Odczytywanie informacji o aktualnym stanie urz\u0105dze\u0144, <\/li>\n<li>Ustawianie harmonogram\u00f3w pracy.<\/li>\n<\/ul><\/p>\n\t\t\t\t<\/div>\n\t\t\t\t<\/div>\n\t\t\t\t\t<\/div>\n\t\t<\/div>\n\t\t\t\t\t<\/div>\n\t\t<\/section>\n\t\t\t\t\t<\/div>\n\t\t<\/div>\n\t\t\t\t\t<\/div>\n\t\t<\/section>\n\t\t\t\t<\/div>\n\t\t","protected":false},"excerpt":{"rendered":"<p>BMS Sadk\u00f3w BMS Sadk\u00f3w Poprzednie Nast\u0119pne Zaprojektowali\u015bmy i wdro\u017cyli\u015bmy system BMS, kt\u00f3ry mia\u0142 na celu monitorowania poprawnej pracy instalacji fotowoltaicznej, instalacji elektrycznej, sterowanie pompom ciep\u0142a oraz centralami wentylacyjnymi. W celu monitorowania poprawnej pracy instalacji fotowoltaicznej wdro\u017cony zosta\u0142 System Zarz\u0105dzania Energi\u0105. Umo\u017cliwia on prezentacj\u0119 ON-LINE uzysku energetycznego z Instalacji fotowoltaicznej na pomoc\u0105 komunikacji Modbus TCP\/IP z [&hellip;]<\/p>\n","protected":false},"author":1,"featured_media":0,"parent":0,"menu_order":0,"comment_status":"closed","ping_status":"closed","template":"","meta":{"footnotes":""},"class_list":["post-74033","page","type-page","status-publish","hentry"],"yoast_head":"<!-- This site is optimized with the Yoast SEO plugin v27.3 - https:\/\/yoast.com\/product\/yoast-seo-wordpress\/ -->\r\n<title>Automatyka Budynkowa - Ekaltech Biuro In\u017cynierii Systemowej<\/title>\r\n<meta name=\"robots\" content=\"index, follow, max-snippet:-1, max-image-preview:large, max-video-preview:-1\" \/>\r\n<link rel=\"canonical\" href=\"https:\/\/ekaltech.pl\/index.php\/automatyka-budynkowa\/\" \/>\r\n<meta property=\"og:locale\" content=\"pl_PL\" \/>\r\n<meta property=\"og:type\" content=\"article\" \/>\r\n<meta property=\"og:title\" content=\"Automatyka Budynkowa - Ekaltech Biuro In\u017cynierii Systemowej\" \/>\r\n<meta property=\"og:description\" content=\"BMS Sadk\u00f3w BMS Sadk\u00f3w Poprzednie Nast\u0119pne Zaprojektowali\u015bmy i wdro\u017cyli\u015bmy system BMS, kt\u00f3ry mia\u0142 na celu monitorowania poprawnej pracy instalacji fotowoltaicznej, instalacji elektrycznej, sterowanie pompom ciep\u0142a oraz centralami wentylacyjnymi. W celu monitorowania poprawnej pracy instalacji fotowoltaicznej wdro\u017cony zosta\u0142 System Zarz\u0105dzania Energi\u0105. Umo\u017cliwia on prezentacj\u0119 ON-LINE uzysku energetycznego z Instalacji fotowoltaicznej na pomoc\u0105 komunikacji Modbus TCP\/IP z [&hellip;]\" \/>\r\n<meta property=\"og:url\" content=\"https:\/\/ekaltech.pl\/index.php\/automatyka-budynkowa\/\" \/>\r\n<meta property=\"og:site_name\" content=\"Ekaltech Biuro In\u017cynierii Systemowej\" \/>\r\n<meta property=\"article:modified_time\" content=\"2022-01-21T14:02:23+00:00\" \/>\r\n<meta property=\"og:image\" content=\"https:\/\/ekaltech.pl\/wp-content\/uploads\/2022\/01\/1-1024x576.png\" \/>\r\n<meta name=\"twitter:card\" content=\"summary_large_image\" \/>\r\n<meta name=\"twitter:label1\" content=\"Szacowany czas czytania\" \/>\n\t<meta name=\"twitter:data1\" content=\"4 minuty\" \/>\r\n<script type=\"application\/ld+json\" class=\"yoast-schema-graph\">{\"@context\":\"https:\\\/\\\/schema.org\",\"@graph\":[{\"@type\":\"WebPage\",\"@id\":\"https:\\\/\\\/ekaltech.pl\\\/index.php\\\/automatyka-budynkowa\\\/\",\"url\":\"https:\\\/\\\/ekaltech.pl\\\/index.php\\\/automatyka-budynkowa\\\/\",\"name\":\"Automatyka Budynkowa - Ekaltech Biuro In\u017cynierii Systemowej\",\"isPartOf\":{\"@id\":\"https:\\\/\\\/ekaltech.pl\\\/#website\"},\"primaryImageOfPage\":{\"@id\":\"https:\\\/\\\/ekaltech.pl\\\/index.php\\\/automatyka-budynkowa\\\/#primaryimage\"},\"image\":{\"@id\":\"https:\\\/\\\/ekaltech.pl\\\/index.php\\\/automatyka-budynkowa\\\/#primaryimage\"},\"thumbnailUrl\":\"https:\\\/\\\/ekaltech.pl\\\/wp-content\\\/uploads\\\/2022\\\/01\\\/1-1024x576.png\",\"datePublished\":\"2022-01-21T13:52:28+00:00\",\"dateModified\":\"2022-01-21T14:02:23+00:00\",\"breadcrumb\":{\"@id\":\"https:\\\/\\\/ekaltech.pl\\\/index.php\\\/automatyka-budynkowa\\\/#breadcrumb\"},\"inLanguage\":\"pl-PL\",\"potentialAction\":[{\"@type\":\"ReadAction\",\"target\":[\"https:\\\/\\\/ekaltech.pl\\\/index.php\\\/automatyka-budynkowa\\\/\"]}]},{\"@type\":\"ImageObject\",\"inLanguage\":\"pl-PL\",\"@id\":\"https:\\\/\\\/ekaltech.pl\\\/index.php\\\/automatyka-budynkowa\\\/#primaryimage\",\"url\":\"https:\\\/\\\/ekaltech.pl\\\/wp-content\\\/uploads\\\/2022\\\/01\\\/1.png\",\"contentUrl\":\"https:\\\/\\\/ekaltech.pl\\\/wp-content\\\/uploads\\\/2022\\\/01\\\/1.png\",\"width\":1920,\"height\":1080},{\"@type\":\"BreadcrumbList\",\"@id\":\"https:\\\/\\\/ekaltech.pl\\\/index.php\\\/automatyka-budynkowa\\\/#breadcrumb\",\"itemListElement\":[{\"@type\":\"ListItem\",\"position\":1,\"name\":\"Home\",\"item\":\"https:\\\/\\\/ekaltech.pl\\\/\"},{\"@type\":\"ListItem\",\"position\":2,\"name\":\"Automatyka Budynkowa\"}]},{\"@type\":\"WebSite\",\"@id\":\"https:\\\/\\\/ekaltech.pl\\\/#website\",\"url\":\"https:\\\/\\\/ekaltech.pl\\\/\",\"name\":\"Ekaltech Biuro In\u017cynierii Systemowej\",\"description\":\"Specjalizujemy si\u0119 w automatyce przemys\u0142owej, automatyce budynkowej, projektowaniu uk\u0142ad\u00f3w sterowania.\",\"publisher\":{\"@id\":\"https:\\\/\\\/ekaltech.pl\\\/#organization\"},\"potentialAction\":[{\"@type\":\"SearchAction\",\"target\":{\"@type\":\"EntryPoint\",\"urlTemplate\":\"https:\\\/\\\/ekaltech.pl\\\/?s={search_term_string}\"},\"query-input\":{\"@type\":\"PropertyValueSpecification\",\"valueRequired\":true,\"valueName\":\"search_term_string\"}}],\"inLanguage\":\"pl-PL\"},{\"@type\":\"Organization\",\"@id\":\"https:\\\/\\\/ekaltech.pl\\\/#organization\",\"name\":\"Ekaltech Biuro In\u017cynierii Systemowej\",\"url\":\"https:\\\/\\\/ekaltech.pl\\\/\",\"logo\":{\"@type\":\"ImageObject\",\"inLanguage\":\"pl-PL\",\"@id\":\"https:\\\/\\\/ekaltech.pl\\\/#\\\/schema\\\/logo\\\/image\\\/\",\"url\":\"https:\\\/\\\/ekaltech.pl\\\/wp-content\\\/uploads\\\/2018\\\/02\\\/cropped-EKALTECH-LOGO-1.png\",\"contentUrl\":\"https:\\\/\\\/ekaltech.pl\\\/wp-content\\\/uploads\\\/2018\\\/02\\\/cropped-EKALTECH-LOGO-1.png\",\"width\":332,\"height\":172,\"caption\":\"Ekaltech Biuro In\u017cynierii Systemowej\"},\"image\":{\"@id\":\"https:\\\/\\\/ekaltech.pl\\\/#\\\/schema\\\/logo\\\/image\\\/\"}}]}<\/script>\r\n<!-- \/ Yoast SEO plugin. -->","yoast_head_json":{"title":"Automatyka Budynkowa - Ekaltech Biuro In\u017cynierii Systemowej","robots":{"index":"index","follow":"follow","max-snippet":"max-snippet:-1","max-image-preview":"max-image-preview:large","max-video-preview":"max-video-preview:-1"},"canonical":"https:\/\/ekaltech.pl\/index.php\/automatyka-budynkowa\/","og_locale":"pl_PL","og_type":"article","og_title":"Automatyka Budynkowa - Ekaltech Biuro In\u017cynierii Systemowej","og_description":"BMS Sadk\u00f3w BMS Sadk\u00f3w Poprzednie Nast\u0119pne Zaprojektowali\u015bmy i wdro\u017cyli\u015bmy system BMS, kt\u00f3ry mia\u0142 na celu monitorowania poprawnej pracy instalacji fotowoltaicznej, instalacji elektrycznej, sterowanie pompom ciep\u0142a oraz centralami wentylacyjnymi. W celu monitorowania poprawnej pracy instalacji fotowoltaicznej wdro\u017cony zosta\u0142 System Zarz\u0105dzania Energi\u0105. Umo\u017cliwia on prezentacj\u0119 ON-LINE uzysku energetycznego z Instalacji fotowoltaicznej na pomoc\u0105 komunikacji Modbus TCP\/IP z [&hellip;]","og_url":"https:\/\/ekaltech.pl\/index.php\/automatyka-budynkowa\/","og_site_name":"Ekaltech Biuro In\u017cynierii Systemowej","article_modified_time":"2022-01-21T14:02:23+00:00","og_image":[{"url":"https:\/\/ekaltech.pl\/wp-content\/uploads\/2022\/01\/1-1024x576.png","type":"","width":"","height":""}],"twitter_card":"summary_large_image","twitter_misc":{"Szacowany czas czytania":"4 minuty"},"schema":{"@context":"https:\/\/schema.org","@graph":[{"@type":"WebPage","@id":"https:\/\/ekaltech.pl\/index.php\/automatyka-budynkowa\/","url":"https:\/\/ekaltech.pl\/index.php\/automatyka-budynkowa\/","name":"Automatyka Budynkowa - Ekaltech Biuro In\u017cynierii Systemowej","isPartOf":{"@id":"https:\/\/ekaltech.pl\/#website"},"primaryImageOfPage":{"@id":"https:\/\/ekaltech.pl\/index.php\/automatyka-budynkowa\/#primaryimage"},"image":{"@id":"https:\/\/ekaltech.pl\/index.php\/automatyka-budynkowa\/#primaryimage"},"thumbnailUrl":"https:\/\/ekaltech.pl\/wp-content\/uploads\/2022\/01\/1-1024x576.png","datePublished":"2022-01-21T13:52:28+00:00","dateModified":"2022-01-21T14:02:23+00:00","breadcrumb":{"@id":"https:\/\/ekaltech.pl\/index.php\/automatyka-budynkowa\/#breadcrumb"},"inLanguage":"pl-PL","potentialAction":[{"@type":"ReadAction","target":["https:\/\/ekaltech.pl\/index.php\/automatyka-budynkowa\/"]}]},{"@type":"ImageObject","inLanguage":"pl-PL","@id":"https:\/\/ekaltech.pl\/index.php\/automatyka-budynkowa\/#primaryimage","url":"https:\/\/ekaltech.pl\/wp-content\/uploads\/2022\/01\/1.png","contentUrl":"https:\/\/ekaltech.pl\/wp-content\/uploads\/2022\/01\/1.png","width":1920,"height":1080},{"@type":"BreadcrumbList","@id":"https:\/\/ekaltech.pl\/index.php\/automatyka-budynkowa\/#breadcrumb","itemListElement":[{"@type":"ListItem","position":1,"name":"Home","item":"https:\/\/ekaltech.pl\/"},{"@type":"ListItem","position":2,"name":"Automatyka Budynkowa"}]},{"@type":"WebSite","@id":"https:\/\/ekaltech.pl\/#website","url":"https:\/\/ekaltech.pl\/","name":"Ekaltech Biuro In\u017cynierii Systemowej","description":"Specjalizujemy si\u0119 w automatyce przemys\u0142owej, automatyce budynkowej, projektowaniu uk\u0142ad\u00f3w sterowania.","publisher":{"@id":"https:\/\/ekaltech.pl\/#organization"},"potentialAction":[{"@type":"SearchAction","target":{"@type":"EntryPoint","urlTemplate":"https:\/\/ekaltech.pl\/?s={search_term_string}"},"query-input":{"@type":"PropertyValueSpecification","valueRequired":true,"valueName":"search_term_string"}}],"inLanguage":"pl-PL"},{"@type":"Organization","@id":"https:\/\/ekaltech.pl\/#organization","name":"Ekaltech Biuro In\u017cynierii Systemowej","url":"https:\/\/ekaltech.pl\/","logo":{"@type":"ImageObject","inLanguage":"pl-PL","@id":"https:\/\/ekaltech.pl\/#\/schema\/logo\/image\/","url":"https:\/\/ekaltech.pl\/wp-content\/uploads\/2018\/02\/cropped-EKALTECH-LOGO-1.png","contentUrl":"https:\/\/ekaltech.pl\/wp-content\/uploads\/2018\/02\/cropped-EKALTECH-LOGO-1.png","width":332,"height":172,"caption":"Ekaltech Biuro In\u017cynierii Systemowej"},"image":{"@id":"https:\/\/ekaltech.pl\/#\/schema\/logo\/image\/"}}]}},"_links":{"self":[{"href":"https:\/\/ekaltech.pl\/index.php\/wp-json\/wp\/v2\/pages\/74033","targetHints":{"allow":["GET"]}}],"collection":[{"href":"https:\/\/ekaltech.pl\/index.php\/wp-json\/wp\/v2\/pages"}],"about":[{"href":"https:\/\/ekaltech.pl\/index.php\/wp-json\/wp\/v2\/types\/page"}],"author":[{"embeddable":true,"href":"https:\/\/ekaltech.pl\/index.php\/wp-json\/wp\/v2\/users\/1"}],"replies":[{"embeddable":true,"href":"https:\/\/ekaltech.pl\/index.php\/wp-json\/wp\/v2\/comments?post=74033"}],"version-history":[{"count":7,"href":"https:\/\/ekaltech.pl\/index.php\/wp-json\/wp\/v2\/pages\/74033\/revisions"}],"predecessor-version":[{"id":74054,"href":"https:\/\/ekaltech.pl\/index.php\/wp-json\/wp\/v2\/pages\/74033\/revisions\/74054"}],"wp:attachment":[{"href":"https:\/\/ekaltech.pl\/index.php\/wp-json\/wp\/v2\/media?parent=74033"}],"curies":[{"name":"wp","href":"https:\/\/api.w.org\/{rel}","templated":true}]}}