{"id":74015,"date":"2022-01-21T14:03:52","date_gmt":"2022-01-21T13:03:52","guid":{"rendered":"https:\/\/ekaltech.pl\/?page_id=74015"},"modified":"2022-08-22T13:51:06","modified_gmt":"2022-08-22T11:51:06","slug":"automotive","status":"publish","type":"page","link":"https:\/\/ekaltech.pl\/index.php\/automotive\/","title":{"rendered":"Automotive"},"content":{"rendered":"\t\t<div data-elementor-type=\"wp-page\" data-elementor-id=\"74015\" class=\"elementor elementor-74015\">\n\t\t\t\t\t\t<section class=\"elementor-section elementor-top-section elementor-element elementor-element-60aa16a7 elementor-section-stretched elementor-section-boxed elementor-section-height-default elementor-section-height-default\" data-id=\"60aa16a7\" data-element_type=\"section\" data-e-type=\"section\" data-settings=\"{&quot;stretch_section&quot;:&quot;section-stretched&quot;,&quot;background_background&quot;:&quot;classic&quot;}\">\n\t\t\t\t\t\t<div class=\"elementor-container elementor-column-gap-default\">\n\t\t\t\t\t<div class=\"elementor-column elementor-col-100 elementor-top-column elementor-element elementor-element-3d43758b\" data-id=\"3d43758b\" data-element_type=\"column\" data-e-type=\"column\">\n\t\t\t<div class=\"elementor-widget-wrap elementor-element-populated\">\n\t\t\t\t\t\t<section class=\"elementor-section elementor-inner-section elementor-element elementor-element-1f74978 elementor-section-full_width elementor-section-height-min-height elementor-section-height-default\" data-id=\"1f74978\" data-element_type=\"section\" data-e-type=\"section\">\n\t\t\t\t\t\t<div class=\"elementor-container elementor-column-gap-default\">\n\t\t\t\t\t<div class=\"elementor-column elementor-col-50 elementor-inner-column elementor-element elementor-element-2b647ab8\" data-id=\"2b647ab8\" data-element_type=\"column\" data-e-type=\"column\">\n\t\t\t<div class=\"elementor-widget-wrap elementor-element-populated\">\n\t\t\t\t\t\t<div class=\"elementor-element elementor-element-49c9999b elementor-widget elementor-widget-html\" data-id=\"49c9999b\" data-element_type=\"widget\" data-e-type=\"widget\" data-widget_type=\"html.default\">\n\t\t\t\t<div class=\"elementor-widget-container\">\n\t\t\t\t\tStanowiska za\u0142adunkowo-roz\u0142adunkowego z robotem firmy Mitsubishi wsp\u00f3\u0142pracuj\u0105cy z rolownic\u0105\t\t\t\t<\/div>\n\t\t\t\t<\/div>\n\t\t\t\t\t<\/div>\n\t\t<\/div>\n\t\t\t\t<div class=\"elementor-column elementor-col-50 elementor-inner-column elementor-element elementor-element-78e96bf5\" data-id=\"78e96bf5\" data-element_type=\"column\" data-e-type=\"column\">\n\t\t\t<div class=\"elementor-widget-wrap elementor-element-populated\">\n\t\t\t\t\t\t<div class=\"elementor-element elementor-element-2838f575 elementor-widget elementor-widget-html\" data-id=\"2838f575\" data-element_type=\"widget\" data-e-type=\"widget\" data-widget_type=\"html.default\">\n\t\t\t\t<div class=\"elementor-widget-container\">\n\t\t\t\t\tWykonanie kompleksowo stanowiska za\u0142adunkowo-roz\u0142adunkowego z robotem firmy \nMitsubishi wsp\u00f3\u0142pracuj\u0105cy z rolownic\u0105\t\t\t\t<\/div>\n\t\t\t\t<\/div>\n\t\t\t\t<div class=\"elementor-element elementor-element-622ee09c elementor-arrows-position-inside elementor-pagination-position-outside elementor-widget elementor-widget-image-carousel\" data-id=\"622ee09c\" data-element_type=\"widget\" data-e-type=\"widget\" data-settings=\"{&quot;slides_to_show&quot;:&quot;1&quot;,&quot;navigation&quot;:&quot;both&quot;,&quot;autoplay&quot;:&quot;yes&quot;,&quot;pause_on_hover&quot;:&quot;yes&quot;,&quot;pause_on_interaction&quot;:&quot;yes&quot;,&quot;autoplay_speed&quot;:5000,&quot;infinite&quot;:&quot;yes&quot;,&quot;effect&quot;:&quot;slide&quot;,&quot;speed&quot;:500}\" data-widget_type=\"image-carousel.default\">\n\t\t\t\t<div class=\"elementor-widget-container\">\n\t\t\t\t\t\t\t<div class=\"elementor-image-carousel-wrapper swiper\" role=\"region\" aria-roledescription=\"carousel\" aria-label=\"Karuzela obrazk\u00f3w\" dir=\"ltr\">\n\t\t\t<div class=\"elementor-image-carousel swiper-wrapper\" aria-live=\"off\">\n\t\t\t\t\t\t\t\t<div class=\"swiper-slide\" role=\"group\" aria-roledescription=\"slide\" aria-label=\"1 z 2\"><figure class=\"swiper-slide-inner\"><img decoding=\"async\" class=\"swiper-slide-image\" src=\"https:\/\/ekaltech.pl\/wp-content\/uploads\/2022\/01\/20200828_142305-768x1024.jpg\" alt=\"20200828_142305\" \/><\/figure><\/div><div class=\"swiper-slide\" role=\"group\" aria-roledescription=\"slide\" aria-label=\"2 z 2\"><figure class=\"swiper-slide-inner\"><img decoding=\"async\" class=\"swiper-slide-image\" src=\"https:\/\/ekaltech.pl\/wp-content\/uploads\/2022\/01\/20200828_142318-768x1024.jpg\" alt=\"20200828_142318\" \/><\/figure><\/div>\t\t\t<\/div>\n\t\t\t\t\t\t\t\t\t\t\t\t<div class=\"elementor-swiper-button elementor-swiper-button-prev\" role=\"button\" tabindex=\"0\">\n\t\t\t\t\t\t<i aria-hidden=\"true\" class=\"eicon-chevron-left\"><\/i>\t\t\t\t\t<\/div>\n\t\t\t\t\t<div class=\"elementor-swiper-button elementor-swiper-button-next\" role=\"button\" tabindex=\"0\">\n\t\t\t\t\t\t<i aria-hidden=\"true\" class=\"eicon-chevron-right\"><\/i>\t\t\t\t\t<\/div>\n\t\t\t\t\n\t\t\t\t\t\t\t\t\t<div class=\"swiper-pagination\"><\/div>\n\t\t\t\t\t\t\t\t\t<\/div>\n\t\t\t\t\t\t<\/div>\n\t\t\t\t<\/div>\n\t\t\t\t<div class=\"elementor-element elementor-element-7a45b38d elementor-widget elementor-widget-html\" data-id=\"7a45b38d\" data-element_type=\"widget\" data-e-type=\"widget\" data-widget_type=\"html.default\">\n\t\t\t\t<div class=\"elementor-widget-container\">\n\t\t\t\t\t             <p>Wykonanie kompleksowo stanowiska za\u0142adunkowo-roz\u0142adunkowego z robotem firmy Mitsubishi wsp\u00f3\u0142pracuj\u0105cym z rolownic\u0105. Przez na\u0142o\u017cenie rygorystycznych czas\u00f3w procesu przez klienta, nasi in\u017cynierowie musieli zaprojektowa\u0107 chwytak umieszczony na ki\u015bci robota z mo\u017cliwo\u015bci\u0105 trzymania dw\u00f3ch wa\u0142k\u00f3w jednocze\u015bnie. Stanowisko zosta\u0142o zaprojektowane w taki spos\u00f3b, aby zachowa\u0107 ci\u0105g\u0142o\u015b\u0107 procesu produkcyjnego. W zwi\u0105zku z tym musieli\u015bmy zaprojektowa\u0107 oraz wykona\u0107 podajnik do wa\u0142k\u00f3w, st\u00f3\u0142 obrotowy i zsyp kontrolny.<\/p>\n             <p>\n                 Robot mia\u0142 za zadanie umieszczenie metalowych wa\u0142k\u00f3w w rolownicy, nast\u0119pnie po dokonaniu obr\u00f3bki odebra\u0107 wa\u0142ek. Po jego odebraniu robot m\u00f3g\u0142 od\u0142o\u017cy\u0107 wa\u0142ek w nast\u0119puj\u0105ce trzy miejsca:\n\t\t\t\t<ul> \n\t\t\t\t\t<li>na zje\u017cd\u017calni do przeprowadzenia kontroli jako\u015bci,<\/li>\n\t\t\t\t\t<li>na zsypie prowadz\u0105cego do hartownicy,<\/li>\n\t\t\t\t\t<li>w metalowym koszu.<\/li>\n\t\t\t\t<\/ul>\n\t\t\t\t<\/p>\n               <p>\n                   St\u00f3\u0142 obrotowy umo\u017cliwia umieszczenie na nim dw\u00f3ch pustych metalowych koszy, mi\u0119dzy kt\u00f3rymi znajduje si\u0119 przegroda. Dzi\u0119ki zastosowaniu takiego rozwi\u0105zania dajemy mo\u017cliwo\u015b\u0107 wymiany kosza z pe\u0142nego na pusty bez konieczno\u015bci zatrzymania robota. Dzi\u0119ki zamodelowaniu obiekt\u00f3w (np. wygrodzenia bezpiecze\u0144stwa, obrabiarki CNC, podajnika), kt\u00f3re znajduj\u0105 si\u0119 w przestrzeni pracy robota zminimalizowali\u015bmy ryzyko kolizji. Wszystkie te dzia\u0142ania wp\u0142ywaj\u0105 na niezawodno\u015b\u0107 i bezawaryjno\u015b\u0107 naszych rozwi\u0105za\u0144.    <\/p>\n                   <p>W ramach prac: \n                       \n\t\t\t\t<ul>\n\t\t\t\t<li>Przygotowano koncepcj\u0119 stanowiska za\u0142adunkowo-roz\u0142adunkowego,\n<li>Wykonano projekt CAD stanowiska za\u0142adunkowo-roz\u0142adunkowego,<\/li>\n<li>Wykonano schemat AKPiA wraz z wyspecyfikowaniem element\u00f3w automatyki,<\/li>\n<li>Wykonano szaf\u0119 AKPiA,<\/li>\n<li>Zaprojektowano kompleksowe narz\u0119dzie do sterowania stanowiskiem za pomoc\u0105 przyjaznej wizualizacji SCADA,<\/li>\n<li>Przygotowano list\u0119 alarm\u00f3w oraz po\u0142\u0105czenie zdalne w celu \u0142atwej diagnostyki procesu,<\/li>\n<li>Przeprowadzono prace elektryczne przy monta\u017cu szafy AKPiA, czujnik\u00f3w, zawor\u00f3w oraz dodatkowych urz\u0105dze\u0144 wykonawczych,<\/li>\n<li>Przeprowadzono uruchomienie wraz z testami uk\u0142adu sterowania,<\/li>\n<li>Przeszkolono zesp\u00f3\u0142 operator\u00f3w odpowiedzialnych za prac\u0119 przy maszynie.<\/li>\n\t\t\t\t<\/ul>\n              <p>Sterowanie zosta\u0142o zrealizowane na urz\u0105dzeniach firmy Beckhoff. Panel operatorki o przek\u0105tnej 7 cali pe\u0142ni zar\u00f3wno rol\u0119 sterownika, jak i wy\u015bwietlacza pozwalaj\u0105cego na parametryzacj\u0119, akwizycj\u0119 danych procesowych oraz sterowanie urz\u0105dzeniami wykonawczymi. Uk\u0142ad bezpiecze\u0144stwa zosta\u0142 zrealizowany na modu\u0142ach TwinSAFE firmy Beckhoff, dzi\u0119ki temu kompatybilnemu rozwi\u0105zaniu mo\u017cna rozszerzy\u0107 funkcj\u0119 diagnostyczne stanowiska.\n              <\/p>\n           \t\t\t\t<\/div>\n\t\t\t\t<\/div>\n\t\t\t\t<div class=\"elementor-element elementor-element-62b458b elementor-widget elementor-widget-video\" data-id=\"62b458b\" data-element_type=\"widget\" data-e-type=\"widget\" data-settings=\"{&quot;video_type&quot;:&quot;hosted&quot;,&quot;controls&quot;:&quot;yes&quot;}\" data-widget_type=\"video.default\">\n\t\t\t\t<div class=\"elementor-widget-container\">\n\t\t\t\t\t\t\t<div class=\"e-hosted-video elementor-wrapper elementor-open-inline\">\n\t\t\t\t\t<video class=\"elementor-video\" src=\"https:\/\/ekaltech.pl\/wp-content\/uploads\/2022\/01\/20200624_142026.mp4\" controls=\"\" preload=\"metadata\" controlsList=\"nodownload\"><\/video>\n\t\t\t\t<\/div>\n\t\t\t\t\t\t<\/div>\n\t\t\t\t<\/div>\n\t\t\t\t<div class=\"elementor-element elementor-element-6a191bc elementor-widget elementor-widget-video\" data-id=\"6a191bc\" data-element_type=\"widget\" data-e-type=\"widget\" data-settings=\"{&quot;video_type&quot;:&quot;hosted&quot;,&quot;controls&quot;:&quot;yes&quot;}\" data-widget_type=\"video.default\">\n\t\t\t\t<div class=\"elementor-widget-container\">\n\t\t\t\t\t\t\t<div class=\"e-hosted-video elementor-wrapper elementor-open-inline\">\n\t\t\t\t\t<video class=\"elementor-video\" src=\"https:\/\/ekaltech.pl\/wp-content\/uploads\/2022\/01\/20200512_140612.mp4\" controls=\"\" preload=\"metadata\" controlsList=\"nodownload\"><\/video>\n\t\t\t\t<\/div>\n\t\t\t\t\t\t<\/div>\n\t\t\t\t<\/div>\n\t\t\t\t\t<\/div>\n\t\t<\/div>\n\t\t\t\t\t<\/div>\n\t\t<\/section>\n\t\t\t\t\t<\/div>\n\t\t<\/div>\n\t\t\t\t\t<\/div>\n\t\t<\/section>\n\t\t\t\t<\/div>\n\t\t","protected":false},"excerpt":{"rendered":"<p>Stanowiska za\u0142adunkowo-roz\u0142adunkowego z robotem firmy Mitsubishi wsp\u00f3\u0142pracuj\u0105cy z rolownic\u0105 Wykonanie kompleksowo stanowiska za\u0142adunkowo-roz\u0142adunkowego z robotem firmy Mitsubishi wsp\u00f3\u0142pracuj\u0105cy z rolownic\u0105 Poprzednie Nast\u0119pne Wykonanie kompleksowo stanowiska za\u0142adunkowo-roz\u0142adunkowego z robotem firmy Mitsubishi wsp\u00f3\u0142pracuj\u0105cym z rolownic\u0105. Przez na\u0142o\u017cenie rygorystycznych czas\u00f3w procesu przez klienta, nasi in\u017cynierowie musieli zaprojektowa\u0107 chwytak umieszczony na ki\u015bci robota z mo\u017cliwo\u015bci\u0105 trzymania dw\u00f3ch wa\u0142k\u00f3w jednocze\u015bnie. [&hellip;]<\/p>\n","protected":false},"author":1,"featured_media":0,"parent":0,"menu_order":0,"comment_status":"closed","ping_status":"closed","template":"","meta":{"footnotes":""},"class_list":["post-74015","page","type-page","status-publish","hentry"],"yoast_head":"<!-- This site is optimized with the Yoast SEO plugin v27.3 - https:\/\/yoast.com\/product\/yoast-seo-wordpress\/ -->\r\n<title>Automotive - Ekaltech Biuro In\u017cynierii Systemowej<\/title>\r\n<meta name=\"robots\" content=\"index, follow, max-snippet:-1, max-image-preview:large, max-video-preview:-1\" \/>\r\n<link rel=\"canonical\" href=\"https:\/\/ekaltech.pl\/index.php\/automotive\/\" \/>\r\n<meta property=\"og:locale\" content=\"pl_PL\" \/>\r\n<meta property=\"og:type\" content=\"article\" \/>\r\n<meta property=\"og:title\" content=\"Automotive - Ekaltech Biuro In\u017cynierii Systemowej\" \/>\r\n<meta property=\"og:description\" content=\"Stanowiska za\u0142adunkowo-roz\u0142adunkowego z robotem firmy Mitsubishi wsp\u00f3\u0142pracuj\u0105cy z rolownic\u0105 Wykonanie kompleksowo stanowiska za\u0142adunkowo-roz\u0142adunkowego z robotem firmy Mitsubishi wsp\u00f3\u0142pracuj\u0105cy z rolownic\u0105 Poprzednie Nast\u0119pne Wykonanie kompleksowo stanowiska za\u0142adunkowo-roz\u0142adunkowego z robotem firmy Mitsubishi wsp\u00f3\u0142pracuj\u0105cym z rolownic\u0105. Przez na\u0142o\u017cenie rygorystycznych czas\u00f3w procesu przez klienta, nasi in\u017cynierowie musieli zaprojektowa\u0107 chwytak umieszczony na ki\u015bci robota z mo\u017cliwo\u015bci\u0105 trzymania dw\u00f3ch wa\u0142k\u00f3w jednocze\u015bnie. [&hellip;]\" \/>\r\n<meta property=\"og:url\" content=\"https:\/\/ekaltech.pl\/index.php\/automotive\/\" \/>\r\n<meta property=\"og:site_name\" content=\"Ekaltech Biuro In\u017cynierii Systemowej\" \/>\r\n<meta property=\"article:modified_time\" content=\"2022-08-22T11:51:06+00:00\" \/>\r\n<meta property=\"og:image\" content=\"https:\/\/ekaltech.pl\/wp-content\/uploads\/2022\/01\/20200828_142305-768x1024.jpg\" \/>\r\n<meta name=\"twitter:card\" content=\"summary_large_image\" \/>\r\n<meta name=\"twitter:label1\" content=\"Szacowany czas czytania\" \/>\n\t<meta name=\"twitter:data1\" content=\"3 minuty\" \/>\r\n<script type=\"application\/ld+json\" class=\"yoast-schema-graph\">{\"@context\":\"https:\\\/\\\/schema.org\",\"@graph\":[{\"@type\":\"WebPage\",\"@id\":\"https:\\\/\\\/ekaltech.pl\\\/index.php\\\/automotive\\\/\",\"url\":\"https:\\\/\\\/ekaltech.pl\\\/index.php\\\/automotive\\\/\",\"name\":\"Automotive - Ekaltech Biuro In\u017cynierii Systemowej\",\"isPartOf\":{\"@id\":\"https:\\\/\\\/ekaltech.pl\\\/#website\"},\"primaryImageOfPage\":{\"@id\":\"https:\\\/\\\/ekaltech.pl\\\/index.php\\\/automotive\\\/#primaryimage\"},\"image\":{\"@id\":\"https:\\\/\\\/ekaltech.pl\\\/index.php\\\/automotive\\\/#primaryimage\"},\"thumbnailUrl\":\"https:\\\/\\\/ekaltech.pl\\\/wp-content\\\/uploads\\\/2022\\\/01\\\/20200828_142305-768x1024.jpg\",\"datePublished\":\"2022-01-21T13:03:52+00:00\",\"dateModified\":\"2022-08-22T11:51:06+00:00\",\"breadcrumb\":{\"@id\":\"https:\\\/\\\/ekaltech.pl\\\/index.php\\\/automotive\\\/#breadcrumb\"},\"inLanguage\":\"pl-PL\",\"potentialAction\":[{\"@type\":\"ReadAction\",\"target\":[\"https:\\\/\\\/ekaltech.pl\\\/index.php\\\/automotive\\\/\"]}]},{\"@type\":\"ImageObject\",\"inLanguage\":\"pl-PL\",\"@id\":\"https:\\\/\\\/ekaltech.pl\\\/index.php\\\/automotive\\\/#primaryimage\",\"url\":\"https:\\\/\\\/ekaltech.pl\\\/wp-content\\\/uploads\\\/2022\\\/01\\\/20200828_142305-scaled.jpg\",\"contentUrl\":\"https:\\\/\\\/ekaltech.pl\\\/wp-content\\\/uploads\\\/2022\\\/01\\\/20200828_142305-scaled.jpg\",\"width\":1920,\"height\":2560},{\"@type\":\"BreadcrumbList\",\"@id\":\"https:\\\/\\\/ekaltech.pl\\\/index.php\\\/automotive\\\/#breadcrumb\",\"itemListElement\":[{\"@type\":\"ListItem\",\"position\":1,\"name\":\"Home\",\"item\":\"https:\\\/\\\/ekaltech.pl\\\/\"},{\"@type\":\"ListItem\",\"position\":2,\"name\":\"Automotive\"}]},{\"@type\":\"WebSite\",\"@id\":\"https:\\\/\\\/ekaltech.pl\\\/#website\",\"url\":\"https:\\\/\\\/ekaltech.pl\\\/\",\"name\":\"Ekaltech Biuro In\u017cynierii Systemowej\",\"description\":\"Specjalizujemy si\u0119 w automatyce przemys\u0142owej, automatyce budynkowej, projektowaniu uk\u0142ad\u00f3w sterowania.\",\"publisher\":{\"@id\":\"https:\\\/\\\/ekaltech.pl\\\/#organization\"},\"potentialAction\":[{\"@type\":\"SearchAction\",\"target\":{\"@type\":\"EntryPoint\",\"urlTemplate\":\"https:\\\/\\\/ekaltech.pl\\\/?s={search_term_string}\"},\"query-input\":{\"@type\":\"PropertyValueSpecification\",\"valueRequired\":true,\"valueName\":\"search_term_string\"}}],\"inLanguage\":\"pl-PL\"},{\"@type\":\"Organization\",\"@id\":\"https:\\\/\\\/ekaltech.pl\\\/#organization\",\"name\":\"Ekaltech Biuro In\u017cynierii Systemowej\",\"url\":\"https:\\\/\\\/ekaltech.pl\\\/\",\"logo\":{\"@type\":\"ImageObject\",\"inLanguage\":\"pl-PL\",\"@id\":\"https:\\\/\\\/ekaltech.pl\\\/#\\\/schema\\\/logo\\\/image\\\/\",\"url\":\"https:\\\/\\\/ekaltech.pl\\\/wp-content\\\/uploads\\\/2018\\\/02\\\/cropped-EKALTECH-LOGO-1.png\",\"contentUrl\":\"https:\\\/\\\/ekaltech.pl\\\/wp-content\\\/uploads\\\/2018\\\/02\\\/cropped-EKALTECH-LOGO-1.png\",\"width\":332,\"height\":172,\"caption\":\"Ekaltech Biuro In\u017cynierii Systemowej\"},\"image\":{\"@id\":\"https:\\\/\\\/ekaltech.pl\\\/#\\\/schema\\\/logo\\\/image\\\/\"}}]}<\/script>\r\n<!-- \/ Yoast SEO plugin. -->","yoast_head_json":{"title":"Automotive - Ekaltech Biuro In\u017cynierii Systemowej","robots":{"index":"index","follow":"follow","max-snippet":"max-snippet:-1","max-image-preview":"max-image-preview:large","max-video-preview":"max-video-preview:-1"},"canonical":"https:\/\/ekaltech.pl\/index.php\/automotive\/","og_locale":"pl_PL","og_type":"article","og_title":"Automotive - Ekaltech Biuro In\u017cynierii Systemowej","og_description":"Stanowiska za\u0142adunkowo-roz\u0142adunkowego z robotem firmy Mitsubishi wsp\u00f3\u0142pracuj\u0105cy z rolownic\u0105 Wykonanie kompleksowo stanowiska za\u0142adunkowo-roz\u0142adunkowego z robotem firmy Mitsubishi wsp\u00f3\u0142pracuj\u0105cy z rolownic\u0105 Poprzednie Nast\u0119pne Wykonanie kompleksowo stanowiska za\u0142adunkowo-roz\u0142adunkowego z robotem firmy Mitsubishi wsp\u00f3\u0142pracuj\u0105cym z rolownic\u0105. Przez na\u0142o\u017cenie rygorystycznych czas\u00f3w procesu przez klienta, nasi in\u017cynierowie musieli zaprojektowa\u0107 chwytak umieszczony na ki\u015bci robota z mo\u017cliwo\u015bci\u0105 trzymania dw\u00f3ch wa\u0142k\u00f3w jednocze\u015bnie. [&hellip;]","og_url":"https:\/\/ekaltech.pl\/index.php\/automotive\/","og_site_name":"Ekaltech Biuro In\u017cynierii Systemowej","article_modified_time":"2022-08-22T11:51:06+00:00","og_image":[{"url":"https:\/\/ekaltech.pl\/wp-content\/uploads\/2022\/01\/20200828_142305-768x1024.jpg","type":"","width":"","height":""}],"twitter_card":"summary_large_image","twitter_misc":{"Szacowany czas czytania":"3 minuty"},"schema":{"@context":"https:\/\/schema.org","@graph":[{"@type":"WebPage","@id":"https:\/\/ekaltech.pl\/index.php\/automotive\/","url":"https:\/\/ekaltech.pl\/index.php\/automotive\/","name":"Automotive - Ekaltech Biuro In\u017cynierii Systemowej","isPartOf":{"@id":"https:\/\/ekaltech.pl\/#website"},"primaryImageOfPage":{"@id":"https:\/\/ekaltech.pl\/index.php\/automotive\/#primaryimage"},"image":{"@id":"https:\/\/ekaltech.pl\/index.php\/automotive\/#primaryimage"},"thumbnailUrl":"https:\/\/ekaltech.pl\/wp-content\/uploads\/2022\/01\/20200828_142305-768x1024.jpg","datePublished":"2022-01-21T13:03:52+00:00","dateModified":"2022-08-22T11:51:06+00:00","breadcrumb":{"@id":"https:\/\/ekaltech.pl\/index.php\/automotive\/#breadcrumb"},"inLanguage":"pl-PL","potentialAction":[{"@type":"ReadAction","target":["https:\/\/ekaltech.pl\/index.php\/automotive\/"]}]},{"@type":"ImageObject","inLanguage":"pl-PL","@id":"https:\/\/ekaltech.pl\/index.php\/automotive\/#primaryimage","url":"https:\/\/ekaltech.pl\/wp-content\/uploads\/2022\/01\/20200828_142305-scaled.jpg","contentUrl":"https:\/\/ekaltech.pl\/wp-content\/uploads\/2022\/01\/20200828_142305-scaled.jpg","width":1920,"height":2560},{"@type":"BreadcrumbList","@id":"https:\/\/ekaltech.pl\/index.php\/automotive\/#breadcrumb","itemListElement":[{"@type":"ListItem","position":1,"name":"Home","item":"https:\/\/ekaltech.pl\/"},{"@type":"ListItem","position":2,"name":"Automotive"}]},{"@type":"WebSite","@id":"https:\/\/ekaltech.pl\/#website","url":"https:\/\/ekaltech.pl\/","name":"Ekaltech Biuro In\u017cynierii Systemowej","description":"Specjalizujemy si\u0119 w automatyce przemys\u0142owej, automatyce budynkowej, projektowaniu uk\u0142ad\u00f3w sterowania.","publisher":{"@id":"https:\/\/ekaltech.pl\/#organization"},"potentialAction":[{"@type":"SearchAction","target":{"@type":"EntryPoint","urlTemplate":"https:\/\/ekaltech.pl\/?s={search_term_string}"},"query-input":{"@type":"PropertyValueSpecification","valueRequired":true,"valueName":"search_term_string"}}],"inLanguage":"pl-PL"},{"@type":"Organization","@id":"https:\/\/ekaltech.pl\/#organization","name":"Ekaltech Biuro In\u017cynierii Systemowej","url":"https:\/\/ekaltech.pl\/","logo":{"@type":"ImageObject","inLanguage":"pl-PL","@id":"https:\/\/ekaltech.pl\/#\/schema\/logo\/image\/","url":"https:\/\/ekaltech.pl\/wp-content\/uploads\/2018\/02\/cropped-EKALTECH-LOGO-1.png","contentUrl":"https:\/\/ekaltech.pl\/wp-content\/uploads\/2018\/02\/cropped-EKALTECH-LOGO-1.png","width":332,"height":172,"caption":"Ekaltech Biuro In\u017cynierii Systemowej"},"image":{"@id":"https:\/\/ekaltech.pl\/#\/schema\/logo\/image\/"}}]}},"_links":{"self":[{"href":"https:\/\/ekaltech.pl\/index.php\/wp-json\/wp\/v2\/pages\/74015","targetHints":{"allow":["GET"]}}],"collection":[{"href":"https:\/\/ekaltech.pl\/index.php\/wp-json\/wp\/v2\/pages"}],"about":[{"href":"https:\/\/ekaltech.pl\/index.php\/wp-json\/wp\/v2\/types\/page"}],"author":[{"embeddable":true,"href":"https:\/\/ekaltech.pl\/index.php\/wp-json\/wp\/v2\/users\/1"}],"replies":[{"embeddable":true,"href":"https:\/\/ekaltech.pl\/index.php\/wp-json\/wp\/v2\/comments?post=74015"}],"version-history":[{"count":16,"href":"https:\/\/ekaltech.pl\/index.php\/wp-json\/wp\/v2\/pages\/74015\/revisions"}],"predecessor-version":[{"id":74197,"href":"https:\/\/ekaltech.pl\/index.php\/wp-json\/wp\/v2\/pages\/74015\/revisions\/74197"}],"wp:attachment":[{"href":"https:\/\/ekaltech.pl\/index.php\/wp-json\/wp\/v2\/media?parent=74015"}],"curies":[{"name":"wp","href":"https:\/\/api.w.org\/{rel}","templated":true}]}}