{"id":72483,"date":"2019-08-06T08:17:29","date_gmt":"2019-08-06T06:17:29","guid":{"rendered":"http:\/\/ekaltech.pl\/?page_id=72483"},"modified":"2019-08-09T15:57:13","modified_gmt":"2019-08-09T13:57:13","slug":"elektronika","status":"publish","type":"page","link":"https:\/\/ekaltech.pl\/index.php\/elektronika\/","title":{"rendered":"Elektronika"},"content":{"rendered":"\t\t<div data-elementor-type=\"wp-post\" data-elementor-id=\"72483\" class=\"elementor elementor-72483\">\n\t\t\t\t\t\t<section class=\"elementor-section elementor-top-section elementor-element elementor-element-b75befc elementor-section-stretched elementor-section-boxed elementor-section-height-default elementor-section-height-default\" data-id=\"b75befc\" data-element_type=\"section\" data-e-type=\"section\" data-settings=\"{&quot;stretch_section&quot;:&quot;section-stretched&quot;}\">\n\t\t\t\t\t\t<div class=\"elementor-container elementor-column-gap-default\">\n\t\t\t\t\t<div class=\"elementor-column elementor-col-100 elementor-top-column elementor-element elementor-element-f15fd71\" data-id=\"f15fd71\" data-element_type=\"column\" data-e-type=\"column\">\n\t\t\t<div class=\"elementor-widget-wrap elementor-element-populated\">\n\t\t\t\t\t\t<div class=\"elementor-element elementor-element-559e93e elementor-widget elementor-widget-heading\" data-id=\"559e93e\" data-element_type=\"widget\" data-e-type=\"widget\" data-widget_type=\"heading.default\">\n\t\t\t\t<div class=\"elementor-widget-container\">\n\t\t\t\t\t<h1 class=\"elementor-heading-title elementor-size-default\"><b>                                                                 Sterownik do zabieg\u00f3w kriogenicznych<\/b><\/h1>\t\t\t\t<\/div>\n\t\t\t\t<\/div>\n\t\t\t\t\t<\/div>\n\t\t<\/div>\n\t\t\t\t\t<\/div>\n\t\t<\/section>\n\t\t\t\t<section class=\"elementor-section elementor-top-section elementor-element elementor-element-da522e5 elementor-section-stretched elementor-section-boxed elementor-section-height-default elementor-section-height-default\" data-id=\"da522e5\" data-element_type=\"section\" data-e-type=\"section\" data-settings=\"{&quot;stretch_section&quot;:&quot;section-stretched&quot;}\">\n\t\t\t\t\t\t<div class=\"elementor-container elementor-column-gap-default\">\n\t\t\t\t\t<div class=\"elementor-column elementor-col-100 elementor-top-column elementor-element elementor-element-e80bbf1\" data-id=\"e80bbf1\" data-element_type=\"column\" data-e-type=\"column\">\n\t\t\t<div class=\"elementor-widget-wrap elementor-element-populated\">\n\t\t\t\t\t\t<div class=\"elementor-element elementor-element-a28edf2 elementor-widget elementor-widget-video\" data-id=\"a28edf2\" data-element_type=\"widget\" data-e-type=\"widget\" data-settings=\"{&quot;youtube_url&quot;:&quot;https:\\\/\\\/www.youtube.com\\\/watch?v=sI-FIO2YFB8&quot;,&quot;video_type&quot;:&quot;youtube&quot;,&quot;controls&quot;:&quot;yes&quot;}\" data-widget_type=\"video.default\">\n\t\t\t\t<div class=\"elementor-widget-container\">\n\t\t\t\t\t\t\t<div class=\"elementor-wrapper elementor-open-inline\">\n\t\t\t<div class=\"elementor-video\"><\/div>\t\t<\/div>\n\t\t\t\t\t\t<\/div>\n\t\t\t\t<\/div>\n\t\t\t\t\t<\/div>\n\t\t<\/div>\n\t\t\t\t\t<\/div>\n\t\t<\/section>\n\t\t\t\t<section class=\"elementor-section elementor-top-section elementor-element elementor-element-9a8fa15 elementor-section-stretched elementor-section-boxed elementor-section-height-default elementor-section-height-default\" data-id=\"9a8fa15\" data-element_type=\"section\" data-e-type=\"section\" data-settings=\"{&quot;stretch_section&quot;:&quot;section-stretched&quot;}\">\n\t\t\t\t\t\t<div class=\"elementor-container elementor-column-gap-default\">\n\t\t\t\t\t<div class=\"elementor-column elementor-col-100 elementor-top-column elementor-element elementor-element-6f21707\" data-id=\"6f21707\" data-element_type=\"column\" data-e-type=\"column\">\n\t\t\t<div class=\"elementor-widget-wrap elementor-element-populated\">\n\t\t\t\t\t\t<div class=\"elementor-element elementor-element-f5e3be0 elementor-widget elementor-widget-html\" data-id=\"f5e3be0\" data-element_type=\"widget\" data-e-type=\"widget\" data-widget_type=\"html.default\">\n\t\t\t\t<div class=\"elementor-widget-container\">\n\t\t\t\t\t<style>\n    @media only screen and (max-width: 600px) {\n        .descript-h2-header{\n            min-width:var(100%);\n        }\n        .design-assump-list{\n            display: flex;\n            flex-wrap: wrap;\n        }\n        .box-on-design-assump-list-left{\n             border-right:solid white 1px;\n         \n         \n        }\n    }\n\n    :root{\n        --font-size-descript-h2-header:17px;\n        --font-size-descript-article:15px;\n        --width-descript-h2-header:60%;\n    }\n    \n    .descript-section{\n        padding: 0;\n        matgin:0;\n    }\n    .descript-header{\n        padding: 0;\n        margin:0;\n        display: flex;\n        justify-content: center;\n    }\n    .descript--header-p{\n        max-width:70%;\n        text-align: center;\n        font-family: Belgrano;\n        font-size: var(--font-size-descript-h2-header);\n        font-weight: bold;\n        letter-spacing: 1px;\n        text-shadow: 0.1px 0.1px 0.1px black;\n        word-wrap: break-word;\n    }\n    \n    .descript-article{\n        font-family: Trykker;\n        letter-spacing: 1.5px;\n        text-align:justify;\n        hyphens: auto;\n        word-wrap: break-word;\n        color:black;\n        font-size: var(--font-size-descript-article);\n        padding: 0 1% ;\n    }\n    .descript-article-p{\n        font-weight: bold;\n    }\n    .design-assump-section{\n    background-color: #434752;\n    \/*padding: 0.1% 0.1%;*\/\n    }\n    .design-assump-header{\n        text-align: center;\n        background-color: #181713;\n        margin:0;\n        \n    }\n    .design-assump-h2-header{\n        letter-spacing: 1px;\n         font-family: Trykker;\n        padding: 0.6% 0.1%;\n        font-size: 25px;\n        color:white;\n        font-weight: bold;\n         text-shadow: 0.1px 0.1px 0.1px black;\n    }\n    \n    .design-assump-list{\n        display: flex;\n        \n        \/*flex-wrap: wrap;*\/\n    }\n    .design-assump-element-list{\n        margin: 1%;\n        padding:1%;\n        font-size: 15px;\n        font-family: Belgrano;\n        \/*border:solid black;*\/\n        color:white;\n        letter-spacing: 1px;\n        \n    }\n    .box-on-design-assump-list{\n        list-style-type:none;\n        \/*border:solid red;*\/\n    }\n    .box-on-design-assump-list-left{\n         border-right: solid black 1px;\n         \n         \n     }\n    .design-assump-element-list>h3{\n         letter-spacing: 1px;\n        font-family: Trykker;\n        font-size: 18px;\n        width: 85%;\n        background-color: #181713;\n        border-radius: 0px 30px 10px 0;\n        padding: 1%;\n        color:white;\n        list-style-type: none;\n    }\n\n<\/style>\n\n<section class=\"section descript-section\">\n    <header class=\"descript-header\">\n         <p class=\"descript--header-p\">Panel steruj\u0105cy mobilnym urz\u0105dzeniem do przeprowadzania zabieg\u00f3w kriogenicznych.<\/p>\n    <\/header>\n    <article class=\"descript-article\">\n        <p class=\"descript-article-p\">Wykonanie sterownika z panelem dotykowym dla urz\u0105dzenia medycznego, dzi\u0119ki kt\u00f3remu \u00a0przeszkolona osoba mo\u017ce wykonywa\u0107 zabiegi. Urz\u0105dzenie fizycznie istnieje od wielu lat, jego koncepcja mechaniczna jest sprawdzona, celem prac by\u0142\u0105 modernizacja sterowania i sterownik na nowocze\u015bniejszy. Sam algorytm steruj\u0105cy urz\u0105dzeniem sprawdza\u0142 si\u0119 do nadzorowania stanu butli z ciek\u0142ym azotem oraz do uruchamiania z okre\u015blon\u0105 moc\u0105, na okre\u015blony czas grza\u0142ki w \u015brodku butli, kt\u00f3ra doprowadza\u0142a do wydobywania si\u0119 azotu w postaci gazowej przez dysz\u0119 urz\u0105dzenia. Wa\u017cnym za\u0142o\u017ceniem projektu by\u0142a kompatybilno\u015b\u0107 elektryczna z poprzedni\u0105 wersj\u0105 urz\u0105dzenia. Dotyczy to rozmiaru, rodzaju wtyczek, wsp\u00f3\u0142pracy z istniej\u0105cym zasilaczem, podobnej obs\u0142ugi urz\u0105dzenia.<\/p>\n    <\/article>\n<\/section>\n<section class=\"section design-assump-section\">\n    <header class=\"design-assump-header\">\n        <h2 class=design-assump-h2-header>\n            Za\u0142o\u017cenia projektowe\n        <\/h2>\n    <\/header>\n    <article calss=\"design-assump-article\">\n        <ul class=\"design-assump-list\">\n            <div class=\"box-on-design-assump-list box-on-design-assump-list-left\">\n            <li class=\"design-assump-element-list\">\n                <h3>Og\u00f3lne:<\/h3>\n                    <ul>\n                        <li>\u0142atwo\u015b\u0107 powielania urz\u0105dzenia przez klienta<\/li>\n                        <li>niski koszt urz\u0105dze\u0144 steruj\u0105cych, panela dotykowego<\/li>\n                        <li>niski koszt urz\u0105dze\u0144 steruj\u0105cych, panela dotykowego<\/li>\n                        <li>niski koszt urz\u0105dze\u0144 steruj\u0105cych, panela dotykowego<\/li>\n                        <li>niski koszt urz\u0105dze\u0144 steruj\u0105cych, panela dotykowego<\/li>\n                    <\/ul>\n                <\/li>\n                <li class=\"design-assump-element-list\">\n                    <h3>Budowa mechaniczna sterownika:<\/h3>\n                    <ul>\n                        <li>projekt 3D oraz wykonania obudowy o okre\u015blonych wymiarach<\/li>\n                        <li>zastosowanie kompatybilnych ze starymi wersjami wtyczek<\/li>\n                    <\/ul>\n                <\/li>\n                <li class=\"design-assump-element-list\">\n                    <h3>Opis sterowania:<\/h3>\n                    <ul>\n                        <li>kontrola masy zbiornika z azotem<\/li>\n                        <li>regulacja sterowania grza\u0142k\u0105(grza\u0142ki w wersjach 230V i 110V)<\/li>\n                        <li>pomiar temperatury w zbiorniku azotu, sygna\u0142 z przetwornika Pt100<\/li>\n                    <\/ul>\n                <\/li>\n            <\/div>\n            <div class=box-on-design-assump-list>\n                 <li class=\"design-assump-element-list\">\n                    <h3>Funkcjonalno\u015b\u0107 sterowania:<\/h3>\n                    <ul>\n                        <li>autoryzacja u\u017cytkownika user i superuser<\/li>\n                        <li>zabiegi w kt\u00f3rych u\u017cytkownik okre\u015bla czas i moc grza\u0142ki<\/li>\n                        <li>zabiegi zdefiniowane przez producenta, zale\u017cne od leczonej partii cia\u0142a i jej wielko\u015bci<\/li>\n                        <li>mo\u017cliwo\u015b\u0107 zdefiniowania, edycji, usuwania zabieg\u00f3w w\u0142asnych<\/li>\n                        <li>przywracania ustawie\u0144 fabrycznych<\/li>\n                        <li>wczytywanie z pliku tekstowego wersji j\u0119zykowej, \u0142atwej do podmiany<\/li>\n                        <li>zegar 24h lub 12h, mo\u017cliwe do ustawiania<\/li>\n                        <li>szereg komunikat\u00f3w i wysoka interakcja z u\u017cytkownikiem<\/li>\n                        <li>informacja o konieczno\u015bci przegl\u0105du urz\u0105dzenia, ustawianie daty przegl\u0105du<\/li>\n                        <li>rejestr zdarze\u0144 i wykonanych operacji przez u\u017cytkownika z okre\u015bleniem czasu<\/li>\n                        <li>super u\u017cytkownik: dodatkowe mo\u017cliwo\u015bci<\/li>\n                        <li>p\u0142ynne rozja\u015bnianie ekranu<\/li>\n                        <li>wiele innych<\/li>\n                        \n                    <\/ul>\n                <\/li>\n            <\/div>\n           \n        <\/ul>\n        \n    <\/article>\n<\/section>\n\n\n\t\t\t\t<\/div>\n\t\t\t\t<\/div>\n\t\t\t\t\t<\/div>\n\t\t<\/div>\n\t\t\t\t\t<\/div>\n\t\t<\/section>\n\t\t\t\t<section class=\"elementor-section elementor-top-section elementor-element elementor-element-19ec94d elementor-section-stretched elementor-section-boxed elementor-section-height-default elementor-section-height-default\" data-id=\"19ec94d\" data-element_type=\"section\" data-e-type=\"section\" data-settings=\"{&quot;stretch_section&quot;:&quot;section-stretched&quot;}\">\n\t\t\t\t\t\t<div class=\"elementor-container elementor-column-gap-default\">\n\t\t\t\t\t<div class=\"elementor-column elementor-col-100 elementor-top-column elementor-element elementor-element-2ff93e8\" data-id=\"2ff93e8\" data-element_type=\"column\" data-e-type=\"column\">\n\t\t\t<div class=\"elementor-widget-wrap elementor-element-populated\">\n\t\t\t\t\t\t<div class=\"elementor-element elementor-element-9799554 elementor-widget elementor-widget-text-editor\" data-id=\"9799554\" data-element_type=\"widget\" data-e-type=\"widget\" data-widget_type=\"text-editor.default\">\n\t\t\t\t<div class=\"elementor-widget-container\">\n\t\t\t\t\t\t\t\t\t<p>Sterownik utworzony zosta\u0142 na podstawie platformy Raspberry Pi 3 B+, oryginalnego 7calowego wy\u015bwietlacza dotykowego oraz gotowych komponent\u00f3w elektronicznych. Odpowiada\u0142o to stosunkowo \u0142atwej mo\u017cliwo\u015bci powielania urz\u0105dzenia oraz systemu, kt\u00f3ry znajdowa\u0142 si\u0119 na karcie microSD. Wykonane stanowisko klonowania kartySD dla Linuxowego typu ext4, oparte by\u0142o o dystrybucj\u0119 Ubuntu mo\u017cliw\u0105 do uruchomienia na wirtualnej maszynie.<\/p><p>Budowa interfejsu graficznego zosta\u0142a oparta o bibliotek\u0119 Qt w wersji 5.10.<\/p>\t\t\t\t\t\t\t\t<\/div>\n\t\t\t\t<\/div>\n\t\t\t\t\t<\/div>\n\t\t<\/div>\n\t\t\t\t\t<\/div>\n\t\t<\/section>\n\t\t\t\t<\/div>\n\t\t","protected":false},"excerpt":{"rendered":"<p>Sterownik do zabieg\u00f3w kriogenicznych Panel steruj\u0105cy mobilnym urz\u0105dzeniem do przeprowadzania zabieg\u00f3w kriogenicznych. Wykonanie sterownika z panelem dotykowym dla urz\u0105dzenia medycznego, dzi\u0119ki kt\u00f3remu \u00a0przeszkolona osoba mo\u017ce wykonywa\u0107 zabiegi. Urz\u0105dzenie fizycznie istnieje od wielu lat, jego koncepcja mechaniczna jest sprawdzona, celem prac by\u0142\u0105 modernizacja sterowania i sterownik na nowocze\u015bniejszy. Sam algorytm steruj\u0105cy urz\u0105dzeniem sprawdza\u0142 si\u0119 do nadzorowania [&hellip;]<\/p>\n","protected":false},"author":1,"featured_media":0,"parent":0,"menu_order":0,"comment_status":"closed","ping_status":"closed","template":"","meta":{"footnotes":""},"class_list":["post-72483","page","type-page","status-publish","hentry"],"yoast_head":"<!-- This site is optimized with the Yoast SEO plugin v27.3 - https:\/\/yoast.com\/product\/yoast-seo-wordpress\/ -->\r\n<title>Elektronika - Ekaltech Biuro In\u017cynierii Systemowej<\/title>\r\n<meta name=\"robots\" content=\"index, follow, max-snippet:-1, max-image-preview:large, max-video-preview:-1\" \/>\r\n<link rel=\"canonical\" href=\"https:\/\/ekaltech.pl\/index.php\/elektronika\/\" \/>\r\n<meta property=\"og:locale\" content=\"pl_PL\" \/>\r\n<meta property=\"og:type\" content=\"article\" \/>\r\n<meta property=\"og:title\" content=\"Elektronika - Ekaltech Biuro In\u017cynierii Systemowej\" \/>\r\n<meta property=\"og:description\" content=\"Sterownik do zabieg\u00f3w kriogenicznych Panel steruj\u0105cy mobilnym urz\u0105dzeniem do przeprowadzania zabieg\u00f3w kriogenicznych. Wykonanie sterownika z panelem dotykowym dla urz\u0105dzenia medycznego, dzi\u0119ki kt\u00f3remu \u00a0przeszkolona osoba mo\u017ce wykonywa\u0107 zabiegi. Urz\u0105dzenie fizycznie istnieje od wielu lat, jego koncepcja mechaniczna jest sprawdzona, celem prac by\u0142\u0105 modernizacja sterowania i sterownik na nowocze\u015bniejszy. Sam algorytm steruj\u0105cy urz\u0105dzeniem sprawdza\u0142 si\u0119 do nadzorowania [&hellip;]\" \/>\r\n<meta property=\"og:url\" content=\"https:\/\/ekaltech.pl\/index.php\/elektronika\/\" \/>\r\n<meta property=\"og:site_name\" content=\"Ekaltech Biuro In\u017cynierii Systemowej\" \/>\r\n<meta property=\"article:modified_time\" content=\"2019-08-09T13:57:13+00:00\" \/>\r\n<meta name=\"twitter:card\" content=\"summary_large_image\" \/>\r\n<meta name=\"twitter:label1\" content=\"Szacowany czas czytania\" \/>\n\t<meta name=\"twitter:data1\" content=\"2 minuty\" \/>\r\n<script type=\"application\/ld+json\" class=\"yoast-schema-graph\">{\"@context\":\"https:\\\/\\\/schema.org\",\"@graph\":[{\"@type\":\"WebPage\",\"@id\":\"https:\\\/\\\/ekaltech.pl\\\/index.php\\\/elektronika\\\/\",\"url\":\"https:\\\/\\\/ekaltech.pl\\\/index.php\\\/elektronika\\\/\",\"name\":\"Elektronika - Ekaltech Biuro In\u017cynierii Systemowej\",\"isPartOf\":{\"@id\":\"https:\\\/\\\/ekaltech.pl\\\/#website\"},\"datePublished\":\"2019-08-06T06:17:29+00:00\",\"dateModified\":\"2019-08-09T13:57:13+00:00\",\"breadcrumb\":{\"@id\":\"https:\\\/\\\/ekaltech.pl\\\/index.php\\\/elektronika\\\/#breadcrumb\"},\"inLanguage\":\"pl-PL\",\"potentialAction\":[{\"@type\":\"ReadAction\",\"target\":[\"https:\\\/\\\/ekaltech.pl\\\/index.php\\\/elektronika\\\/\"]}]},{\"@type\":\"BreadcrumbList\",\"@id\":\"https:\\\/\\\/ekaltech.pl\\\/index.php\\\/elektronika\\\/#breadcrumb\",\"itemListElement\":[{\"@type\":\"ListItem\",\"position\":1,\"name\":\"Home\",\"item\":\"https:\\\/\\\/ekaltech.pl\\\/\"},{\"@type\":\"ListItem\",\"position\":2,\"name\":\"Elektronika\"}]},{\"@type\":\"WebSite\",\"@id\":\"https:\\\/\\\/ekaltech.pl\\\/#website\",\"url\":\"https:\\\/\\\/ekaltech.pl\\\/\",\"name\":\"Ekaltech Biuro In\u017cynierii Systemowej\",\"description\":\"Specjalizujemy si\u0119 w automatyce przemys\u0142owej, automatyce budynkowej, projektowaniu uk\u0142ad\u00f3w sterowania.\",\"publisher\":{\"@id\":\"https:\\\/\\\/ekaltech.pl\\\/#organization\"},\"potentialAction\":[{\"@type\":\"SearchAction\",\"target\":{\"@type\":\"EntryPoint\",\"urlTemplate\":\"https:\\\/\\\/ekaltech.pl\\\/?s={search_term_string}\"},\"query-input\":{\"@type\":\"PropertyValueSpecification\",\"valueRequired\":true,\"valueName\":\"search_term_string\"}}],\"inLanguage\":\"pl-PL\"},{\"@type\":\"Organization\",\"@id\":\"https:\\\/\\\/ekaltech.pl\\\/#organization\",\"name\":\"Ekaltech Biuro In\u017cynierii Systemowej\",\"url\":\"https:\\\/\\\/ekaltech.pl\\\/\",\"logo\":{\"@type\":\"ImageObject\",\"inLanguage\":\"pl-PL\",\"@id\":\"https:\\\/\\\/ekaltech.pl\\\/#\\\/schema\\\/logo\\\/image\\\/\",\"url\":\"https:\\\/\\\/ekaltech.pl\\\/wp-content\\\/uploads\\\/2018\\\/02\\\/cropped-EKALTECH-LOGO-1.png\",\"contentUrl\":\"https:\\\/\\\/ekaltech.pl\\\/wp-content\\\/uploads\\\/2018\\\/02\\\/cropped-EKALTECH-LOGO-1.png\",\"width\":332,\"height\":172,\"caption\":\"Ekaltech Biuro In\u017cynierii Systemowej\"},\"image\":{\"@id\":\"https:\\\/\\\/ekaltech.pl\\\/#\\\/schema\\\/logo\\\/image\\\/\"}}]}<\/script>\r\n<!-- \/ Yoast SEO plugin. -->","yoast_head_json":{"title":"Elektronika - Ekaltech Biuro In\u017cynierii Systemowej","robots":{"index":"index","follow":"follow","max-snippet":"max-snippet:-1","max-image-preview":"max-image-preview:large","max-video-preview":"max-video-preview:-1"},"canonical":"https:\/\/ekaltech.pl\/index.php\/elektronika\/","og_locale":"pl_PL","og_type":"article","og_title":"Elektronika - Ekaltech Biuro In\u017cynierii Systemowej","og_description":"Sterownik do zabieg\u00f3w kriogenicznych Panel steruj\u0105cy mobilnym urz\u0105dzeniem do przeprowadzania zabieg\u00f3w kriogenicznych. Wykonanie sterownika z panelem dotykowym dla urz\u0105dzenia medycznego, dzi\u0119ki kt\u00f3remu \u00a0przeszkolona osoba mo\u017ce wykonywa\u0107 zabiegi. Urz\u0105dzenie fizycznie istnieje od wielu lat, jego koncepcja mechaniczna jest sprawdzona, celem prac by\u0142\u0105 modernizacja sterowania i sterownik na nowocze\u015bniejszy. Sam algorytm steruj\u0105cy urz\u0105dzeniem sprawdza\u0142 si\u0119 do nadzorowania [&hellip;]","og_url":"https:\/\/ekaltech.pl\/index.php\/elektronika\/","og_site_name":"Ekaltech Biuro In\u017cynierii Systemowej","article_modified_time":"2019-08-09T13:57:13+00:00","twitter_card":"summary_large_image","twitter_misc":{"Szacowany czas czytania":"2 minuty"},"schema":{"@context":"https:\/\/schema.org","@graph":[{"@type":"WebPage","@id":"https:\/\/ekaltech.pl\/index.php\/elektronika\/","url":"https:\/\/ekaltech.pl\/index.php\/elektronika\/","name":"Elektronika - Ekaltech Biuro In\u017cynierii Systemowej","isPartOf":{"@id":"https:\/\/ekaltech.pl\/#website"},"datePublished":"2019-08-06T06:17:29+00:00","dateModified":"2019-08-09T13:57:13+00:00","breadcrumb":{"@id":"https:\/\/ekaltech.pl\/index.php\/elektronika\/#breadcrumb"},"inLanguage":"pl-PL","potentialAction":[{"@type":"ReadAction","target":["https:\/\/ekaltech.pl\/index.php\/elektronika\/"]}]},{"@type":"BreadcrumbList","@id":"https:\/\/ekaltech.pl\/index.php\/elektronika\/#breadcrumb","itemListElement":[{"@type":"ListItem","position":1,"name":"Home","item":"https:\/\/ekaltech.pl\/"},{"@type":"ListItem","position":2,"name":"Elektronika"}]},{"@type":"WebSite","@id":"https:\/\/ekaltech.pl\/#website","url":"https:\/\/ekaltech.pl\/","name":"Ekaltech Biuro In\u017cynierii Systemowej","description":"Specjalizujemy si\u0119 w automatyce przemys\u0142owej, automatyce budynkowej, projektowaniu uk\u0142ad\u00f3w sterowania.","publisher":{"@id":"https:\/\/ekaltech.pl\/#organization"},"potentialAction":[{"@type":"SearchAction","target":{"@type":"EntryPoint","urlTemplate":"https:\/\/ekaltech.pl\/?s={search_term_string}"},"query-input":{"@type":"PropertyValueSpecification","valueRequired":true,"valueName":"search_term_string"}}],"inLanguage":"pl-PL"},{"@type":"Organization","@id":"https:\/\/ekaltech.pl\/#organization","name":"Ekaltech Biuro In\u017cynierii Systemowej","url":"https:\/\/ekaltech.pl\/","logo":{"@type":"ImageObject","inLanguage":"pl-PL","@id":"https:\/\/ekaltech.pl\/#\/schema\/logo\/image\/","url":"https:\/\/ekaltech.pl\/wp-content\/uploads\/2018\/02\/cropped-EKALTECH-LOGO-1.png","contentUrl":"https:\/\/ekaltech.pl\/wp-content\/uploads\/2018\/02\/cropped-EKALTECH-LOGO-1.png","width":332,"height":172,"caption":"Ekaltech Biuro In\u017cynierii Systemowej"},"image":{"@id":"https:\/\/ekaltech.pl\/#\/schema\/logo\/image\/"}}]}},"_links":{"self":[{"href":"https:\/\/ekaltech.pl\/index.php\/wp-json\/wp\/v2\/pages\/72483","targetHints":{"allow":["GET"]}}],"collection":[{"href":"https:\/\/ekaltech.pl\/index.php\/wp-json\/wp\/v2\/pages"}],"about":[{"href":"https:\/\/ekaltech.pl\/index.php\/wp-json\/wp\/v2\/types\/page"}],"author":[{"embeddable":true,"href":"https:\/\/ekaltech.pl\/index.php\/wp-json\/wp\/v2\/users\/1"}],"replies":[{"embeddable":true,"href":"https:\/\/ekaltech.pl\/index.php\/wp-json\/wp\/v2\/comments?post=72483"}],"version-history":[{"count":17,"href":"https:\/\/ekaltech.pl\/index.php\/wp-json\/wp\/v2\/pages\/72483\/revisions"}],"predecessor-version":[{"id":72505,"href":"https:\/\/ekaltech.pl\/index.php\/wp-json\/wp\/v2\/pages\/72483\/revisions\/72505"}],"wp:attachment":[{"href":"https:\/\/ekaltech.pl\/index.php\/wp-json\/wp\/v2\/media?parent=72483"}],"curies":[{"name":"wp","href":"https:\/\/api.w.org\/{rel}","templated":true}]}}