{"id":72061,"date":"2019-06-14T12:19:11","date_gmt":"2019-06-14T10:19:11","guid":{"rendered":"http:\/\/ekaltech.pl\/?page_id=72061"},"modified":"2023-06-02T11:53:13","modified_gmt":"2023-06-02T09:53:13","slug":"oferta-2","status":"publish","type":"page","link":"https:\/\/ekaltech.pl\/index.php\/oferta-2\/","title":{"rendered":"Oferta"},"content":{"rendered":"\t\t<div data-elementor-type=\"wp-page\" data-elementor-id=\"72061\" class=\"elementor elementor-72061\">\n\t\t\t\t\t\t<section class=\"elementor-section elementor-top-section elementor-element elementor-element-45x8t9u elementor-section-stretched elementor-section-boxed elementor-section-height-default elementor-section-height-default\" data-id=\"45x8t9u\" data-element_type=\"section\" data-e-type=\"section\" data-settings=\"{&quot;stretch_section&quot;:&quot;section-stretched&quot;}\">\n\t\t\t\t\t\t<div class=\"elementor-container elementor-column-gap-default\">\n\t\t\t\t\t<div class=\"elementor-column elementor-col-33 elementor-top-column elementor-element elementor-element-tm8o30x\" data-id=\"tm8o30x\" data-element_type=\"column\" data-e-type=\"column\">\n\t\t\t<div class=\"elementor-widget-wrap elementor-element-populated\">\n\t\t\t\t\t\t<div class=\"elementor-element elementor-element-xdj81i3 elementor-widget elementor-widget-html\" data-id=\"xdj81i3\" data-element_type=\"widget\" data-e-type=\"widget\" data-widget_type=\"html.default\">\n\t\t\t\t<div class=\"elementor-widget-container\">\n\t\t\t\t\t<style>\n    #body{\n        \n\n       \n   \n        \n       \n        \n        \n    }\n    .header{\n    \tz-index: 1;\n    \tdisplay: flex;\n    \tjustify-content: center;\n    \talign-items:center;\n    \tposition: relative;\n    \tcolor:white;\n    \theight:193px;\n        width:370px;\n    \t\/*border:solid red ;*\/\n    }\n    \n    \n     .header:after{\n        content:\"\";\n\t    position: absolute;\n        height:193px;\n        width:370px;\n        background-size:370px 193px;\n        background-image: url(\"\/wp-content\/themes\/pictures\/one.jpg \");\n        background-repeat: no-repeat;\n        filter: opacity(.4);\n         \n     }\n \n   .headerText {\n        z-index: 10;\n        padding:5px;\n   }\n   .header h2{\n    \n       \/*color:rgba(29, 26, 20);*\/\n       color:black;\n       font-weight:900;\n       text-align: center;\n       font-size:30px;\n   }\n    \n    \n    \n    \n    \n    \n    #article{\n        padding:15px 10px 5px 10px ;\n        font-weight:900;\n        color:black;\n        background-color:rgb(188, 186, 186);\n        \/*color:white;*\/\n        \/*background-color:rgba(47, 47, 47,0.8);*\/\n        position: relative;\n        height:480px;\n       \n    }\n\n   \n\n    \n<\/style>\n\n <div id=body>\n    <div class=header>\n  \n       <!--<img decoding=\"async\" class=\"image\" style=\"height:250px\" src=\"http:\/\/ekaltech.pl\/wp-content\/uploads\/2019\/06\/Photogenica-PHX93731904-Copy-1-1024x576.jpg\" class=\"attachment-large size-large\" alt=\"\" srcset=\"http:\/\/ekaltech.pl\/wp-content\/uploads\/2019\/06\/Photogenica-PHX93731904-Copy-1-1024x576.jpg 1024w, http:\/\/ekaltech.pl\/wp-content\/uploads\/2019\/06\/Photogenica-PHX93731904-Copy-1-300x169.jpg 300w, http:\/\/ekaltech.pl\/wp-content\/uploads\/2019\/06\/Photogenica-PHX93731904-Copy-1-768x432.jpg 768w\" sizes=\"(max-width: 100%) 100%, 760px\">-->\n        <div class=\"headerText\">\n            <h2>Systemy sterowania <br>i wizualizacji <br>automatyki przemys\u0142owej<\/h2>\n        <\/div>\n    <\/div>\n        \n       \n\n    \n    <div id =article>\n        <ul>\n            <li>Wieloosiowe maszyny CNC z mo\u017cliwo\u015bci\u0105 ich programowania w G-code<\/li>\n            <li>CNC sterowanie numeryczne<\/li>\n            <li>Od projektu do uruchomienia sto\u0142\u00f3w transportowych do paletyzacji i depaletyzacji<\/li>\n            <li>Systemy monitoringu obiekt\u00f3w przemys\u0142owych<\/li>\n            <li>Programowanie sterownik\u00f3w PLC<\/li>\n            <li>Modernizacje manipulator\u00f3w<\/li>\n            <li>Projektowanie i budowa zrobotyzowanych stanowisk<\/li>\n            <li>Robotyzacja linii przemys\u0142owych<\/li>\n        <\/ul>\n        \n    <\/div>\n        \n    \n<\/div>\t\t\t\t<\/div>\n\t\t\t\t<\/div>\n\t\t\t\t\t<\/div>\n\t\t<\/div>\n\t\t\t\t<div class=\"elementor-column elementor-col-33 elementor-top-column elementor-element elementor-element-5aegyr4\" data-id=\"5aegyr4\" data-element_type=\"column\" data-e-type=\"column\">\n\t\t\t<div class=\"elementor-widget-wrap elementor-element-populated\">\n\t\t\t\t\t\t<div class=\"elementor-element elementor-element-79s2h2r elementor-widget elementor-widget-html\" data-id=\"79s2h2r\" data-element_type=\"widget\" data-e-type=\"widget\" data-widget_type=\"html.default\">\n\t\t\t\t<div class=\"elementor-widget-container\">\n\t\t\t\t\t<style>\n\n    .headerTwo{\n    \tz-index: 1;\n    \tdisplay: flex;\n    \tjustify-content: center;\n    \talign-items:center;\n    \tposition: relative;\n    \tcolor:white;\n    \theight:193px;\n        width:370px;\n\n    }\n    \n    \n     .headerTwo:after{\n        content:\"\";\n\t    position: absolute;\n        height:193px;\n        width:370px;\n        background-size:370px 193px;\n        background-image: url(\"\/wp-content\/themes\/pictures\/column_two.jpg \");\n        background-repeat: no-repeat;\n        filter: opacity(.9);\n         \n     }\n \n   .headerTextTwo {\n        z-index: 10;\n        padding:5px;\n   }\n   .headerTwo h2{\n       color:rgba(242, 242, 242);\n       font-weight:900;\n       font-size:30px;\n   }\n    \n    \n    \n    \n    \n    \n    #articleTwo{\n        padding:15px 10px 5px 10px ;\n        font-weight:900;\n        color:white;\n        background-color:rgba(47, 47, 47,0.8);\n        \/*color:black;*\/\n        \/*background-color:rgb(188, 186, 186);*\/\n        position: relative;\n        height:480px;\n       \n    }\n<\/style>\n\n\n\n\n<div id=body>\n    <div class=headerTwo>\n        <div class=\"headerTextTwo\">\n            <h2>Automatyka budynkowa<\/h2>\n        <\/div>\n    <\/div>\n    \n    <div id=articleTwo>\n        <ul>\n            <li>System automatyki ogrzewania,wentylacji i klimatyzacji (HVAC)<\/li>\n            <li>System nadzoru i sterowania budynk\u00f3w BMS<\/li>\n            \n        <\/ul>\n    \n    <\/div>   \n<\/div>\t\t\t\t<\/div>\n\t\t\t\t<\/div>\n\t\t\t\t\t<\/div>\n\t\t<\/div>\n\t\t\t\t<div class=\"elementor-column elementor-col-33 elementor-top-column elementor-element elementor-element-fd9469b\" data-id=\"fd9469b\" data-element_type=\"column\" data-e-type=\"column\">\n\t\t\t<div class=\"elementor-widget-wrap elementor-element-populated\">\n\t\t\t\t\t\t<div class=\"elementor-element elementor-element-d125521 elementor-widget elementor-widget-text-editor\" data-id=\"d125521\" data-element_type=\"widget\" data-e-type=\"widget\" data-widget_type=\"text-editor.default\">\n\t\t\t\t<div class=\"elementor-widget-container\">\n\t\t\t\t\t\t\t\t\t<p style=\"text-align: center;\"><strong>Robotyzacja linii przemys\u0142owych<\/strong><\/p><ul><li><p><span style=\"color: #000000;\">kompleksowe rozwi\u0105zania z dziedziny robotyki przemys\u0142owej pozwalaj\u0105ce na uruchomienie oraz modernizacj\u0119 instalacji\u00a0<\/span><\/p><\/li><li><p><span style=\"color: #000000;\">realizacja projekt\u00f3w ich wykonawstwa, profesjonalne programowanie robot\u00f3w (online, offline) z wykorzystaniem produkt\u00f3w firmy KUKA<\/span><\/p><\/li><li><p><span style=\"color: #000000;\">us\u0142uga HOT-LINE<\/span><\/p><\/li><li><p><span style=\"color: #000000;\">uruchomienie linii zrobotyzowanych, z mo\u017cliwo\u015bci\u0105 zwi\u0119kszenia wydajno\u015bci ju\u017c istniej\u0105cych<\/span><\/p><\/li><li><p><span style=\"color: #000000;\">\u00a0doradztwo w zakresie uruchamiania linii zrobotyzowanych<\/span><\/p><\/li><li><span style=\"color: #000000;\"> linie technologiczne do paletyzacji i depaletyzacji oraz zaawansowane rozwi\u0105zania automatyki przemys\u0142owej<\/span><\/li><\/ul>\t\t\t\t\t\t\t\t<\/div>\n\t\t\t\t<\/div>\n\t\t\t\t<div class=\"elementor-element elementor-element-c499f3d elementor-widget elementor-widget-image\" data-id=\"c499f3d\" data-element_type=\"widget\" data-e-type=\"widget\" data-widget_type=\"image.default\">\n\t\t\t\t<div class=\"elementor-widget-container\">\n\t\t\t\t\t\t\t\t\t\t\t\t\t\t\t<img fetchpriority=\"high\" decoding=\"async\" width=\"583\" height=\"281\" src=\"https:\/\/ekaltech.pl\/wp-content\/uploads\/2017\/09\/motion_kuka.jpg\" class=\"attachment-large size-large wp-image-71251\" alt=\"\" srcset=\"https:\/\/ekaltech.pl\/wp-content\/uploads\/2017\/09\/motion_kuka.jpg 583w, https:\/\/ekaltech.pl\/wp-content\/uploads\/2017\/09\/motion_kuka-300x145.jpg 300w\" sizes=\"(max-width: 583px) 100vw, 583px\" \/>\t\t\t\t\t\t\t\t\t\t\t\t\t\t\t<\/div>\n\t\t\t\t<\/div>\n\t\t\t\t\t<\/div>\n\t\t<\/div>\n\t\t\t\t\t<\/div>\n\t\t<\/section>\n\t\t\t\t<\/div>\n\t\t","protected":false},"excerpt":{"rendered":"<p>Systemy sterowania i wizualizacji automatyki przemys\u0142owej Wieloosiowe maszyny CNC z mo\u017cliwo\u015bci\u0105 ich programowania w G-code CNC sterowanie numeryczne Od projektu do uruchomienia sto\u0142\u00f3w transportowych do paletyzacji i depaletyzacji Systemy monitoringu obiekt\u00f3w przemys\u0142owych Programowanie sterownik\u00f3w PLC Modernizacje manipulator\u00f3w Projektowanie i budowa zrobotyzowanych stanowisk Robotyzacja linii przemys\u0142owych Automatyka budynkowa System automatyki ogrzewania,wentylacji i klimatyzacji (HVAC) System nadzoru [&hellip;]<\/p>\n","protected":false},"author":1,"featured_media":0,"parent":0,"menu_order":0,"comment_status":"closed","ping_status":"closed","template":"","meta":{"footnotes":""},"class_list":["post-72061","page","type-page","status-publish","hentry"],"yoast_head":"<!-- This site is optimized with the Yoast SEO plugin v27.5 - https:\/\/yoast.com\/product\/yoast-seo-wordpress\/ -->\r\n<title>Oferta - Ekaltech Biuro In\u017cynierii Systemowej<\/title>\r\n<meta name=\"robots\" content=\"index, follow, max-snippet:-1, max-image-preview:large, max-video-preview:-1\" \/>\r\n<link rel=\"canonical\" href=\"https:\/\/ekaltech.pl\/index.php\/oferta-2\/\" \/>\r\n<meta property=\"og:locale\" content=\"pl_PL\" \/>\r\n<meta property=\"og:type\" content=\"article\" \/>\r\n<meta property=\"og:title\" content=\"Oferta - Ekaltech Biuro In\u017cynierii Systemowej\" \/>\r\n<meta property=\"og:description\" content=\"Systemy sterowania i wizualizacji automatyki przemys\u0142owej Wieloosiowe maszyny CNC z mo\u017cliwo\u015bci\u0105 ich programowania w G-code CNC sterowanie numeryczne Od projektu do uruchomienia sto\u0142\u00f3w transportowych do paletyzacji i depaletyzacji Systemy monitoringu obiekt\u00f3w przemys\u0142owych Programowanie sterownik\u00f3w PLC Modernizacje manipulator\u00f3w Projektowanie i budowa zrobotyzowanych stanowisk Robotyzacja linii przemys\u0142owych Automatyka budynkowa System automatyki ogrzewania,wentylacji i klimatyzacji (HVAC) System nadzoru [&hellip;]\" \/>\r\n<meta property=\"og:url\" content=\"https:\/\/ekaltech.pl\/index.php\/oferta-2\/\" \/>\r\n<meta property=\"og:site_name\" content=\"Ekaltech Biuro In\u017cynierii Systemowej\" \/>\r\n<meta property=\"article:modified_time\" content=\"2023-06-02T09:53:13+00:00\" \/>\r\n<meta property=\"og:image\" content=\"http:\/\/ekaltech.pl\/wp-content\/uploads\/2019\/06\/Photogenica-PHX93731904-Copy-1-1024x576.jpg\" \/>\r\n<meta name=\"twitter:card\" content=\"summary_large_image\" \/>\r\n<meta name=\"twitter:label1\" content=\"Szacowany czas czytania\" \/>\n\t<meta name=\"twitter:data1\" content=\"2 minuty\" \/>\r\n<script type=\"application\/ld+json\" class=\"yoast-schema-graph\">{\"@context\":\"https:\\\/\\\/schema.org\",\"@graph\":[{\"@type\":\"WebPage\",\"@id\":\"https:\\\/\\\/ekaltech.pl\\\/index.php\\\/oferta-2\\\/\",\"url\":\"https:\\\/\\\/ekaltech.pl\\\/index.php\\\/oferta-2\\\/\",\"name\":\"Oferta - Ekaltech Biuro In\u017cynierii Systemowej\",\"isPartOf\":{\"@id\":\"https:\\\/\\\/ekaltech.pl\\\/#website\"},\"primaryImageOfPage\":{\"@id\":\"https:\\\/\\\/ekaltech.pl\\\/index.php\\\/oferta-2\\\/#primaryimage\"},\"image\":{\"@id\":\"https:\\\/\\\/ekaltech.pl\\\/index.php\\\/oferta-2\\\/#primaryimage\"},\"thumbnailUrl\":\"http:\\\/\\\/ekaltech.pl\\\/wp-content\\\/uploads\\\/2019\\\/06\\\/Photogenica-PHX93731904-Copy-1-1024x576.jpg\",\"datePublished\":\"2019-06-14T10:19:11+00:00\",\"dateModified\":\"2023-06-02T09:53:13+00:00\",\"breadcrumb\":{\"@id\":\"https:\\\/\\\/ekaltech.pl\\\/index.php\\\/oferta-2\\\/#breadcrumb\"},\"inLanguage\":\"pl-PL\",\"potentialAction\":[{\"@type\":\"ReadAction\",\"target\":[\"https:\\\/\\\/ekaltech.pl\\\/index.php\\\/oferta-2\\\/\"]}]},{\"@type\":\"ImageObject\",\"inLanguage\":\"pl-PL\",\"@id\":\"https:\\\/\\\/ekaltech.pl\\\/index.php\\\/oferta-2\\\/#primaryimage\",\"url\":\"http:\\\/\\\/ekaltech.pl\\\/wp-content\\\/uploads\\\/2019\\\/06\\\/Photogenica-PHX93731904-Copy-1-1024x576.jpg\",\"contentUrl\":\"http:\\\/\\\/ekaltech.pl\\\/wp-content\\\/uploads\\\/2019\\\/06\\\/Photogenica-PHX93731904-Copy-1-1024x576.jpg\"},{\"@type\":\"BreadcrumbList\",\"@id\":\"https:\\\/\\\/ekaltech.pl\\\/index.php\\\/oferta-2\\\/#breadcrumb\",\"itemListElement\":[{\"@type\":\"ListItem\",\"position\":1,\"name\":\"Home\",\"item\":\"https:\\\/\\\/ekaltech.pl\\\/\"},{\"@type\":\"ListItem\",\"position\":2,\"name\":\"Oferta\"}]},{\"@type\":\"WebSite\",\"@id\":\"https:\\\/\\\/ekaltech.pl\\\/#website\",\"url\":\"https:\\\/\\\/ekaltech.pl\\\/\",\"name\":\"Ekaltech Biuro In\u017cynierii Systemowej\",\"description\":\"Specjalizujemy si\u0119 w automatyce przemys\u0142owej, automatyce budynkowej, projektowaniu uk\u0142ad\u00f3w sterowania.\",\"publisher\":{\"@id\":\"https:\\\/\\\/ekaltech.pl\\\/#organization\"},\"potentialAction\":[{\"@type\":\"SearchAction\",\"target\":{\"@type\":\"EntryPoint\",\"urlTemplate\":\"https:\\\/\\\/ekaltech.pl\\\/?s={search_term_string}\"},\"query-input\":{\"@type\":\"PropertyValueSpecification\",\"valueRequired\":true,\"valueName\":\"search_term_string\"}}],\"inLanguage\":\"pl-PL\"},{\"@type\":\"Organization\",\"@id\":\"https:\\\/\\\/ekaltech.pl\\\/#organization\",\"name\":\"Ekaltech Biuro In\u017cynierii Systemowej\",\"url\":\"https:\\\/\\\/ekaltech.pl\\\/\",\"logo\":{\"@type\":\"ImageObject\",\"inLanguage\":\"pl-PL\",\"@id\":\"https:\\\/\\\/ekaltech.pl\\\/#\\\/schema\\\/logo\\\/image\\\/\",\"url\":\"https:\\\/\\\/ekaltech.pl\\\/wp-content\\\/uploads\\\/2018\\\/02\\\/cropped-EKALTECH-LOGO-1.png\",\"contentUrl\":\"https:\\\/\\\/ekaltech.pl\\\/wp-content\\\/uploads\\\/2018\\\/02\\\/cropped-EKALTECH-LOGO-1.png\",\"width\":332,\"height\":172,\"caption\":\"Ekaltech Biuro In\u017cynierii Systemowej\"},\"image\":{\"@id\":\"https:\\\/\\\/ekaltech.pl\\\/#\\\/schema\\\/logo\\\/image\\\/\"}}]}<\/script>\r\n<!-- \/ Yoast SEO plugin. -->","yoast_head_json":{"title":"Oferta - Ekaltech Biuro In\u017cynierii Systemowej","robots":{"index":"index","follow":"follow","max-snippet":"max-snippet:-1","max-image-preview":"max-image-preview:large","max-video-preview":"max-video-preview:-1"},"canonical":"https:\/\/ekaltech.pl\/index.php\/oferta-2\/","og_locale":"pl_PL","og_type":"article","og_title":"Oferta - Ekaltech Biuro In\u017cynierii Systemowej","og_description":"Systemy sterowania i wizualizacji automatyki przemys\u0142owej Wieloosiowe maszyny CNC z mo\u017cliwo\u015bci\u0105 ich programowania w G-code CNC sterowanie numeryczne Od projektu do uruchomienia sto\u0142\u00f3w transportowych do paletyzacji i depaletyzacji Systemy monitoringu obiekt\u00f3w przemys\u0142owych Programowanie sterownik\u00f3w PLC Modernizacje manipulator\u00f3w Projektowanie i budowa zrobotyzowanych stanowisk Robotyzacja linii przemys\u0142owych Automatyka budynkowa System automatyki ogrzewania,wentylacji i klimatyzacji (HVAC) System nadzoru [&hellip;]","og_url":"https:\/\/ekaltech.pl\/index.php\/oferta-2\/","og_site_name":"Ekaltech Biuro In\u017cynierii Systemowej","article_modified_time":"2023-06-02T09:53:13+00:00","og_image":[{"url":"http:\/\/ekaltech.pl\/wp-content\/uploads\/2019\/06\/Photogenica-PHX93731904-Copy-1-1024x576.jpg","type":"","width":"","height":""}],"twitter_card":"summary_large_image","twitter_misc":{"Szacowany czas czytania":"2 minuty"},"schema":{"@context":"https:\/\/schema.org","@graph":[{"@type":"WebPage","@id":"https:\/\/ekaltech.pl\/index.php\/oferta-2\/","url":"https:\/\/ekaltech.pl\/index.php\/oferta-2\/","name":"Oferta - Ekaltech Biuro In\u017cynierii Systemowej","isPartOf":{"@id":"https:\/\/ekaltech.pl\/#website"},"primaryImageOfPage":{"@id":"https:\/\/ekaltech.pl\/index.php\/oferta-2\/#primaryimage"},"image":{"@id":"https:\/\/ekaltech.pl\/index.php\/oferta-2\/#primaryimage"},"thumbnailUrl":"http:\/\/ekaltech.pl\/wp-content\/uploads\/2019\/06\/Photogenica-PHX93731904-Copy-1-1024x576.jpg","datePublished":"2019-06-14T10:19:11+00:00","dateModified":"2023-06-02T09:53:13+00:00","breadcrumb":{"@id":"https:\/\/ekaltech.pl\/index.php\/oferta-2\/#breadcrumb"},"inLanguage":"pl-PL","potentialAction":[{"@type":"ReadAction","target":["https:\/\/ekaltech.pl\/index.php\/oferta-2\/"]}]},{"@type":"ImageObject","inLanguage":"pl-PL","@id":"https:\/\/ekaltech.pl\/index.php\/oferta-2\/#primaryimage","url":"http:\/\/ekaltech.pl\/wp-content\/uploads\/2019\/06\/Photogenica-PHX93731904-Copy-1-1024x576.jpg","contentUrl":"http:\/\/ekaltech.pl\/wp-content\/uploads\/2019\/06\/Photogenica-PHX93731904-Copy-1-1024x576.jpg"},{"@type":"BreadcrumbList","@id":"https:\/\/ekaltech.pl\/index.php\/oferta-2\/#breadcrumb","itemListElement":[{"@type":"ListItem","position":1,"name":"Home","item":"https:\/\/ekaltech.pl\/"},{"@type":"ListItem","position":2,"name":"Oferta"}]},{"@type":"WebSite","@id":"https:\/\/ekaltech.pl\/#website","url":"https:\/\/ekaltech.pl\/","name":"Ekaltech Biuro In\u017cynierii Systemowej","description":"Specjalizujemy si\u0119 w automatyce przemys\u0142owej, automatyce budynkowej, projektowaniu uk\u0142ad\u00f3w sterowania.","publisher":{"@id":"https:\/\/ekaltech.pl\/#organization"},"potentialAction":[{"@type":"SearchAction","target":{"@type":"EntryPoint","urlTemplate":"https:\/\/ekaltech.pl\/?s={search_term_string}"},"query-input":{"@type":"PropertyValueSpecification","valueRequired":true,"valueName":"search_term_string"}}],"inLanguage":"pl-PL"},{"@type":"Organization","@id":"https:\/\/ekaltech.pl\/#organization","name":"Ekaltech Biuro In\u017cynierii Systemowej","url":"https:\/\/ekaltech.pl\/","logo":{"@type":"ImageObject","inLanguage":"pl-PL","@id":"https:\/\/ekaltech.pl\/#\/schema\/logo\/image\/","url":"https:\/\/ekaltech.pl\/wp-content\/uploads\/2018\/02\/cropped-EKALTECH-LOGO-1.png","contentUrl":"https:\/\/ekaltech.pl\/wp-content\/uploads\/2018\/02\/cropped-EKALTECH-LOGO-1.png","width":332,"height":172,"caption":"Ekaltech Biuro In\u017cynierii Systemowej"},"image":{"@id":"https:\/\/ekaltech.pl\/#\/schema\/logo\/image\/"}}]}},"_links":{"self":[{"href":"https:\/\/ekaltech.pl\/index.php\/wp-json\/wp\/v2\/pages\/72061","targetHints":{"allow":["GET"]}}],"collection":[{"href":"https:\/\/ekaltech.pl\/index.php\/wp-json\/wp\/v2\/pages"}],"about":[{"href":"https:\/\/ekaltech.pl\/index.php\/wp-json\/wp\/v2\/types\/page"}],"author":[{"embeddable":true,"href":"https:\/\/ekaltech.pl\/index.php\/wp-json\/wp\/v2\/users\/1"}],"replies":[{"embeddable":true,"href":"https:\/\/ekaltech.pl\/index.php\/wp-json\/wp\/v2\/comments?post=72061"}],"version-history":[{"count":168,"href":"https:\/\/ekaltech.pl\/index.php\/wp-json\/wp\/v2\/pages\/72061\/revisions"}],"predecessor-version":[{"id":74320,"href":"https:\/\/ekaltech.pl\/index.php\/wp-json\/wp\/v2\/pages\/72061\/revisions\/74320"}],"wp:attachment":[{"href":"https:\/\/ekaltech.pl\/index.php\/wp-json\/wp\/v2\/media?parent=72061"}],"curies":[{"name":"wp","href":"https:\/\/api.w.org\/{rel}","templated":true}]}}