{"id":71970,"date":"2019-03-28T08:31:28","date_gmt":"2019-03-28T07:31:28","guid":{"rendered":"http:\/\/ekaltech.pl\/?page_id=71970"},"modified":"2021-06-08T09:32:31","modified_gmt":"2021-06-08T07:32:31","slug":"oferty-pracy","status":"publish","type":"page","link":"https:\/\/ekaltech.pl\/index.php\/oferty-pracy\/","title":{"rendered":"Oferty pracy"},"content":{"rendered":"\t\t<div data-elementor-type=\"wp-page\" data-elementor-id=\"71970\" class=\"elementor elementor-71970\">\n\t\t\t\t\t\t<section class=\"elementor-section elementor-top-section elementor-element elementor-element-668bkl1 elementor-section-stretched elementor-section-full_width elementor-section-height-default elementor-section-height-default\" data-id=\"668bkl1\" data-element_type=\"section\" data-e-type=\"section\" data-settings=\"{&quot;stretch_section&quot;:&quot;section-stretched&quot;}\">\n\t\t\t\t\t\t<div class=\"elementor-container elementor-column-gap-default\">\n\t\t\t\t\t<div class=\"elementor-column elementor-col-25 elementor-top-column elementor-element elementor-element-ua4gq99\" data-id=\"ua4gq99\" data-element_type=\"column\" data-e-type=\"column\">\n\t\t\t<div class=\"elementor-widget-wrap\">\n\t\t\t\t\t\t\t<\/div>\n\t\t<\/div>\n\t\t\t\t<div class=\"elementor-column elementor-col-50 elementor-top-column elementor-element elementor-element-b00quyv\" data-id=\"b00quyv\" data-element_type=\"column\" data-e-type=\"column\">\n\t\t\t<div class=\"elementor-widget-wrap elementor-element-populated\">\n\t\t\t\t\t\t<div class=\"elementor-element elementor-element-hmlpls5 elementor-widget elementor-widget-html\" data-id=\"hmlpls5\" data-element_type=\"widget\" data-e-type=\"widget\" data-widget_type=\"html.default\">\n\t\t\t\t<div class=\"elementor-widget-container\">\n\t\t\t\t\t<style>\n    div.title {\n        text-align: center;\n    }\n    div.position {\n        font-size: 28px;\n        text-align: center;\n    }\n    div.moreInfo {\n        text-align: center;\n    }\n    \n<\/style>\n\n<h2><div class=\"title\">AKTUALNE OFERTY PRACY:<\/div><\/h2>\n<div class=\"position\">In\u017cynier automatyk <\/div>\n<div class=\"moreInfo\"><a href=\"\\praca\\inzynierAutomatykPraktyki.pdf\">Wiecej informacji<\/a><\/div>\n<div class=\"position\">M\u0142odszy konstruktor <\/div>\n<div class=\"moreInfo\"><a href=\"\\praca\\MlodszyKonstruktorPraktyki.pdf\">Wiecej informacji<\/a><\/div>\n<br>\n\t\t\t\t<\/div>\n\t\t\t\t<\/div>\n\t\t\t\t\t<\/div>\n\t\t<\/div>\n\t\t\t\t<div class=\"elementor-column elementor-col-25 elementor-top-column elementor-element elementor-element-s9zlesx\" data-id=\"s9zlesx\" data-element_type=\"column\" data-e-type=\"column\">\n\t\t\t<div class=\"elementor-widget-wrap\">\n\t\t\t\t\t\t\t<\/div>\n\t\t<\/div>\n\t\t\t\t\t<\/div>\n\t\t<\/section>\n\t\t\t\t<\/div>\n\t\t","protected":false},"excerpt":{"rendered":"<p>AKTUALNE OFERTY PRACY: In\u017cynier automatyk Wiecej informacji M\u0142odszy konstruktor Wiecej informacji<\/p>\n","protected":false},"author":1,"featured_media":0,"parent":0,"menu_order":0,"comment_status":"closed","ping_status":"closed","template":"","meta":{"footnotes":""},"class_list":["post-71970","page","type-page","status-publish","hentry"],"yoast_head":"<!-- This site is optimized with the Yoast SEO plugin v27.3 - https:\/\/yoast.com\/product\/yoast-seo-wordpress\/ -->\r\n<title>Oferty pracy - Ekaltech Biuro In\u017cynierii Systemowej<\/title>\r\n<meta name=\"robots\" content=\"index, follow, max-snippet:-1, max-image-preview:large, max-video-preview:-1\" \/>\r\n<link rel=\"canonical\" href=\"https:\/\/ekaltech.pl\/index.php\/oferty-pracy\/\" \/>\r\n<meta property=\"og:locale\" content=\"pl_PL\" \/>\r\n<meta property=\"og:type\" content=\"article\" \/>\r\n<meta property=\"og:title\" content=\"Oferty pracy - Ekaltech Biuro In\u017cynierii Systemowej\" \/>\r\n<meta property=\"og:description\" content=\"AKTUALNE OFERTY PRACY: In\u017cynier automatyk Wiecej informacji M\u0142odszy konstruktor Wiecej informacji\" \/>\r\n<meta property=\"og:url\" content=\"https:\/\/ekaltech.pl\/index.php\/oferty-pracy\/\" \/>\r\n<meta property=\"og:site_name\" content=\"Ekaltech Biuro In\u017cynierii Systemowej\" \/>\r\n<meta property=\"article:modified_time\" content=\"2021-06-08T07:32:31+00:00\" \/>\r\n<meta name=\"twitter:card\" content=\"summary_large_image\" \/>\r\n<meta name=\"twitter:label1\" content=\"Szacowany czas czytania\" \/>\n\t<meta name=\"twitter:data1\" content=\"1 minuta\" \/>\r\n<script type=\"application\/ld+json\" class=\"yoast-schema-graph\">{\"@context\":\"https:\\\/\\\/schema.org\",\"@graph\":[{\"@type\":\"WebPage\",\"@id\":\"https:\\\/\\\/ekaltech.pl\\\/index.php\\\/oferty-pracy\\\/\",\"url\":\"https:\\\/\\\/ekaltech.pl\\\/index.php\\\/oferty-pracy\\\/\",\"name\":\"Oferty pracy - Ekaltech Biuro In\u017cynierii Systemowej\",\"isPartOf\":{\"@id\":\"https:\\\/\\\/ekaltech.pl\\\/#website\"},\"datePublished\":\"2019-03-28T07:31:28+00:00\",\"dateModified\":\"2021-06-08T07:32:31+00:00\",\"breadcrumb\":{\"@id\":\"https:\\\/\\\/ekaltech.pl\\\/index.php\\\/oferty-pracy\\\/#breadcrumb\"},\"inLanguage\":\"pl-PL\",\"potentialAction\":[{\"@type\":\"ReadAction\",\"target\":[\"https:\\\/\\\/ekaltech.pl\\\/index.php\\\/oferty-pracy\\\/\"]}]},{\"@type\":\"BreadcrumbList\",\"@id\":\"https:\\\/\\\/ekaltech.pl\\\/index.php\\\/oferty-pracy\\\/#breadcrumb\",\"itemListElement\":[{\"@type\":\"ListItem\",\"position\":1,\"name\":\"Home\",\"item\":\"https:\\\/\\\/ekaltech.pl\\\/\"},{\"@type\":\"ListItem\",\"position\":2,\"name\":\"Oferty pracy\"}]},{\"@type\":\"WebSite\",\"@id\":\"https:\\\/\\\/ekaltech.pl\\\/#website\",\"url\":\"https:\\\/\\\/ekaltech.pl\\\/\",\"name\":\"Ekaltech Biuro In\u017cynierii Systemowej\",\"description\":\"Specjalizujemy si\u0119 w automatyce przemys\u0142owej, automatyce budynkowej, projektowaniu uk\u0142ad\u00f3w sterowania.\",\"publisher\":{\"@id\":\"https:\\\/\\\/ekaltech.pl\\\/#organization\"},\"potentialAction\":[{\"@type\":\"SearchAction\",\"target\":{\"@type\":\"EntryPoint\",\"urlTemplate\":\"https:\\\/\\\/ekaltech.pl\\\/?s={search_term_string}\"},\"query-input\":{\"@type\":\"PropertyValueSpecification\",\"valueRequired\":true,\"valueName\":\"search_term_string\"}}],\"inLanguage\":\"pl-PL\"},{\"@type\":\"Organization\",\"@id\":\"https:\\\/\\\/ekaltech.pl\\\/#organization\",\"name\":\"Ekaltech Biuro In\u017cynierii Systemowej\",\"url\":\"https:\\\/\\\/ekaltech.pl\\\/\",\"logo\":{\"@type\":\"ImageObject\",\"inLanguage\":\"pl-PL\",\"@id\":\"https:\\\/\\\/ekaltech.pl\\\/#\\\/schema\\\/logo\\\/image\\\/\",\"url\":\"https:\\\/\\\/ekaltech.pl\\\/wp-content\\\/uploads\\\/2018\\\/02\\\/cropped-EKALTECH-LOGO-1.png\",\"contentUrl\":\"https:\\\/\\\/ekaltech.pl\\\/wp-content\\\/uploads\\\/2018\\\/02\\\/cropped-EKALTECH-LOGO-1.png\",\"width\":332,\"height\":172,\"caption\":\"Ekaltech Biuro In\u017cynierii Systemowej\"},\"image\":{\"@id\":\"https:\\\/\\\/ekaltech.pl\\\/#\\\/schema\\\/logo\\\/image\\\/\"}}]}<\/script>\r\n<!-- \/ Yoast SEO plugin. -->","yoast_head_json":{"title":"Oferty pracy - Ekaltech Biuro In\u017cynierii Systemowej","robots":{"index":"index","follow":"follow","max-snippet":"max-snippet:-1","max-image-preview":"max-image-preview:large","max-video-preview":"max-video-preview:-1"},"canonical":"https:\/\/ekaltech.pl\/index.php\/oferty-pracy\/","og_locale":"pl_PL","og_type":"article","og_title":"Oferty pracy - Ekaltech Biuro In\u017cynierii Systemowej","og_description":"AKTUALNE OFERTY PRACY: In\u017cynier automatyk Wiecej informacji M\u0142odszy konstruktor Wiecej informacji","og_url":"https:\/\/ekaltech.pl\/index.php\/oferty-pracy\/","og_site_name":"Ekaltech Biuro In\u017cynierii Systemowej","article_modified_time":"2021-06-08T07:32:31+00:00","twitter_card":"summary_large_image","twitter_misc":{"Szacowany czas czytania":"1 minuta"},"schema":{"@context":"https:\/\/schema.org","@graph":[{"@type":"WebPage","@id":"https:\/\/ekaltech.pl\/index.php\/oferty-pracy\/","url":"https:\/\/ekaltech.pl\/index.php\/oferty-pracy\/","name":"Oferty pracy - Ekaltech Biuro In\u017cynierii Systemowej","isPartOf":{"@id":"https:\/\/ekaltech.pl\/#website"},"datePublished":"2019-03-28T07:31:28+00:00","dateModified":"2021-06-08T07:32:31+00:00","breadcrumb":{"@id":"https:\/\/ekaltech.pl\/index.php\/oferty-pracy\/#breadcrumb"},"inLanguage":"pl-PL","potentialAction":[{"@type":"ReadAction","target":["https:\/\/ekaltech.pl\/index.php\/oferty-pracy\/"]}]},{"@type":"BreadcrumbList","@id":"https:\/\/ekaltech.pl\/index.php\/oferty-pracy\/#breadcrumb","itemListElement":[{"@type":"ListItem","position":1,"name":"Home","item":"https:\/\/ekaltech.pl\/"},{"@type":"ListItem","position":2,"name":"Oferty pracy"}]},{"@type":"WebSite","@id":"https:\/\/ekaltech.pl\/#website","url":"https:\/\/ekaltech.pl\/","name":"Ekaltech Biuro In\u017cynierii Systemowej","description":"Specjalizujemy si\u0119 w automatyce przemys\u0142owej, automatyce budynkowej, projektowaniu uk\u0142ad\u00f3w sterowania.","publisher":{"@id":"https:\/\/ekaltech.pl\/#organization"},"potentialAction":[{"@type":"SearchAction","target":{"@type":"EntryPoint","urlTemplate":"https:\/\/ekaltech.pl\/?s={search_term_string}"},"query-input":{"@type":"PropertyValueSpecification","valueRequired":true,"valueName":"search_term_string"}}],"inLanguage":"pl-PL"},{"@type":"Organization","@id":"https:\/\/ekaltech.pl\/#organization","name":"Ekaltech Biuro In\u017cynierii Systemowej","url":"https:\/\/ekaltech.pl\/","logo":{"@type":"ImageObject","inLanguage":"pl-PL","@id":"https:\/\/ekaltech.pl\/#\/schema\/logo\/image\/","url":"https:\/\/ekaltech.pl\/wp-content\/uploads\/2018\/02\/cropped-EKALTECH-LOGO-1.png","contentUrl":"https:\/\/ekaltech.pl\/wp-content\/uploads\/2018\/02\/cropped-EKALTECH-LOGO-1.png","width":332,"height":172,"caption":"Ekaltech Biuro In\u017cynierii Systemowej"},"image":{"@id":"https:\/\/ekaltech.pl\/#\/schema\/logo\/image\/"}}]}},"_links":{"self":[{"href":"https:\/\/ekaltech.pl\/index.php\/wp-json\/wp\/v2\/pages\/71970","targetHints":{"allow":["GET"]}}],"collection":[{"href":"https:\/\/ekaltech.pl\/index.php\/wp-json\/wp\/v2\/pages"}],"about":[{"href":"https:\/\/ekaltech.pl\/index.php\/wp-json\/wp\/v2\/types\/page"}],"author":[{"embeddable":true,"href":"https:\/\/ekaltech.pl\/index.php\/wp-json\/wp\/v2\/users\/1"}],"replies":[{"embeddable":true,"href":"https:\/\/ekaltech.pl\/index.php\/wp-json\/wp\/v2\/comments?post=71970"}],"version-history":[{"count":12,"href":"https:\/\/ekaltech.pl\/index.php\/wp-json\/wp\/v2\/pages\/71970\/revisions"}],"predecessor-version":[{"id":73842,"href":"https:\/\/ekaltech.pl\/index.php\/wp-json\/wp\/v2\/pages\/71970\/revisions\/73842"}],"wp:attachment":[{"href":"https:\/\/ekaltech.pl\/index.php\/wp-json\/wp\/v2\/media?parent=71970"}],"curies":[{"name":"wp","href":"https:\/\/api.w.org\/{rel}","templated":true}]}}