{"id":71960,"date":"2019-03-28T08:27:45","date_gmt":"2019-03-28T07:27:45","guid":{"rendered":"http:\/\/ekaltech.pl\/?page_id=71960"},"modified":"2021-06-04T13:22:24","modified_gmt":"2021-06-04T11:22:24","slug":"kariera","status":"publish","type":"page","link":"https:\/\/ekaltech.pl\/index.php\/kariera\/","title":{"rendered":"Kariera"},"content":{"rendered":"\t\t<div data-elementor-type=\"wp-page\" data-elementor-id=\"71960\" class=\"elementor elementor-71960\">\n\t\t\t\t\t\t<section class=\"elementor-section elementor-top-section elementor-element elementor-element-mdkxwam elementor-section-stretched elementor-section-boxed elementor-section-height-default elementor-section-height-default\" data-id=\"mdkxwam\" data-element_type=\"section\" data-e-type=\"section\" data-settings=\"{&quot;stretch_section&quot;:&quot;section-stretched&quot;}\">\n\t\t\t\t\t\t<div class=\"elementor-container elementor-column-gap-default\">\n\t\t\t\t\t<div class=\"elementor-column elementor-col-25 elementor-top-column elementor-element elementor-element-5nafqei\" data-id=\"5nafqei\" data-element_type=\"column\" data-e-type=\"column\">\n\t\t\t<div class=\"elementor-widget-wrap\">\n\t\t\t\t\t\t\t<\/div>\n\t\t<\/div>\n\t\t\t\t<div class=\"elementor-column elementor-col-50 elementor-top-column elementor-element elementor-element-bga6kf8\" data-id=\"bga6kf8\" data-element_type=\"column\" data-e-type=\"column\">\n\t\t\t<div class=\"elementor-widget-wrap elementor-element-populated\">\n\t\t\t\t\t\t<section class=\"elementor-section elementor-inner-section elementor-element elementor-element-i4f1uvg elementor-section-boxed elementor-section-height-default elementor-section-height-default\" data-id=\"i4f1uvg\" data-element_type=\"section\" data-e-type=\"section\">\n\t\t\t\t\t\t<div class=\"elementor-container elementor-column-gap-default\">\n\t\t\t\t\t<div class=\"elementor-column elementor-col-50 elementor-inner-column elementor-element elementor-element-l0bqhaq\" data-id=\"l0bqhaq\" data-element_type=\"column\" data-e-type=\"column\">\n\t\t\t<div class=\"elementor-widget-wrap elementor-element-populated\">\n\t\t\t\t\t\t<div class=\"elementor-element elementor-element-9ve8dve elementor-widget elementor-widget-image\" data-id=\"9ve8dve\" data-element_type=\"widget\" data-e-type=\"widget\" data-widget_type=\"image.default\">\n\t\t\t\t<div class=\"elementor-widget-container\">\n\t\t\t\t\t\t\t\t\t\t\t\t\t\t\t\t<a href=\"http:\/\/ekaltech.pl\/index.php\/oferty-pracy\/\">\n\t\t\t\t\t\t\t<img fetchpriority=\"high\" decoding=\"async\" width=\"760\" height=\"507\" src=\"https:\/\/ekaltech.pl\/wp-content\/uploads\/2019\/03\/witank0.jpg\" class=\"attachment-large size-large wp-image-71983\" alt=\"\" srcset=\"https:\/\/ekaltech.pl\/wp-content\/uploads\/2019\/03\/witank0.jpg 1000w, https:\/\/ekaltech.pl\/wp-content\/uploads\/2019\/03\/witank0-300x200.jpg 300w, https:\/\/ekaltech.pl\/wp-content\/uploads\/2019\/03\/witank0-768x512.jpg 768w\" sizes=\"(max-width: 760px) 100vw, 760px\" \/>\t\t\t\t\t\t\t\t<\/a>\n\t\t\t\t\t\t\t\t\t\t\t\t\t\t\t<\/div>\n\t\t\t\t<\/div>\n\t\t\t\t<div class=\"elementor-element elementor-element-ppffjpe elementor-widget elementor-widget-text-editor\" data-id=\"ppffjpe\" data-element_type=\"widget\" data-e-type=\"widget\" data-widget_type=\"text-editor.default\">\n\t\t\t\t<div class=\"elementor-widget-container\">\n\t\t\t\t\t\t\t\t\t<h4><a href=\"#\">Oferty pracy<\/a><\/h4><p style=\"text-align: justify;\">Zapraszamy do wsp\u00f3\u0142pracy po do\u015bwiadczenie w rozwojowej bran\u017cy aby w ambitnym zespole in\u017cynier\u00f3w wsp\u00f3lnie tworzy\u0107 sukces firmy.<\/p><p><a class=\"more-link\" href=\"http:\/\/ekaltech.pl\/index.php\/oferty-pracy\/\">Zobacz wi\u0119cej<\/a><\/p>\t\t\t\t\t\t\t\t<\/div>\n\t\t\t\t<\/div>\n\t\t\t\t\t<\/div>\n\t\t<\/div>\n\t\t\t\t<div class=\"elementor-column elementor-col-50 elementor-inner-column elementor-element elementor-element-sx7xe2p\" data-id=\"sx7xe2p\" data-element_type=\"column\" data-e-type=\"column\">\n\t\t\t<div class=\"elementor-widget-wrap elementor-element-populated\">\n\t\t\t\t\t\t<div class=\"elementor-element elementor-element-zxjarea elementor-widget elementor-widget-image\" data-id=\"zxjarea\" data-element_type=\"widget\" data-e-type=\"widget\" data-widget_type=\"image.default\">\n\t\t\t\t<div class=\"elementor-widget-container\">\n\t\t\t\t\t\t\t\t\t\t\t\t\t\t\t\t<a href=\"http:\/\/ekaltech.pl\/index.php\/kultura-firmy\/\">\n\t\t\t\t\t\t\t<img decoding=\"async\" width=\"760\" height=\"506\" src=\"https:\/\/ekaltech.pl\/wp-content\/uploads\/2019\/03\/pelnakulturka-1024x682.jpg\" class=\"attachment-large size-large wp-image-71982\" alt=\"\" srcset=\"https:\/\/ekaltech.pl\/wp-content\/uploads\/2019\/03\/pelnakulturka-1024x682.jpg 1024w, https:\/\/ekaltech.pl\/wp-content\/uploads\/2019\/03\/pelnakulturka-300x200.jpg 300w, https:\/\/ekaltech.pl\/wp-content\/uploads\/2019\/03\/pelnakulturka-768x512.jpg 768w, https:\/\/ekaltech.pl\/wp-content\/uploads\/2019\/03\/pelnakulturka.jpg 2000w\" sizes=\"(max-width: 760px) 100vw, 760px\" \/>\t\t\t\t\t\t\t\t<\/a>\n\t\t\t\t\t\t\t\t\t\t\t\t\t\t\t<\/div>\n\t\t\t\t<\/div>\n\t\t\t\t<div class=\"elementor-element elementor-element-hh2ql6a elementor-widget elementor-widget-text-editor\" data-id=\"hh2ql6a\" data-element_type=\"widget\" data-e-type=\"widget\" data-widget_type=\"text-editor.default\">\n\t\t\t\t<div class=\"elementor-widget-container\">\n\t\t\t\t\t\t\t\t\t<h4><a href=\"http:\/\/ekaltech.pl\/index.php\/kultura-firmy\/\">Kultura firmy<\/a><\/h4><p style=\"text-align: justify;\">Poznaj wizje naszej firmy, wraz z metodami dzi\u0119ki kt\u00f3rym udaje si\u0119 nam te wizje konsekwetnie realizowa\u0107.<\/p><p><br \/><a class=\"more-link\" href=\"http:\/\/ekaltech.pl\/index.php\/kultura-firmy\/\">Zobacz wi\u0119cej<\/a><\/p>\t\t\t\t\t\t\t\t<\/div>\n\t\t\t\t<\/div>\n\t\t\t\t\t<\/div>\n\t\t<\/div>\n\t\t\t\t\t<\/div>\n\t\t<\/section>\n\t\t\t\t\t<\/div>\n\t\t<\/div>\n\t\t\t\t<div class=\"elementor-column elementor-col-25 elementor-top-column elementor-element elementor-element-5wl22o0\" data-id=\"5wl22o0\" data-element_type=\"column\" data-e-type=\"column\">\n\t\t\t<div class=\"elementor-widget-wrap\">\n\t\t\t\t\t\t\t<\/div>\n\t\t<\/div>\n\t\t\t\t\t<\/div>\n\t\t<\/section>\n\t\t\t\t<\/div>\n\t\t","protected":false},"excerpt":{"rendered":"<p>Oferty pracy Zapraszamy do wsp\u00f3\u0142pracy po do\u015bwiadczenie w rozwojowej bran\u017cy aby w ambitnym zespole in\u017cynier\u00f3w wsp\u00f3lnie tworzy\u0107 sukces firmy. Zobacz wi\u0119cej Kultura firmy Poznaj wizje naszej firmy, wraz z metodami dzi\u0119ki kt\u00f3rym udaje si\u0119 nam te wizje konsekwetnie realizowa\u0107. Zobacz wi\u0119cej<\/p>\n","protected":false},"author":1,"featured_media":0,"parent":0,"menu_order":0,"comment_status":"closed","ping_status":"closed","template":"","meta":{"footnotes":""},"class_list":["post-71960","page","type-page","status-publish","hentry"],"yoast_head":"<!-- This site is optimized with the Yoast SEO plugin v27.3 - https:\/\/yoast.com\/product\/yoast-seo-wordpress\/ -->\r\n<title>Kariera - Ekaltech Biuro In\u017cynierii Systemowej<\/title>\r\n<meta name=\"robots\" content=\"index, follow, max-snippet:-1, max-image-preview:large, max-video-preview:-1\" \/>\r\n<link rel=\"canonical\" href=\"https:\/\/ekaltech.pl\/index.php\/kariera\/\" \/>\r\n<meta property=\"og:locale\" content=\"pl_PL\" \/>\r\n<meta property=\"og:type\" content=\"article\" \/>\r\n<meta property=\"og:title\" content=\"Kariera - Ekaltech Biuro In\u017cynierii Systemowej\" \/>\r\n<meta property=\"og:description\" content=\"Oferty pracy Zapraszamy do wsp\u00f3\u0142pracy po do\u015bwiadczenie w rozwojowej bran\u017cy aby w ambitnym zespole in\u017cynier\u00f3w wsp\u00f3lnie tworzy\u0107 sukces firmy. Zobacz wi\u0119cej Kultura firmy Poznaj wizje naszej firmy, wraz z metodami dzi\u0119ki kt\u00f3rym udaje si\u0119 nam te wizje konsekwetnie realizowa\u0107. Zobacz wi\u0119cej\" \/>\r\n<meta property=\"og:url\" content=\"https:\/\/ekaltech.pl\/index.php\/kariera\/\" \/>\r\n<meta property=\"og:site_name\" content=\"Ekaltech Biuro In\u017cynierii Systemowej\" \/>\r\n<meta property=\"article:modified_time\" content=\"2021-06-04T11:22:24+00:00\" \/>\r\n<meta property=\"og:image\" content=\"https:\/\/ekaltech.pl\/wp-content\/uploads\/2019\/03\/witank0.jpg\" \/>\r\n<meta name=\"twitter:card\" content=\"summary_large_image\" \/>\r\n<meta name=\"twitter:label1\" content=\"Szacowany czas czytania\" \/>\n\t<meta name=\"twitter:data1\" content=\"1 minuta\" \/>\r\n<script type=\"application\/ld+json\" class=\"yoast-schema-graph\">{\"@context\":\"https:\\\/\\\/schema.org\",\"@graph\":[{\"@type\":\"WebPage\",\"@id\":\"https:\\\/\\\/ekaltech.pl\\\/index.php\\\/kariera\\\/\",\"url\":\"https:\\\/\\\/ekaltech.pl\\\/index.php\\\/kariera\\\/\",\"name\":\"Kariera - Ekaltech Biuro In\u017cynierii Systemowej\",\"isPartOf\":{\"@id\":\"https:\\\/\\\/ekaltech.pl\\\/#website\"},\"primaryImageOfPage\":{\"@id\":\"https:\\\/\\\/ekaltech.pl\\\/index.php\\\/kariera\\\/#primaryimage\"},\"image\":{\"@id\":\"https:\\\/\\\/ekaltech.pl\\\/index.php\\\/kariera\\\/#primaryimage\"},\"thumbnailUrl\":\"https:\\\/\\\/ekaltech.pl\\\/wp-content\\\/uploads\\\/2019\\\/03\\\/witank0.jpg\",\"datePublished\":\"2019-03-28T07:27:45+00:00\",\"dateModified\":\"2021-06-04T11:22:24+00:00\",\"breadcrumb\":{\"@id\":\"https:\\\/\\\/ekaltech.pl\\\/index.php\\\/kariera\\\/#breadcrumb\"},\"inLanguage\":\"pl-PL\",\"potentialAction\":[{\"@type\":\"ReadAction\",\"target\":[\"https:\\\/\\\/ekaltech.pl\\\/index.php\\\/kariera\\\/\"]}]},{\"@type\":\"ImageObject\",\"inLanguage\":\"pl-PL\",\"@id\":\"https:\\\/\\\/ekaltech.pl\\\/index.php\\\/kariera\\\/#primaryimage\",\"url\":\"https:\\\/\\\/ekaltech.pl\\\/wp-content\\\/uploads\\\/2019\\\/03\\\/witank0.jpg\",\"contentUrl\":\"https:\\\/\\\/ekaltech.pl\\\/wp-content\\\/uploads\\\/2019\\\/03\\\/witank0.jpg\",\"width\":1000,\"height\":667},{\"@type\":\"BreadcrumbList\",\"@id\":\"https:\\\/\\\/ekaltech.pl\\\/index.php\\\/kariera\\\/#breadcrumb\",\"itemListElement\":[{\"@type\":\"ListItem\",\"position\":1,\"name\":\"Home\",\"item\":\"https:\\\/\\\/ekaltech.pl\\\/\"},{\"@type\":\"ListItem\",\"position\":2,\"name\":\"Kariera\"}]},{\"@type\":\"WebSite\",\"@id\":\"https:\\\/\\\/ekaltech.pl\\\/#website\",\"url\":\"https:\\\/\\\/ekaltech.pl\\\/\",\"name\":\"Ekaltech Biuro In\u017cynierii Systemowej\",\"description\":\"Specjalizujemy si\u0119 w automatyce przemys\u0142owej, automatyce budynkowej, projektowaniu uk\u0142ad\u00f3w sterowania.\",\"publisher\":{\"@id\":\"https:\\\/\\\/ekaltech.pl\\\/#organization\"},\"potentialAction\":[{\"@type\":\"SearchAction\",\"target\":{\"@type\":\"EntryPoint\",\"urlTemplate\":\"https:\\\/\\\/ekaltech.pl\\\/?s={search_term_string}\"},\"query-input\":{\"@type\":\"PropertyValueSpecification\",\"valueRequired\":true,\"valueName\":\"search_term_string\"}}],\"inLanguage\":\"pl-PL\"},{\"@type\":\"Organization\",\"@id\":\"https:\\\/\\\/ekaltech.pl\\\/#organization\",\"name\":\"Ekaltech Biuro In\u017cynierii Systemowej\",\"url\":\"https:\\\/\\\/ekaltech.pl\\\/\",\"logo\":{\"@type\":\"ImageObject\",\"inLanguage\":\"pl-PL\",\"@id\":\"https:\\\/\\\/ekaltech.pl\\\/#\\\/schema\\\/logo\\\/image\\\/\",\"url\":\"https:\\\/\\\/ekaltech.pl\\\/wp-content\\\/uploads\\\/2018\\\/02\\\/cropped-EKALTECH-LOGO-1.png\",\"contentUrl\":\"https:\\\/\\\/ekaltech.pl\\\/wp-content\\\/uploads\\\/2018\\\/02\\\/cropped-EKALTECH-LOGO-1.png\",\"width\":332,\"height\":172,\"caption\":\"Ekaltech Biuro In\u017cynierii Systemowej\"},\"image\":{\"@id\":\"https:\\\/\\\/ekaltech.pl\\\/#\\\/schema\\\/logo\\\/image\\\/\"}}]}<\/script>\r\n<!-- \/ Yoast SEO plugin. -->","yoast_head_json":{"title":"Kariera - Ekaltech Biuro In\u017cynierii Systemowej","robots":{"index":"index","follow":"follow","max-snippet":"max-snippet:-1","max-image-preview":"max-image-preview:large","max-video-preview":"max-video-preview:-1"},"canonical":"https:\/\/ekaltech.pl\/index.php\/kariera\/","og_locale":"pl_PL","og_type":"article","og_title":"Kariera - Ekaltech Biuro In\u017cynierii Systemowej","og_description":"Oferty pracy Zapraszamy do wsp\u00f3\u0142pracy po do\u015bwiadczenie w rozwojowej bran\u017cy aby w ambitnym zespole in\u017cynier\u00f3w wsp\u00f3lnie tworzy\u0107 sukces firmy. Zobacz wi\u0119cej Kultura firmy Poznaj wizje naszej firmy, wraz z metodami dzi\u0119ki kt\u00f3rym udaje si\u0119 nam te wizje konsekwetnie realizowa\u0107. Zobacz wi\u0119cej","og_url":"https:\/\/ekaltech.pl\/index.php\/kariera\/","og_site_name":"Ekaltech Biuro In\u017cynierii Systemowej","article_modified_time":"2021-06-04T11:22:24+00:00","og_image":[{"url":"https:\/\/ekaltech.pl\/wp-content\/uploads\/2019\/03\/witank0.jpg","type":"","width":"","height":""}],"twitter_card":"summary_large_image","twitter_misc":{"Szacowany czas czytania":"1 minuta"},"schema":{"@context":"https:\/\/schema.org","@graph":[{"@type":"WebPage","@id":"https:\/\/ekaltech.pl\/index.php\/kariera\/","url":"https:\/\/ekaltech.pl\/index.php\/kariera\/","name":"Kariera - Ekaltech Biuro In\u017cynierii Systemowej","isPartOf":{"@id":"https:\/\/ekaltech.pl\/#website"},"primaryImageOfPage":{"@id":"https:\/\/ekaltech.pl\/index.php\/kariera\/#primaryimage"},"image":{"@id":"https:\/\/ekaltech.pl\/index.php\/kariera\/#primaryimage"},"thumbnailUrl":"https:\/\/ekaltech.pl\/wp-content\/uploads\/2019\/03\/witank0.jpg","datePublished":"2019-03-28T07:27:45+00:00","dateModified":"2021-06-04T11:22:24+00:00","breadcrumb":{"@id":"https:\/\/ekaltech.pl\/index.php\/kariera\/#breadcrumb"},"inLanguage":"pl-PL","potentialAction":[{"@type":"ReadAction","target":["https:\/\/ekaltech.pl\/index.php\/kariera\/"]}]},{"@type":"ImageObject","inLanguage":"pl-PL","@id":"https:\/\/ekaltech.pl\/index.php\/kariera\/#primaryimage","url":"https:\/\/ekaltech.pl\/wp-content\/uploads\/2019\/03\/witank0.jpg","contentUrl":"https:\/\/ekaltech.pl\/wp-content\/uploads\/2019\/03\/witank0.jpg","width":1000,"height":667},{"@type":"BreadcrumbList","@id":"https:\/\/ekaltech.pl\/index.php\/kariera\/#breadcrumb","itemListElement":[{"@type":"ListItem","position":1,"name":"Home","item":"https:\/\/ekaltech.pl\/"},{"@type":"ListItem","position":2,"name":"Kariera"}]},{"@type":"WebSite","@id":"https:\/\/ekaltech.pl\/#website","url":"https:\/\/ekaltech.pl\/","name":"Ekaltech Biuro In\u017cynierii Systemowej","description":"Specjalizujemy si\u0119 w automatyce przemys\u0142owej, automatyce budynkowej, projektowaniu uk\u0142ad\u00f3w sterowania.","publisher":{"@id":"https:\/\/ekaltech.pl\/#organization"},"potentialAction":[{"@type":"SearchAction","target":{"@type":"EntryPoint","urlTemplate":"https:\/\/ekaltech.pl\/?s={search_term_string}"},"query-input":{"@type":"PropertyValueSpecification","valueRequired":true,"valueName":"search_term_string"}}],"inLanguage":"pl-PL"},{"@type":"Organization","@id":"https:\/\/ekaltech.pl\/#organization","name":"Ekaltech Biuro In\u017cynierii Systemowej","url":"https:\/\/ekaltech.pl\/","logo":{"@type":"ImageObject","inLanguage":"pl-PL","@id":"https:\/\/ekaltech.pl\/#\/schema\/logo\/image\/","url":"https:\/\/ekaltech.pl\/wp-content\/uploads\/2018\/02\/cropped-EKALTECH-LOGO-1.png","contentUrl":"https:\/\/ekaltech.pl\/wp-content\/uploads\/2018\/02\/cropped-EKALTECH-LOGO-1.png","width":332,"height":172,"caption":"Ekaltech Biuro In\u017cynierii Systemowej"},"image":{"@id":"https:\/\/ekaltech.pl\/#\/schema\/logo\/image\/"}}]}},"_links":{"self":[{"href":"https:\/\/ekaltech.pl\/index.php\/wp-json\/wp\/v2\/pages\/71960","targetHints":{"allow":["GET"]}}],"collection":[{"href":"https:\/\/ekaltech.pl\/index.php\/wp-json\/wp\/v2\/pages"}],"about":[{"href":"https:\/\/ekaltech.pl\/index.php\/wp-json\/wp\/v2\/types\/page"}],"author":[{"embeddable":true,"href":"https:\/\/ekaltech.pl\/index.php\/wp-json\/wp\/v2\/users\/1"}],"replies":[{"embeddable":true,"href":"https:\/\/ekaltech.pl\/index.php\/wp-json\/wp\/v2\/comments?post=71960"}],"version-history":[{"count":17,"href":"https:\/\/ekaltech.pl\/index.php\/wp-json\/wp\/v2\/pages\/71960\/revisions"}],"predecessor-version":[{"id":73838,"href":"https:\/\/ekaltech.pl\/index.php\/wp-json\/wp\/v2\/pages\/71960\/revisions\/73838"}],"wp:attachment":[{"href":"https:\/\/ekaltech.pl\/index.php\/wp-json\/wp\/v2\/media?parent=71960"}],"curies":[{"name":"wp","href":"https:\/\/api.w.org\/{rel}","templated":true}]}}