{"id":71945,"date":"2019-03-27T14:23:34","date_gmt":"2019-03-27T13:23:34","guid":{"rendered":"http:\/\/ekaltech.pl\/?page_id=71945"},"modified":"2021-06-09T11:41:55","modified_gmt":"2021-06-09T09:41:55","slug":"misja-firmy","status":"publish","type":"page","link":"https:\/\/ekaltech.pl\/index.php\/misja-firmy\/","title":{"rendered":"Misja firmy"},"content":{"rendered":"\t\t<div data-elementor-type=\"wp-page\" data-elementor-id=\"71945\" class=\"elementor elementor-71945\">\n\t\t\t\t\t\t<section class=\"elementor-section elementor-top-section elementor-element elementor-element-sxx57z1 elementor-section-stretched elementor-section-full_width elementor-section-height-default elementor-section-height-default\" data-id=\"sxx57z1\" data-element_type=\"section\" data-e-type=\"section\" data-settings=\"{&quot;stretch_section&quot;:&quot;section-stretched&quot;}\">\n\t\t\t\t\t\t<div class=\"elementor-container elementor-column-gap-default\">\n\t\t\t\t\t<div class=\"elementor-column elementor-col-16 elementor-top-column elementor-element elementor-element-6jx7gsg\" data-id=\"6jx7gsg\" data-element_type=\"column\" data-e-type=\"column\">\n\t\t\t<div class=\"elementor-widget-wrap\">\n\t\t\t\t\t\t\t<\/div>\n\t\t<\/div>\n\t\t\t\t<div class=\"elementor-column elementor-col-66 elementor-top-column elementor-element elementor-element-m57e1d6\" data-id=\"m57e1d6\" data-element_type=\"column\" data-e-type=\"column\">\n\t\t\t<div class=\"elementor-widget-wrap elementor-element-populated\">\n\t\t\t\t\t\t<div class=\"elementor-element elementor-element-0abd47b elementor-widget elementor-widget-text-editor\" data-id=\"0abd47b\" data-element_type=\"widget\" data-e-type=\"widget\" data-widget_type=\"text-editor.default\">\n\t\t\t\t<div class=\"elementor-widget-container\">\n\t\t\t\t\t\t\t\t\t<p>To cel, do kt\u00f3rego zmierzamy i sens dla kt\u00f3rego istnieje <span style=\"color: #800000;\">EKALTECH<\/span>.<br \/>,,Wsp\u00f3\u0142tworzy\u0107 sukcesy Naszych Klient\u00f3w poprzez dostarczanie optymalnych rozwi\u0105za\u0144 system\u00f3w automatyki przemys\u0142owej&#8221;.<br \/><span style=\"color: #800000;\">EKALTECH<\/span> to zesp\u00f3\u0142 in\u017cynier\u00f3w pasjonuj\u0105cych si\u0119 automatyka przemys\u0142ow\u0105.<br \/>Jeste\u015bmy dumni, \u017ce dzi\u0119ki wsp\u00f3\u0142pracy z naszymi klientami oraz niezawodnemu zespo\u0142owi stale rozbudowujemy innowacyjn\u0105 firm\u0119 dzia\u0142aj\u0105c\u0105 w obszarze automatyki przemys\u0142owej.<\/p>\t\t\t\t\t\t\t\t<\/div>\n\t\t\t\t<\/div>\n\t\t\t\t\t<\/div>\n\t\t<\/div>\n\t\t\t\t<div class=\"elementor-column elementor-col-16 elementor-top-column elementor-element elementor-element-mdxs1lm\" data-id=\"mdxs1lm\" data-element_type=\"column\" data-e-type=\"column\">\n\t\t\t<div class=\"elementor-widget-wrap elementor-element-populated\">\n\t\t\t\t\t\t<div class=\"elementor-element elementor-element-fc6e168 elementor-widget elementor-widget-image\" data-id=\"fc6e168\" data-element_type=\"widget\" data-e-type=\"widget\" data-widget_type=\"image.default\">\n\t\t\t\t<div class=\"elementor-widget-container\">\n\t\t\t\t\t\t\t\t\t\t\t\t\t\t\t<img fetchpriority=\"high\" decoding=\"async\" width=\"300\" height=\"243\" src=\"https:\/\/ekaltech.pl\/wp-content\/uploads\/2019\/03\/witanko-300x243.jpg\" class=\"attachment-medium size-medium wp-image-71979\" alt=\"\" srcset=\"https:\/\/ekaltech.pl\/wp-content\/uploads\/2019\/03\/witanko-300x243.jpg 300w, https:\/\/ekaltech.pl\/wp-content\/uploads\/2019\/03\/witanko-768x623.jpg 768w, https:\/\/ekaltech.pl\/wp-content\/uploads\/2019\/03\/witanko.jpg 1000w\" sizes=\"(max-width: 300px) 100vw, 300px\" \/>\t\t\t\t\t\t\t\t\t\t\t\t\t\t\t<\/div>\n\t\t\t\t<\/div>\n\t\t\t\t\t<\/div>\n\t\t<\/div>\n\t\t\t\t\t<\/div>\n\t\t<\/section>\n\t\t\t\t<\/div>\n\t\t","protected":false},"excerpt":{"rendered":"<p>To cel, do kt\u00f3rego zmierzamy i sens dla kt\u00f3rego istnieje EKALTECH.,,Wsp\u00f3\u0142tworzy\u0107 sukcesy Naszych Klient\u00f3w poprzez dostarczanie optymalnych rozwi\u0105za\u0144 system\u00f3w automatyki przemys\u0142owej&#8221;.EKALTECH to zesp\u00f3\u0142 in\u017cynier\u00f3w pasjonuj\u0105cych si\u0119 automatyka przemys\u0142ow\u0105.Jeste\u015bmy dumni, \u017ce dzi\u0119ki wsp\u00f3\u0142pracy z naszymi klientami oraz niezawodnemu zespo\u0142owi stale rozbudowujemy innowacyjn\u0105 firm\u0119 dzia\u0142aj\u0105c\u0105 w obszarze automatyki przemys\u0142owej.<\/p>\n","protected":false},"author":1,"featured_media":0,"parent":0,"menu_order":0,"comment_status":"closed","ping_status":"closed","template":"","meta":{"footnotes":""},"class_list":["post-71945","page","type-page","status-publish","hentry"],"yoast_head":"<!-- This site is optimized with the Yoast SEO plugin v27.4 - https:\/\/yoast.com\/product\/yoast-seo-wordpress\/ -->\r\n<title>Misja firmy - Ekaltech Biuro In\u017cynierii Systemowej<\/title>\r\n<meta name=\"robots\" content=\"index, follow, max-snippet:-1, max-image-preview:large, max-video-preview:-1\" \/>\r\n<link rel=\"canonical\" href=\"https:\/\/ekaltech.pl\/index.php\/misja-firmy\/\" \/>\r\n<meta property=\"og:locale\" content=\"pl_PL\" \/>\r\n<meta property=\"og:type\" content=\"article\" \/>\r\n<meta property=\"og:title\" content=\"Misja firmy - Ekaltech Biuro In\u017cynierii Systemowej\" \/>\r\n<meta property=\"og:description\" content=\"To cel, do kt\u00f3rego zmierzamy i sens dla kt\u00f3rego istnieje EKALTECH.,,Wsp\u00f3\u0142tworzy\u0107 sukcesy Naszych Klient\u00f3w poprzez dostarczanie optymalnych rozwi\u0105za\u0144 system\u00f3w automatyki przemys\u0142owej&#8221;.EKALTECH to zesp\u00f3\u0142 in\u017cynier\u00f3w pasjonuj\u0105cych si\u0119 automatyka przemys\u0142ow\u0105.Jeste\u015bmy dumni, \u017ce dzi\u0119ki wsp\u00f3\u0142pracy z naszymi klientami oraz niezawodnemu zespo\u0142owi stale rozbudowujemy innowacyjn\u0105 firm\u0119 dzia\u0142aj\u0105c\u0105 w obszarze automatyki przemys\u0142owej.\" \/>\r\n<meta property=\"og:url\" content=\"https:\/\/ekaltech.pl\/index.php\/misja-firmy\/\" \/>\r\n<meta property=\"og:site_name\" content=\"Ekaltech Biuro In\u017cynierii Systemowej\" \/>\r\n<meta property=\"article:modified_time\" content=\"2021-06-09T09:41:55+00:00\" \/>\r\n<meta property=\"og:image\" content=\"https:\/\/ekaltech.pl\/wp-content\/uploads\/2019\/03\/witanko-300x243.jpg\" \/>\r\n<meta name=\"twitter:card\" content=\"summary_large_image\" \/>\r\n<script type=\"application\/ld+json\" class=\"yoast-schema-graph\">{\"@context\":\"https:\\\/\\\/schema.org\",\"@graph\":[{\"@type\":\"WebPage\",\"@id\":\"https:\\\/\\\/ekaltech.pl\\\/index.php\\\/misja-firmy\\\/\",\"url\":\"https:\\\/\\\/ekaltech.pl\\\/index.php\\\/misja-firmy\\\/\",\"name\":\"Misja firmy - Ekaltech Biuro In\u017cynierii Systemowej\",\"isPartOf\":{\"@id\":\"https:\\\/\\\/ekaltech.pl\\\/#website\"},\"primaryImageOfPage\":{\"@id\":\"https:\\\/\\\/ekaltech.pl\\\/index.php\\\/misja-firmy\\\/#primaryimage\"},\"image\":{\"@id\":\"https:\\\/\\\/ekaltech.pl\\\/index.php\\\/misja-firmy\\\/#primaryimage\"},\"thumbnailUrl\":\"https:\\\/\\\/ekaltech.pl\\\/wp-content\\\/uploads\\\/2019\\\/03\\\/witanko-300x243.jpg\",\"datePublished\":\"2019-03-27T13:23:34+00:00\",\"dateModified\":\"2021-06-09T09:41:55+00:00\",\"breadcrumb\":{\"@id\":\"https:\\\/\\\/ekaltech.pl\\\/index.php\\\/misja-firmy\\\/#breadcrumb\"},\"inLanguage\":\"pl-PL\",\"potentialAction\":[{\"@type\":\"ReadAction\",\"target\":[\"https:\\\/\\\/ekaltech.pl\\\/index.php\\\/misja-firmy\\\/\"]}]},{\"@type\":\"ImageObject\",\"inLanguage\":\"pl-PL\",\"@id\":\"https:\\\/\\\/ekaltech.pl\\\/index.php\\\/misja-firmy\\\/#primaryimage\",\"url\":\"https:\\\/\\\/ekaltech.pl\\\/wp-content\\\/uploads\\\/2019\\\/03\\\/witanko.jpg\",\"contentUrl\":\"https:\\\/\\\/ekaltech.pl\\\/wp-content\\\/uploads\\\/2019\\\/03\\\/witanko.jpg\",\"width\":1000,\"height\":811},{\"@type\":\"BreadcrumbList\",\"@id\":\"https:\\\/\\\/ekaltech.pl\\\/index.php\\\/misja-firmy\\\/#breadcrumb\",\"itemListElement\":[{\"@type\":\"ListItem\",\"position\":1,\"name\":\"Home\",\"item\":\"https:\\\/\\\/ekaltech.pl\\\/\"},{\"@type\":\"ListItem\",\"position\":2,\"name\":\"Misja firmy\"}]},{\"@type\":\"WebSite\",\"@id\":\"https:\\\/\\\/ekaltech.pl\\\/#website\",\"url\":\"https:\\\/\\\/ekaltech.pl\\\/\",\"name\":\"Ekaltech Biuro In\u017cynierii Systemowej\",\"description\":\"Specjalizujemy si\u0119 w automatyce przemys\u0142owej, automatyce budynkowej, projektowaniu uk\u0142ad\u00f3w sterowania.\",\"publisher\":{\"@id\":\"https:\\\/\\\/ekaltech.pl\\\/#organization\"},\"potentialAction\":[{\"@type\":\"SearchAction\",\"target\":{\"@type\":\"EntryPoint\",\"urlTemplate\":\"https:\\\/\\\/ekaltech.pl\\\/?s={search_term_string}\"},\"query-input\":{\"@type\":\"PropertyValueSpecification\",\"valueRequired\":true,\"valueName\":\"search_term_string\"}}],\"inLanguage\":\"pl-PL\"},{\"@type\":\"Organization\",\"@id\":\"https:\\\/\\\/ekaltech.pl\\\/#organization\",\"name\":\"Ekaltech Biuro In\u017cynierii Systemowej\",\"url\":\"https:\\\/\\\/ekaltech.pl\\\/\",\"logo\":{\"@type\":\"ImageObject\",\"inLanguage\":\"pl-PL\",\"@id\":\"https:\\\/\\\/ekaltech.pl\\\/#\\\/schema\\\/logo\\\/image\\\/\",\"url\":\"https:\\\/\\\/ekaltech.pl\\\/wp-content\\\/uploads\\\/2018\\\/02\\\/cropped-EKALTECH-LOGO-1.png\",\"contentUrl\":\"https:\\\/\\\/ekaltech.pl\\\/wp-content\\\/uploads\\\/2018\\\/02\\\/cropped-EKALTECH-LOGO-1.png\",\"width\":332,\"height\":172,\"caption\":\"Ekaltech Biuro In\u017cynierii Systemowej\"},\"image\":{\"@id\":\"https:\\\/\\\/ekaltech.pl\\\/#\\\/schema\\\/logo\\\/image\\\/\"}}]}<\/script>\r\n<!-- \/ Yoast SEO plugin. -->","yoast_head_json":{"title":"Misja firmy - Ekaltech Biuro In\u017cynierii Systemowej","robots":{"index":"index","follow":"follow","max-snippet":"max-snippet:-1","max-image-preview":"max-image-preview:large","max-video-preview":"max-video-preview:-1"},"canonical":"https:\/\/ekaltech.pl\/index.php\/misja-firmy\/","og_locale":"pl_PL","og_type":"article","og_title":"Misja firmy - Ekaltech Biuro In\u017cynierii Systemowej","og_description":"To cel, do kt\u00f3rego zmierzamy i sens dla kt\u00f3rego istnieje EKALTECH.,,Wsp\u00f3\u0142tworzy\u0107 sukcesy Naszych Klient\u00f3w poprzez dostarczanie optymalnych rozwi\u0105za\u0144 system\u00f3w automatyki przemys\u0142owej&#8221;.EKALTECH to zesp\u00f3\u0142 in\u017cynier\u00f3w pasjonuj\u0105cych si\u0119 automatyka przemys\u0142ow\u0105.Jeste\u015bmy dumni, \u017ce dzi\u0119ki wsp\u00f3\u0142pracy z naszymi klientami oraz niezawodnemu zespo\u0142owi stale rozbudowujemy innowacyjn\u0105 firm\u0119 dzia\u0142aj\u0105c\u0105 w obszarze automatyki przemys\u0142owej.","og_url":"https:\/\/ekaltech.pl\/index.php\/misja-firmy\/","og_site_name":"Ekaltech Biuro In\u017cynierii Systemowej","article_modified_time":"2021-06-09T09:41:55+00:00","og_image":[{"url":"https:\/\/ekaltech.pl\/wp-content\/uploads\/2019\/03\/witanko-300x243.jpg","type":"","width":"","height":""}],"twitter_card":"summary_large_image","schema":{"@context":"https:\/\/schema.org","@graph":[{"@type":"WebPage","@id":"https:\/\/ekaltech.pl\/index.php\/misja-firmy\/","url":"https:\/\/ekaltech.pl\/index.php\/misja-firmy\/","name":"Misja firmy - Ekaltech Biuro In\u017cynierii Systemowej","isPartOf":{"@id":"https:\/\/ekaltech.pl\/#website"},"primaryImageOfPage":{"@id":"https:\/\/ekaltech.pl\/index.php\/misja-firmy\/#primaryimage"},"image":{"@id":"https:\/\/ekaltech.pl\/index.php\/misja-firmy\/#primaryimage"},"thumbnailUrl":"https:\/\/ekaltech.pl\/wp-content\/uploads\/2019\/03\/witanko-300x243.jpg","datePublished":"2019-03-27T13:23:34+00:00","dateModified":"2021-06-09T09:41:55+00:00","breadcrumb":{"@id":"https:\/\/ekaltech.pl\/index.php\/misja-firmy\/#breadcrumb"},"inLanguage":"pl-PL","potentialAction":[{"@type":"ReadAction","target":["https:\/\/ekaltech.pl\/index.php\/misja-firmy\/"]}]},{"@type":"ImageObject","inLanguage":"pl-PL","@id":"https:\/\/ekaltech.pl\/index.php\/misja-firmy\/#primaryimage","url":"https:\/\/ekaltech.pl\/wp-content\/uploads\/2019\/03\/witanko.jpg","contentUrl":"https:\/\/ekaltech.pl\/wp-content\/uploads\/2019\/03\/witanko.jpg","width":1000,"height":811},{"@type":"BreadcrumbList","@id":"https:\/\/ekaltech.pl\/index.php\/misja-firmy\/#breadcrumb","itemListElement":[{"@type":"ListItem","position":1,"name":"Home","item":"https:\/\/ekaltech.pl\/"},{"@type":"ListItem","position":2,"name":"Misja firmy"}]},{"@type":"WebSite","@id":"https:\/\/ekaltech.pl\/#website","url":"https:\/\/ekaltech.pl\/","name":"Ekaltech Biuro In\u017cynierii Systemowej","description":"Specjalizujemy si\u0119 w automatyce przemys\u0142owej, automatyce budynkowej, projektowaniu uk\u0142ad\u00f3w sterowania.","publisher":{"@id":"https:\/\/ekaltech.pl\/#organization"},"potentialAction":[{"@type":"SearchAction","target":{"@type":"EntryPoint","urlTemplate":"https:\/\/ekaltech.pl\/?s={search_term_string}"},"query-input":{"@type":"PropertyValueSpecification","valueRequired":true,"valueName":"search_term_string"}}],"inLanguage":"pl-PL"},{"@type":"Organization","@id":"https:\/\/ekaltech.pl\/#organization","name":"Ekaltech Biuro In\u017cynierii Systemowej","url":"https:\/\/ekaltech.pl\/","logo":{"@type":"ImageObject","inLanguage":"pl-PL","@id":"https:\/\/ekaltech.pl\/#\/schema\/logo\/image\/","url":"https:\/\/ekaltech.pl\/wp-content\/uploads\/2018\/02\/cropped-EKALTECH-LOGO-1.png","contentUrl":"https:\/\/ekaltech.pl\/wp-content\/uploads\/2018\/02\/cropped-EKALTECH-LOGO-1.png","width":332,"height":172,"caption":"Ekaltech Biuro In\u017cynierii Systemowej"},"image":{"@id":"https:\/\/ekaltech.pl\/#\/schema\/logo\/image\/"}}]}},"_links":{"self":[{"href":"https:\/\/ekaltech.pl\/index.php\/wp-json\/wp\/v2\/pages\/71945","targetHints":{"allow":["GET"]}}],"collection":[{"href":"https:\/\/ekaltech.pl\/index.php\/wp-json\/wp\/v2\/pages"}],"about":[{"href":"https:\/\/ekaltech.pl\/index.php\/wp-json\/wp\/v2\/types\/page"}],"author":[{"embeddable":true,"href":"https:\/\/ekaltech.pl\/index.php\/wp-json\/wp\/v2\/users\/1"}],"replies":[{"embeddable":true,"href":"https:\/\/ekaltech.pl\/index.php\/wp-json\/wp\/v2\/comments?post=71945"}],"version-history":[{"count":15,"href":"https:\/\/ekaltech.pl\/index.php\/wp-json\/wp\/v2\/pages\/71945\/revisions"}],"predecessor-version":[{"id":73892,"href":"https:\/\/ekaltech.pl\/index.php\/wp-json\/wp\/v2\/pages\/71945\/revisions\/73892"}],"wp:attachment":[{"href":"https:\/\/ekaltech.pl\/index.php\/wp-json\/wp\/v2\/media?parent=71945"}],"curies":[{"name":"wp","href":"https:\/\/api.w.org\/{rel}","templated":true}]}}