{"id":71666,"date":"2018-03-06T08:30:48","date_gmt":"2018-03-06T07:30:48","guid":{"rendered":"http:\/\/ekaltech.pl\/?page_id=71666"},"modified":"2018-03-21T13:19:21","modified_gmt":"2018-03-21T12:19:21","slug":"dzial-projektowania-cad","status":"publish","type":"page","link":"https:\/\/ekaltech.pl\/index.php\/dzial-projektowania-cad\/","title":{"rendered":"Dzia\u0142 projektowania CAD"},"content":{"rendered":"\t\t<div data-elementor-type=\"wp-page\" data-elementor-id=\"71666\" class=\"elementor elementor-71666 elementor-bc-flex-widget\">\n\t\t\t\t\t\t<section class=\"elementor-section elementor-top-section elementor-element elementor-element-hf7hwew elementor-section-boxed elementor-section-height-default elementor-section-height-default\" data-id=\"hf7hwew\" data-element_type=\"section\" data-e-type=\"section\">\n\t\t\t\t\t\t<div class=\"elementor-container elementor-column-gap-default\">\n\t\t\t\t\t<div class=\"elementor-column elementor-col-100 elementor-top-column elementor-element elementor-element-8mk8cpf\" data-id=\"8mk8cpf\" data-element_type=\"column\" data-e-type=\"column\">\n\t\t\t<div class=\"elementor-widget-wrap elementor-element-populated\">\n\t\t\t\t\t\t<div class=\"elementor-element elementor-element-srbc8ho elementor-position-left elementor-vertical-align-top elementor-widget elementor-widget-image-box\" data-id=\"srbc8ho\" data-element_type=\"widget\" data-e-type=\"widget\" data-widget_type=\"image-box.default\">\n\t\t\t\t<div class=\"elementor-widget-container\">\n\t\t\t\t\t<div class=\"elementor-image-box-wrapper\"><figure class=\"elementor-image-box-img\"><a href=\"http:\/\/ekaltech.pl\/3d\/3d.html\" target=\"_blank\" tabindex=\"-1\"><img fetchpriority=\"high\" decoding=\"async\" width=\"512\" height=\"512\" src=\"https:\/\/ekaltech.pl\/wp-content\/uploads\/2018\/03\/logo512x512-e1521633108281.png\" class=\"attachment-full size-full wp-image-71690\" alt=\"\" srcset=\"https:\/\/ekaltech.pl\/wp-content\/uploads\/2018\/03\/logo512x512-e1521633108281.png 512w, https:\/\/ekaltech.pl\/wp-content\/uploads\/2018\/03\/logo512x512-e1521633108281-150x150.png 150w, https:\/\/ekaltech.pl\/wp-content\/uploads\/2018\/03\/logo512x512-e1521633108281-300x300.png 300w\" sizes=\"(max-width: 512px) 100vw, 512px\" \/><\/a><\/figure><div class=\"elementor-image-box-content\"><h3 class=\"elementor-image-box-title\"><a href=\"http:\/\/ekaltech.pl\/3d\/3d.html\" target=\"_blank\">Logo 3D<\/a><\/h3><p class=\"elementor-image-box-description\">&lt;&lt; Kliknij na obrazku, \u017ceby zobaczy\u0107 wirtualny model 3D.<\/p><\/div><\/div>\t\t\t\t<\/div>\n\t\t\t\t<\/div>\n\t\t\t\t\t<\/div>\n\t\t<\/div>\n\t\t\t\t\t<\/div>\n\t\t<\/section>\n\t\t\t\t<\/div>\n\t\t","protected":false},"excerpt":{"rendered":"<p>Logo 3D<\/p>\n","protected":false},"author":1,"featured_media":0,"parent":0,"menu_order":0,"comment_status":"closed","ping_status":"closed","template":"","meta":{"footnotes":""},"class_list":["post-71666","page","type-page","status-publish","hentry"],"yoast_head":"<!-- This site is optimized with the Yoast SEO plugin v27.5 - https:\/\/yoast.com\/product\/yoast-seo-wordpress\/ -->\r\n<title>Dzia\u0142 projektowania CAD - Ekaltech Biuro In\u017cynierii Systemowej<\/title>\r\n<meta name=\"robots\" content=\"index, follow, max-snippet:-1, max-image-preview:large, max-video-preview:-1\" \/>\r\n<link rel=\"canonical\" href=\"https:\/\/ekaltech.pl\/index.php\/dzial-projektowania-cad\/\" \/>\r\n<meta property=\"og:locale\" content=\"pl_PL\" \/>\r\n<meta property=\"og:type\" content=\"article\" \/>\r\n<meta property=\"og:title\" content=\"Dzia\u0142 projektowania CAD - Ekaltech Biuro In\u017cynierii Systemowej\" \/>\r\n<meta property=\"og:description\" content=\"Logo 3D\" \/>\r\n<meta property=\"og:url\" content=\"https:\/\/ekaltech.pl\/index.php\/dzial-projektowania-cad\/\" \/>\r\n<meta property=\"og:site_name\" content=\"Ekaltech Biuro In\u017cynierii Systemowej\" \/>\r\n<meta property=\"article:modified_time\" content=\"2018-03-21T12:19:21+00:00\" \/>\r\n<meta property=\"og:image\" content=\"http:\/\/ekaltech.pl\/wp-content\/uploads\/2018\/03\/logo512x512-e1521633108281.png\" \/>\r\n<meta name=\"twitter:card\" content=\"summary_large_image\" \/>\r\n<script type=\"application\/ld+json\" class=\"yoast-schema-graph\">{\"@context\":\"https:\\\/\\\/schema.org\",\"@graph\":[{\"@type\":\"WebPage\",\"@id\":\"https:\\\/\\\/ekaltech.pl\\\/index.php\\\/dzial-projektowania-cad\\\/\",\"url\":\"https:\\\/\\\/ekaltech.pl\\\/index.php\\\/dzial-projektowania-cad\\\/\",\"name\":\"Dzia\u0142 projektowania CAD - Ekaltech Biuro In\u017cynierii Systemowej\",\"isPartOf\":{\"@id\":\"https:\\\/\\\/ekaltech.pl\\\/#website\"},\"primaryImageOfPage\":{\"@id\":\"https:\\\/\\\/ekaltech.pl\\\/index.php\\\/dzial-projektowania-cad\\\/#primaryimage\"},\"image\":{\"@id\":\"https:\\\/\\\/ekaltech.pl\\\/index.php\\\/dzial-projektowania-cad\\\/#primaryimage\"},\"thumbnailUrl\":\"http:\\\/\\\/ekaltech.pl\\\/wp-content\\\/uploads\\\/2018\\\/03\\\/logo512x512-e1521633108281.png\",\"datePublished\":\"2018-03-06T07:30:48+00:00\",\"dateModified\":\"2018-03-21T12:19:21+00:00\",\"breadcrumb\":{\"@id\":\"https:\\\/\\\/ekaltech.pl\\\/index.php\\\/dzial-projektowania-cad\\\/#breadcrumb\"},\"inLanguage\":\"pl-PL\",\"potentialAction\":[{\"@type\":\"ReadAction\",\"target\":[\"https:\\\/\\\/ekaltech.pl\\\/index.php\\\/dzial-projektowania-cad\\\/\"]}]},{\"@type\":\"ImageObject\",\"inLanguage\":\"pl-PL\",\"@id\":\"https:\\\/\\\/ekaltech.pl\\\/index.php\\\/dzial-projektowania-cad\\\/#primaryimage\",\"url\":\"http:\\\/\\\/ekaltech.pl\\\/wp-content\\\/uploads\\\/2018\\\/03\\\/logo512x512-e1521633108281.png\",\"contentUrl\":\"http:\\\/\\\/ekaltech.pl\\\/wp-content\\\/uploads\\\/2018\\\/03\\\/logo512x512-e1521633108281.png\"},{\"@type\":\"BreadcrumbList\",\"@id\":\"https:\\\/\\\/ekaltech.pl\\\/index.php\\\/dzial-projektowania-cad\\\/#breadcrumb\",\"itemListElement\":[{\"@type\":\"ListItem\",\"position\":1,\"name\":\"Home\",\"item\":\"https:\\\/\\\/ekaltech.pl\\\/\"},{\"@type\":\"ListItem\",\"position\":2,\"name\":\"Dzia\u0142 projektowania CAD\"}]},{\"@type\":\"WebSite\",\"@id\":\"https:\\\/\\\/ekaltech.pl\\\/#website\",\"url\":\"https:\\\/\\\/ekaltech.pl\\\/\",\"name\":\"Ekaltech Biuro In\u017cynierii Systemowej\",\"description\":\"Specjalizujemy si\u0119 w automatyce przemys\u0142owej, automatyce budynkowej, projektowaniu uk\u0142ad\u00f3w sterowania.\",\"publisher\":{\"@id\":\"https:\\\/\\\/ekaltech.pl\\\/#organization\"},\"potentialAction\":[{\"@type\":\"SearchAction\",\"target\":{\"@type\":\"EntryPoint\",\"urlTemplate\":\"https:\\\/\\\/ekaltech.pl\\\/?s={search_term_string}\"},\"query-input\":{\"@type\":\"PropertyValueSpecification\",\"valueRequired\":true,\"valueName\":\"search_term_string\"}}],\"inLanguage\":\"pl-PL\"},{\"@type\":\"Organization\",\"@id\":\"https:\\\/\\\/ekaltech.pl\\\/#organization\",\"name\":\"Ekaltech Biuro In\u017cynierii Systemowej\",\"url\":\"https:\\\/\\\/ekaltech.pl\\\/\",\"logo\":{\"@type\":\"ImageObject\",\"inLanguage\":\"pl-PL\",\"@id\":\"https:\\\/\\\/ekaltech.pl\\\/#\\\/schema\\\/logo\\\/image\\\/\",\"url\":\"https:\\\/\\\/ekaltech.pl\\\/wp-content\\\/uploads\\\/2018\\\/02\\\/cropped-EKALTECH-LOGO-1.png\",\"contentUrl\":\"https:\\\/\\\/ekaltech.pl\\\/wp-content\\\/uploads\\\/2018\\\/02\\\/cropped-EKALTECH-LOGO-1.png\",\"width\":332,\"height\":172,\"caption\":\"Ekaltech Biuro In\u017cynierii Systemowej\"},\"image\":{\"@id\":\"https:\\\/\\\/ekaltech.pl\\\/#\\\/schema\\\/logo\\\/image\\\/\"}}]}<\/script>\r\n<!-- \/ Yoast SEO plugin. -->","yoast_head_json":{"title":"Dzia\u0142 projektowania CAD - Ekaltech Biuro In\u017cynierii Systemowej","robots":{"index":"index","follow":"follow","max-snippet":"max-snippet:-1","max-image-preview":"max-image-preview:large","max-video-preview":"max-video-preview:-1"},"canonical":"https:\/\/ekaltech.pl\/index.php\/dzial-projektowania-cad\/","og_locale":"pl_PL","og_type":"article","og_title":"Dzia\u0142 projektowania CAD - Ekaltech Biuro In\u017cynierii Systemowej","og_description":"Logo 3D","og_url":"https:\/\/ekaltech.pl\/index.php\/dzial-projektowania-cad\/","og_site_name":"Ekaltech Biuro In\u017cynierii Systemowej","article_modified_time":"2018-03-21T12:19:21+00:00","og_image":[{"url":"http:\/\/ekaltech.pl\/wp-content\/uploads\/2018\/03\/logo512x512-e1521633108281.png","type":"","width":"","height":""}],"twitter_card":"summary_large_image","schema":{"@context":"https:\/\/schema.org","@graph":[{"@type":"WebPage","@id":"https:\/\/ekaltech.pl\/index.php\/dzial-projektowania-cad\/","url":"https:\/\/ekaltech.pl\/index.php\/dzial-projektowania-cad\/","name":"Dzia\u0142 projektowania CAD - Ekaltech Biuro In\u017cynierii Systemowej","isPartOf":{"@id":"https:\/\/ekaltech.pl\/#website"},"primaryImageOfPage":{"@id":"https:\/\/ekaltech.pl\/index.php\/dzial-projektowania-cad\/#primaryimage"},"image":{"@id":"https:\/\/ekaltech.pl\/index.php\/dzial-projektowania-cad\/#primaryimage"},"thumbnailUrl":"http:\/\/ekaltech.pl\/wp-content\/uploads\/2018\/03\/logo512x512-e1521633108281.png","datePublished":"2018-03-06T07:30:48+00:00","dateModified":"2018-03-21T12:19:21+00:00","breadcrumb":{"@id":"https:\/\/ekaltech.pl\/index.php\/dzial-projektowania-cad\/#breadcrumb"},"inLanguage":"pl-PL","potentialAction":[{"@type":"ReadAction","target":["https:\/\/ekaltech.pl\/index.php\/dzial-projektowania-cad\/"]}]},{"@type":"ImageObject","inLanguage":"pl-PL","@id":"https:\/\/ekaltech.pl\/index.php\/dzial-projektowania-cad\/#primaryimage","url":"http:\/\/ekaltech.pl\/wp-content\/uploads\/2018\/03\/logo512x512-e1521633108281.png","contentUrl":"http:\/\/ekaltech.pl\/wp-content\/uploads\/2018\/03\/logo512x512-e1521633108281.png"},{"@type":"BreadcrumbList","@id":"https:\/\/ekaltech.pl\/index.php\/dzial-projektowania-cad\/#breadcrumb","itemListElement":[{"@type":"ListItem","position":1,"name":"Home","item":"https:\/\/ekaltech.pl\/"},{"@type":"ListItem","position":2,"name":"Dzia\u0142 projektowania CAD"}]},{"@type":"WebSite","@id":"https:\/\/ekaltech.pl\/#website","url":"https:\/\/ekaltech.pl\/","name":"Ekaltech Biuro In\u017cynierii Systemowej","description":"Specjalizujemy si\u0119 w automatyce przemys\u0142owej, automatyce budynkowej, projektowaniu uk\u0142ad\u00f3w sterowania.","publisher":{"@id":"https:\/\/ekaltech.pl\/#organization"},"potentialAction":[{"@type":"SearchAction","target":{"@type":"EntryPoint","urlTemplate":"https:\/\/ekaltech.pl\/?s={search_term_string}"},"query-input":{"@type":"PropertyValueSpecification","valueRequired":true,"valueName":"search_term_string"}}],"inLanguage":"pl-PL"},{"@type":"Organization","@id":"https:\/\/ekaltech.pl\/#organization","name":"Ekaltech Biuro In\u017cynierii Systemowej","url":"https:\/\/ekaltech.pl\/","logo":{"@type":"ImageObject","inLanguage":"pl-PL","@id":"https:\/\/ekaltech.pl\/#\/schema\/logo\/image\/","url":"https:\/\/ekaltech.pl\/wp-content\/uploads\/2018\/02\/cropped-EKALTECH-LOGO-1.png","contentUrl":"https:\/\/ekaltech.pl\/wp-content\/uploads\/2018\/02\/cropped-EKALTECH-LOGO-1.png","width":332,"height":172,"caption":"Ekaltech Biuro In\u017cynierii Systemowej"},"image":{"@id":"https:\/\/ekaltech.pl\/#\/schema\/logo\/image\/"}}]}},"_links":{"self":[{"href":"https:\/\/ekaltech.pl\/index.php\/wp-json\/wp\/v2\/pages\/71666","targetHints":{"allow":["GET"]}}],"collection":[{"href":"https:\/\/ekaltech.pl\/index.php\/wp-json\/wp\/v2\/pages"}],"about":[{"href":"https:\/\/ekaltech.pl\/index.php\/wp-json\/wp\/v2\/types\/page"}],"author":[{"embeddable":true,"href":"https:\/\/ekaltech.pl\/index.php\/wp-json\/wp\/v2\/users\/1"}],"replies":[{"embeddable":true,"href":"https:\/\/ekaltech.pl\/index.php\/wp-json\/wp\/v2\/comments?post=71666"}],"version-history":[{"count":8,"href":"https:\/\/ekaltech.pl\/index.php\/wp-json\/wp\/v2\/pages\/71666\/revisions"}],"predecessor-version":[{"id":71705,"href":"https:\/\/ekaltech.pl\/index.php\/wp-json\/wp\/v2\/pages\/71666\/revisions\/71705"}],"wp:attachment":[{"href":"https:\/\/ekaltech.pl\/index.php\/wp-json\/wp\/v2\/media?parent=71666"}],"curies":[{"name":"wp","href":"https:\/\/api.w.org\/{rel}","templated":true}]}}