{"id":71215,"date":"2017-09-20T12:33:53","date_gmt":"2017-09-20T10:33:53","guid":{"rendered":"http:\/\/ekaltech.pl\/?page_id=71215"},"modified":"2021-06-08T13:35:37","modified_gmt":"2021-06-08T11:35:37","slug":"o-firmie","status":"publish","type":"page","link":"https:\/\/ekaltech.pl\/index.php\/o-firmie\/","title":{"rendered":"O firmie"},"content":{"rendered":"\t\t<div data-elementor-type=\"wp-page\" data-elementor-id=\"71215\" class=\"elementor elementor-71215\">\n\t\t\t\t\t\t<section class=\"elementor-section elementor-top-section elementor-element elementor-element-fc06344 elementor-section-boxed elementor-section-height-default elementor-section-height-default\" data-id=\"fc06344\" data-element_type=\"section\" data-e-type=\"section\">\n\t\t\t\t\t\t<div class=\"elementor-container elementor-column-gap-default\">\n\t\t\t\t\t<div class=\"elementor-column elementor-col-100 elementor-top-column elementor-element elementor-element-9255d9f\" data-id=\"9255d9f\" data-element_type=\"column\" data-e-type=\"column\">\n\t\t\t<div class=\"elementor-widget-wrap elementor-element-populated\">\n\t\t\t\t\t\t<div class=\"elementor-element elementor-element-5170ae7 elementor-widget elementor-widget-text-editor\" data-id=\"5170ae7\" data-element_type=\"widget\" data-e-type=\"widget\" data-widget_type=\"text-editor.default\">\n\t\t\t\t<div class=\"elementor-widget-container\">\n\t\t\t\t\t\t\t\t\t<p>Powstali\u015bmy w roku 2005 opieraj\u0105c si\u0119 na bazie w\u0142asnych wieloletnich do\u015bwiadcze\u0144 i kwalifikacji zawodowych, intensywnej pracy, ci\u0105g\u0142ym poszerzaniu wiedzy, udzia\u0142u w kursach szkoleniowych i konferencjach.<\/p><p>Obecnie naszym celem jest dynamiczny rozw\u00f3j biura zw\u0142aszcza w obszarze in\u017cynierii systemowej z zakresu informatyki, automatyki przemys\u0142owej, robotyki i elektroniki stosowanej dla inwestycji z terenu ca\u0142ego kraju.<\/p><p>Praca zespo\u0142u <span style=\"color: #800000;\">EKALTECH<\/span> opiera si\u0119 na \u015bwiadczeniu kompleksowych us\u0142ug. Zaczynaj\u0105c od szczeg\u00f3\u0142owej identyfikacji potrzeb Klienta, wykonaniu oferty na rozwi\u0105zania systemowe, sprz\u0119towe, szkolenia i na opiece posprzeda\u017cnej ko\u0144cz\u0105c.<\/p><p>Dzi\u0119ki wsp\u00f3\u0142pracy z wieloma firmami z bran\u017cy posiadamy dost\u0119p do nowoczesnych sprawdzonych technologii, szeroko poj\u0119tego doradztwa i wsparcia technicznego, kt\u00f3re jest niezb\u0119dne przy realizacji zaawansowanych projekt\u00f3w wielozadaniowych i r\u00f3wnoleg\u0142ych.<\/p><p>Zesp\u00f3\u0142 <span style=\"color: #800000;\">EKALTECH<\/span> tworzy wybrana grupa wysokiej klasy specjalist\u00f3w, os\u00f3b szczerze zaanga\u017cowanych w proces powstawania oraz propagowania in\u017cynierii systemowej, lubi\u0105cych swoj\u0105 prac\u0119 oraz wi\u0105\u017c\u0105ce si\u0119 z ni\u0105 wyzwania.<\/p><p><span style=\"color: #800000;\">EKALTECH<\/span> partnersk\u0105 wsp\u00f3\u0142prac\u0119 tworzy z: firm\u0105 BECKHOFF lidera w dziedzinie nowoczesnych technik automatyzacji maszyn, firm\u0105 InduSoft Polska Sp. z o.o., oferuj\u0105c\u0105 szeroki asortyment oprogramowania umo\u017cliwiaj\u0105cego tworzenie w \u015brodowisku Windows aplikacji wspomagaj\u0105cych systemy automatyki przemys\u0142owej, sterowania i system\u00f3w wbudowanych, dostarcza rozwi\u0105zania zaopatruj\u0105ce wsp\u00f3\u0142czesn\u0105 technologi\u0119 dost\u0119pu i przechowywania danych dla urz\u0105dze\u0144 przemys\u0142owych.<\/p><p>Zapraszamy do wsp\u00f3\u0142pracy.<\/p>\t\t\t\t\t\t\t\t<\/div>\n\t\t\t\t<\/div>\n\t\t\t\t\t<\/div>\n\t\t<\/div>\n\t\t\t\t\t<\/div>\n\t\t<\/section>\n\t\t\t\t<section class=\"elementor-section elementor-top-section elementor-element elementor-element-d429a14 elementor-section-boxed elementor-section-height-default elementor-section-height-default\" data-id=\"d429a14\" data-element_type=\"section\" data-e-type=\"section\">\n\t\t\t\t\t\t<div class=\"elementor-container elementor-column-gap-default\">\n\t\t\t\t\t<div class=\"elementor-column elementor-col-100 elementor-top-column elementor-element elementor-element-077b37e\" data-id=\"077b37e\" data-element_type=\"column\" data-e-type=\"column\">\n\t\t\t<div class=\"elementor-widget-wrap elementor-element-populated\">\n\t\t\t\t\t\t\t<\/div>\n\t\t<\/div>\n\t\t\t\t\t<\/div>\n\t\t<\/section>\n\t\t\t\t<\/div>\n\t\t","protected":false},"excerpt":{"rendered":"<p>Powstali\u015bmy w roku 2005 opieraj\u0105c si\u0119 na bazie w\u0142asnych wieloletnich do\u015bwiadcze\u0144 i kwalifikacji zawodowych, intensywnej pracy, ci\u0105g\u0142ym poszerzaniu wiedzy, udzia\u0142u w kursach szkoleniowych i konferencjach. Obecnie naszym celem jest dynamiczny rozw\u00f3j biura zw\u0142aszcza w obszarze in\u017cynierii systemowej z zakresu informatyki, automatyki przemys\u0142owej, robotyki i elektroniki stosowanej dla inwestycji z terenu ca\u0142ego kraju. Praca zespo\u0142u EKALTECH [&hellip;]<\/p>\n","protected":false},"author":1,"featured_media":0,"parent":0,"menu_order":0,"comment_status":"closed","ping_status":"closed","template":"","meta":{"footnotes":""},"class_list":["post-71215","page","type-page","status-publish","hentry"],"yoast_head":"<!-- This site is optimized with the Yoast SEO plugin v27.3 - https:\/\/yoast.com\/product\/yoast-seo-wordpress\/ -->\r\n<title>O firmie - Ekaltech Biuro In\u017cynierii Systemowej<\/title>\r\n<meta name=\"robots\" content=\"index, follow, max-snippet:-1, max-image-preview:large, max-video-preview:-1\" \/>\r\n<link rel=\"canonical\" href=\"https:\/\/ekaltech.pl\/index.php\/o-firmie\/\" \/>\r\n<meta property=\"og:locale\" content=\"pl_PL\" \/>\r\n<meta property=\"og:type\" content=\"article\" \/>\r\n<meta property=\"og:title\" content=\"O firmie - Ekaltech Biuro In\u017cynierii Systemowej\" \/>\r\n<meta property=\"og:description\" content=\"Powstali\u015bmy w roku 2005 opieraj\u0105c si\u0119 na bazie w\u0142asnych wieloletnich do\u015bwiadcze\u0144 i kwalifikacji zawodowych, intensywnej pracy, ci\u0105g\u0142ym poszerzaniu wiedzy, udzia\u0142u w kursach szkoleniowych i konferencjach. Obecnie naszym celem jest dynamiczny rozw\u00f3j biura zw\u0142aszcza w obszarze in\u017cynierii systemowej z zakresu informatyki, automatyki przemys\u0142owej, robotyki i elektroniki stosowanej dla inwestycji z terenu ca\u0142ego kraju. Praca zespo\u0142u EKALTECH [&hellip;]\" \/>\r\n<meta property=\"og:url\" content=\"https:\/\/ekaltech.pl\/index.php\/o-firmie\/\" \/>\r\n<meta property=\"og:site_name\" content=\"Ekaltech Biuro In\u017cynierii Systemowej\" \/>\r\n<meta property=\"article:modified_time\" content=\"2021-06-08T11:35:37+00:00\" \/>\r\n<meta name=\"twitter:card\" content=\"summary_large_image\" \/>\r\n<meta name=\"twitter:label1\" content=\"Szacowany czas czytania\" \/>\n\t<meta name=\"twitter:data1\" content=\"1 minuta\" \/>\r\n<script type=\"application\/ld+json\" class=\"yoast-schema-graph\">{\"@context\":\"https:\\\/\\\/schema.org\",\"@graph\":[{\"@type\":\"WebPage\",\"@id\":\"https:\\\/\\\/ekaltech.pl\\\/index.php\\\/o-firmie\\\/\",\"url\":\"https:\\\/\\\/ekaltech.pl\\\/index.php\\\/o-firmie\\\/\",\"name\":\"O firmie - Ekaltech Biuro In\u017cynierii Systemowej\",\"isPartOf\":{\"@id\":\"https:\\\/\\\/ekaltech.pl\\\/#website\"},\"datePublished\":\"2017-09-20T10:33:53+00:00\",\"dateModified\":\"2021-06-08T11:35:37+00:00\",\"breadcrumb\":{\"@id\":\"https:\\\/\\\/ekaltech.pl\\\/index.php\\\/o-firmie\\\/#breadcrumb\"},\"inLanguage\":\"pl-PL\",\"potentialAction\":[{\"@type\":\"ReadAction\",\"target\":[\"https:\\\/\\\/ekaltech.pl\\\/index.php\\\/o-firmie\\\/\"]}]},{\"@type\":\"BreadcrumbList\",\"@id\":\"https:\\\/\\\/ekaltech.pl\\\/index.php\\\/o-firmie\\\/#breadcrumb\",\"itemListElement\":[{\"@type\":\"ListItem\",\"position\":1,\"name\":\"Home\",\"item\":\"https:\\\/\\\/ekaltech.pl\\\/\"},{\"@type\":\"ListItem\",\"position\":2,\"name\":\"O firmie\"}]},{\"@type\":\"WebSite\",\"@id\":\"https:\\\/\\\/ekaltech.pl\\\/#website\",\"url\":\"https:\\\/\\\/ekaltech.pl\\\/\",\"name\":\"Ekaltech Biuro In\u017cynierii Systemowej\",\"description\":\"Specjalizujemy si\u0119 w automatyce przemys\u0142owej, automatyce budynkowej, projektowaniu uk\u0142ad\u00f3w sterowania.\",\"publisher\":{\"@id\":\"https:\\\/\\\/ekaltech.pl\\\/#organization\"},\"potentialAction\":[{\"@type\":\"SearchAction\",\"target\":{\"@type\":\"EntryPoint\",\"urlTemplate\":\"https:\\\/\\\/ekaltech.pl\\\/?s={search_term_string}\"},\"query-input\":{\"@type\":\"PropertyValueSpecification\",\"valueRequired\":true,\"valueName\":\"search_term_string\"}}],\"inLanguage\":\"pl-PL\"},{\"@type\":\"Organization\",\"@id\":\"https:\\\/\\\/ekaltech.pl\\\/#organization\",\"name\":\"Ekaltech Biuro In\u017cynierii Systemowej\",\"url\":\"https:\\\/\\\/ekaltech.pl\\\/\",\"logo\":{\"@type\":\"ImageObject\",\"inLanguage\":\"pl-PL\",\"@id\":\"https:\\\/\\\/ekaltech.pl\\\/#\\\/schema\\\/logo\\\/image\\\/\",\"url\":\"https:\\\/\\\/ekaltech.pl\\\/wp-content\\\/uploads\\\/2018\\\/02\\\/cropped-EKALTECH-LOGO-1.png\",\"contentUrl\":\"https:\\\/\\\/ekaltech.pl\\\/wp-content\\\/uploads\\\/2018\\\/02\\\/cropped-EKALTECH-LOGO-1.png\",\"width\":332,\"height\":172,\"caption\":\"Ekaltech Biuro In\u017cynierii Systemowej\"},\"image\":{\"@id\":\"https:\\\/\\\/ekaltech.pl\\\/#\\\/schema\\\/logo\\\/image\\\/\"}}]}<\/script>\r\n<!-- \/ Yoast SEO plugin. -->","yoast_head_json":{"title":"O firmie - Ekaltech Biuro In\u017cynierii Systemowej","robots":{"index":"index","follow":"follow","max-snippet":"max-snippet:-1","max-image-preview":"max-image-preview:large","max-video-preview":"max-video-preview:-1"},"canonical":"https:\/\/ekaltech.pl\/index.php\/o-firmie\/","og_locale":"pl_PL","og_type":"article","og_title":"O firmie - Ekaltech Biuro In\u017cynierii Systemowej","og_description":"Powstali\u015bmy w roku 2005 opieraj\u0105c si\u0119 na bazie w\u0142asnych wieloletnich do\u015bwiadcze\u0144 i kwalifikacji zawodowych, intensywnej pracy, ci\u0105g\u0142ym poszerzaniu wiedzy, udzia\u0142u w kursach szkoleniowych i konferencjach. Obecnie naszym celem jest dynamiczny rozw\u00f3j biura zw\u0142aszcza w obszarze in\u017cynierii systemowej z zakresu informatyki, automatyki przemys\u0142owej, robotyki i elektroniki stosowanej dla inwestycji z terenu ca\u0142ego kraju. Praca zespo\u0142u EKALTECH [&hellip;]","og_url":"https:\/\/ekaltech.pl\/index.php\/o-firmie\/","og_site_name":"Ekaltech Biuro In\u017cynierii Systemowej","article_modified_time":"2021-06-08T11:35:37+00:00","twitter_card":"summary_large_image","twitter_misc":{"Szacowany czas czytania":"1 minuta"},"schema":{"@context":"https:\/\/schema.org","@graph":[{"@type":"WebPage","@id":"https:\/\/ekaltech.pl\/index.php\/o-firmie\/","url":"https:\/\/ekaltech.pl\/index.php\/o-firmie\/","name":"O firmie - Ekaltech Biuro In\u017cynierii Systemowej","isPartOf":{"@id":"https:\/\/ekaltech.pl\/#website"},"datePublished":"2017-09-20T10:33:53+00:00","dateModified":"2021-06-08T11:35:37+00:00","breadcrumb":{"@id":"https:\/\/ekaltech.pl\/index.php\/o-firmie\/#breadcrumb"},"inLanguage":"pl-PL","potentialAction":[{"@type":"ReadAction","target":["https:\/\/ekaltech.pl\/index.php\/o-firmie\/"]}]},{"@type":"BreadcrumbList","@id":"https:\/\/ekaltech.pl\/index.php\/o-firmie\/#breadcrumb","itemListElement":[{"@type":"ListItem","position":1,"name":"Home","item":"https:\/\/ekaltech.pl\/"},{"@type":"ListItem","position":2,"name":"O firmie"}]},{"@type":"WebSite","@id":"https:\/\/ekaltech.pl\/#website","url":"https:\/\/ekaltech.pl\/","name":"Ekaltech Biuro In\u017cynierii Systemowej","description":"Specjalizujemy si\u0119 w automatyce przemys\u0142owej, automatyce budynkowej, projektowaniu uk\u0142ad\u00f3w sterowania.","publisher":{"@id":"https:\/\/ekaltech.pl\/#organization"},"potentialAction":[{"@type":"SearchAction","target":{"@type":"EntryPoint","urlTemplate":"https:\/\/ekaltech.pl\/?s={search_term_string}"},"query-input":{"@type":"PropertyValueSpecification","valueRequired":true,"valueName":"search_term_string"}}],"inLanguage":"pl-PL"},{"@type":"Organization","@id":"https:\/\/ekaltech.pl\/#organization","name":"Ekaltech Biuro In\u017cynierii Systemowej","url":"https:\/\/ekaltech.pl\/","logo":{"@type":"ImageObject","inLanguage":"pl-PL","@id":"https:\/\/ekaltech.pl\/#\/schema\/logo\/image\/","url":"https:\/\/ekaltech.pl\/wp-content\/uploads\/2018\/02\/cropped-EKALTECH-LOGO-1.png","contentUrl":"https:\/\/ekaltech.pl\/wp-content\/uploads\/2018\/02\/cropped-EKALTECH-LOGO-1.png","width":332,"height":172,"caption":"Ekaltech Biuro In\u017cynierii Systemowej"},"image":{"@id":"https:\/\/ekaltech.pl\/#\/schema\/logo\/image\/"}}]}},"_links":{"self":[{"href":"https:\/\/ekaltech.pl\/index.php\/wp-json\/wp\/v2\/pages\/71215","targetHints":{"allow":["GET"]}}],"collection":[{"href":"https:\/\/ekaltech.pl\/index.php\/wp-json\/wp\/v2\/pages"}],"about":[{"href":"https:\/\/ekaltech.pl\/index.php\/wp-json\/wp\/v2\/types\/page"}],"author":[{"embeddable":true,"href":"https:\/\/ekaltech.pl\/index.php\/wp-json\/wp\/v2\/users\/1"}],"replies":[{"embeddable":true,"href":"https:\/\/ekaltech.pl\/index.php\/wp-json\/wp\/v2\/comments?post=71215"}],"version-history":[{"count":22,"href":"https:\/\/ekaltech.pl\/index.php\/wp-json\/wp\/v2\/pages\/71215\/revisions"}],"predecessor-version":[{"id":73893,"href":"https:\/\/ekaltech.pl\/index.php\/wp-json\/wp\/v2\/pages\/71215\/revisions\/73893"}],"wp:attachment":[{"href":"https:\/\/ekaltech.pl\/index.php\/wp-json\/wp\/v2\/media?parent=71215"}],"curies":[{"name":"wp","href":"https:\/\/api.w.org\/{rel}","templated":true}]}}