{"id":71214,"date":"2017-09-20T12:33:53","date_gmt":"2017-09-20T10:33:53","guid":{"rendered":"http:\/\/ekaltech.pl\/?page_id=71214"},"modified":"2018-03-05T13:44:01","modified_gmt":"2018-03-05T12:44:01","slug":"manipulatory","status":"publish","type":"page","link":"https:\/\/ekaltech.pl\/index.php\/manipulatory\/","title":{"rendered":"Manipulatory"},"content":{"rendered":"\t\t<div data-elementor-type=\"wp-page\" data-elementor-id=\"71214\" class=\"elementor elementor-71214 elementor-bc-flex-widget\">\n\t\t\t\t\t\t<section class=\"elementor-section elementor-top-section elementor-element elementor-element-dsmgthl elementor-section-stretched elementor-section-boxed elementor-section-height-default elementor-section-height-default\" data-id=\"dsmgthl\" data-element_type=\"section\" data-e-type=\"section\" data-settings=\"{&quot;stretch_section&quot;:&quot;section-stretched&quot;,&quot;background_background&quot;:&quot;classic&quot;}\">\n\t\t\t\t\t\t<div class=\"elementor-container elementor-column-gap-default\">\n\t\t\t\t\t<div class=\"elementor-column elementor-col-100 elementor-top-column elementor-element elementor-element-pradctf\" data-id=\"pradctf\" data-element_type=\"column\" data-e-type=\"column\">\n\t\t\t<div class=\"elementor-widget-wrap elementor-element-populated\">\n\t\t\t\t\t\t<section class=\"elementor-section elementor-inner-section elementor-element elementor-element-bymorsk elementor-section-full_width elementor-section-height-min-height elementor-section-height-default\" data-id=\"bymorsk\" data-element_type=\"section\" data-e-type=\"section\">\n\t\t\t\t\t\t<div class=\"elementor-container elementor-column-gap-default\">\n\t\t\t\t\t<div class=\"elementor-column elementor-col-50 elementor-inner-column elementor-element elementor-element-gvfhrql\" data-id=\"gvfhrql\" data-element_type=\"column\" data-e-type=\"column\">\n\t\t\t<div class=\"elementor-widget-wrap elementor-element-populated\">\n\t\t\t\t\t\t<div class=\"elementor-element elementor-element-rlfktsd elementor-widget elementor-widget-html\" data-id=\"rlfktsd\" data-element_type=\"widget\" data-e-type=\"widget\" data-widget_type=\"html.default\">\n\t\t\t\t<div class=\"elementor-widget-container\">\n\t\t\t\t\tManipulator KUKA<br> z przerobionym sterowaniem<br>osie nap\u0119dzane przez<br>serwowzmaciarze Beckhoff \t\t\t\t<\/div>\n\t\t\t\t<\/div>\n\t\t\t\t\t<\/div>\n\t\t<\/div>\n\t\t\t\t<div class=\"elementor-column elementor-col-50 elementor-inner-column elementor-element elementor-element-kxwewrz\" data-id=\"kxwewrz\" data-element_type=\"column\" data-e-type=\"column\">\n\t\t\t<div class=\"elementor-widget-wrap elementor-element-populated\">\n\t\t\t\t\t\t<div class=\"elementor-element elementor-element-sqimcgx elementor-widget elementor-widget-html\" data-id=\"sqimcgx\" data-element_type=\"widget\" data-e-type=\"widget\" data-widget_type=\"html.default\">\n\t\t\t\t<div class=\"elementor-widget-container\">\n\t\t\t\t\tRobot KUKA\t\t\t\t<\/div>\n\t\t\t\t<\/div>\n\t\t\t\t<div class=\"elementor-element elementor-element-xgarcvy elementor-widget elementor-widget-html\" data-id=\"xgarcvy\" data-element_type=\"widget\" data-e-type=\"widget\" data-widget_type=\"html.default\">\n\t\t\t\t<div class=\"elementor-widget-container\">\n\t\t\t\t\t            <video width=\"720\" height=\"480\" controls>\n                <source src=\"\/artykuly\/Manipulator\/VIDEO0271.mp4\" type=\"video\/mp4\"\/>\n                    Twoja przegl\u0105darka nie obs\u0142uguje video z rozszerzeniem mp4.\n                <\/source>\n            <\/video> \n           \t\t\t\t<\/div>\n\t\t\t\t<\/div>\n\t\t\t\t\t<\/div>\n\t\t<\/div>\n\t\t\t\t\t<\/div>\n\t\t<\/section>\n\t\t\t\t<section class=\"elementor-section elementor-inner-section elementor-element elementor-element-4s5nt3r elementor-section-full_width elementor-section-height-min-height elementor-section-height-default\" data-id=\"4s5nt3r\" data-element_type=\"section\" data-e-type=\"section\">\n\t\t\t\t\t\t<div class=\"elementor-container elementor-column-gap-default\">\n\t\t\t\t\t<div class=\"elementor-column elementor-col-50 elementor-inner-column elementor-element elementor-element-8l0qo5e\" data-id=\"8l0qo5e\" data-element_type=\"column\" data-e-type=\"column\">\n\t\t\t<div class=\"elementor-widget-wrap elementor-element-populated\">\n\t\t\t\t\t\t<div class=\"elementor-element elementor-element-sl9lxcg elementor-widget elementor-widget-html\" data-id=\"sl9lxcg\" data-element_type=\"widget\" data-e-type=\"widget\" data-widget_type=\"html.default\">\n\t\t\t\t<div class=\"elementor-widget-container\">\n\t\t\t\t\tManipulator KUKA KRC1\t\t\t\t<\/div>\n\t\t\t\t<\/div>\n\t\t\t\t\t<\/div>\n\t\t<\/div>\n\t\t\t\t<div class=\"elementor-column elementor-col-50 elementor-inner-column elementor-element elementor-element-7u7y1d0\" data-id=\"7u7y1d0\" data-element_type=\"column\" data-e-type=\"column\">\n\t\t\t<div class=\"elementor-widget-wrap elementor-element-populated\">\n\t\t\t\t\t\t<div class=\"elementor-element elementor-element-il7bwq8 elementor-widget elementor-widget-html\" data-id=\"il7bwq8\" data-element_type=\"widget\" data-e-type=\"widget\" data-widget_type=\"html.default\">\n\t\t\t\t<div class=\"elementor-widget-container\">\n\t\t\t\t\tKUKA KRC\t\t\t\t<\/div>\n\t\t\t\t<\/div>\n\t\t\t\t<div class=\"elementor-element elementor-element-r1gua7s elementor-widget elementor-widget-html\" data-id=\"r1gua7s\" data-element_type=\"widget\" data-e-type=\"widget\" data-widget_type=\"html.default\">\n\t\t\t\t<div class=\"elementor-widget-container\">\n\t\t\t\t\tRoz\u0142adunek palety z element\u00f3w na linie wraz z przek\u0142adaniem element\u00f3w:\n<ul> \n\t<li>Program do roz\u0142adowywania element\u00f3w w wielu konifugracjach u\u0142o\u017cenia element\u00f3w na palecie.<\/li>\n\t<li>Wizualizacja umo\u017cliwiaj\u0105ca wprowadzanie pe\u0142nych wymiar\u00f3w pojedy\u0144czego elementu, u\u0142o\u017cenia ich na palecie, grubo\u015bci elementu, ilo\u015bci sztuk na palecie(zamiast wykonywania pomiaru z dalmierza nad palet\u0105), wysoko\u015b\u0107 palety wraz z podk\u0142adem.<\/li>\n\t<li>Odbi\u00f3r uci\u0119tego elementu powracaj\u0105cego z maszyny i ponowne jego za\u0142adowanie na linie po wykonaniu obrotu.<\/li>\n\t<li>Zautomatyzowany wjazd nowej palety do robota.<\/li>\n\t<li>Pe\u0142ne sterowanie odbywa si\u0119 z panelu wizualizacyjnego robota. Bez potrzeby wykorzystywania panelu dedykowanego KUKA.<\/li>\n<\/ul>\n               \t\t\t\t<\/div>\n\t\t\t\t<\/div>\n\t\t\t\t<div class=\"elementor-element elementor-element-puetvti elementor-widget elementor-widget-html\" data-id=\"puetvti\" data-element_type=\"widget\" data-e-type=\"widget\" data-widget_type=\"html.default\">\n\t\t\t\t<div class=\"elementor-widget-container\">\n\t\t\t\t\t            <video width=\"720\" height=\"480\" controls>\n                <source src=\"\/artykuly\/KUKA\/VID_20180227_174501.mp4\" type=\"video\/mp4\"\/>\n                    Twoja przegl\u0105darka nie obs\u0142uguje video z rozszerzeniem mp4.\n                <\/source>\n            <\/video> \n                <video width=\"720\" height=\"480\" controls>\n                <source src=\"\/artykuly\/KUKA\/VID_20180301_091235.mp4\" type=\"video\/mp4\"\/>\n                    Twoja przegl\u0105darka nie obs\u0142uguje video z rozszerzeniem mp4.\n                <\/source>\n            <\/video> \t\t\t\t<\/div>\n\t\t\t\t<\/div>\n\t\t\t\t\t<\/div>\n\t\t<\/div>\n\t\t\t\t\t<\/div>\n\t\t<\/section>\n\t\t\t\t\t<\/div>\n\t\t<\/div>\n\t\t\t\t\t<\/div>\n\t\t<\/section>\n\t\t\t\t<\/div>\n\t\t","protected":false},"excerpt":{"rendered":"<p>Manipulator KUKA z przerobionym sterowaniemosie nap\u0119dzane przezserwowzmaciarze Beckhoff Robot KUKA Twoja przegl\u0105darka nie obs\u0142uguje video z rozszerzeniem mp4. Manipulator KUKA KRC1 KUKA KRC Roz\u0142adunek palety z element\u00f3w na linie wraz z przek\u0142adaniem element\u00f3w: Program do roz\u0142adowywania element\u00f3w w wielu konifugracjach u\u0142o\u017cenia element\u00f3w na palecie. Wizualizacja umo\u017cliwiaj\u0105ca wprowadzanie pe\u0142nych wymiar\u00f3w pojedy\u0144czego elementu, u\u0142o\u017cenia ich na palecie, [&hellip;]<\/p>\n","protected":false},"author":1,"featured_media":0,"parent":0,"menu_order":0,"comment_status":"closed","ping_status":"closed","template":"","meta":{"footnotes":""},"class_list":["post-71214","page","type-page","status-publish","hentry"],"yoast_head":"<!-- This site is optimized with the Yoast SEO plugin v27.3 - https:\/\/yoast.com\/product\/yoast-seo-wordpress\/ -->\r\n<title>Manipulatory - Ekaltech Biuro In\u017cynierii Systemowej<\/title>\r\n<meta name=\"robots\" content=\"index, follow, max-snippet:-1, max-image-preview:large, max-video-preview:-1\" \/>\r\n<link rel=\"canonical\" href=\"https:\/\/ekaltech.pl\/index.php\/manipulatory\/\" \/>\r\n<meta property=\"og:locale\" content=\"pl_PL\" \/>\r\n<meta property=\"og:type\" content=\"article\" \/>\r\n<meta property=\"og:title\" content=\"Manipulatory - Ekaltech Biuro In\u017cynierii Systemowej\" \/>\r\n<meta property=\"og:description\" content=\"Manipulator KUKA z przerobionym sterowaniemosie nap\u0119dzane przezserwowzmaciarze Beckhoff Robot KUKA Twoja przegl\u0105darka nie obs\u0142uguje video z rozszerzeniem mp4. Manipulator KUKA KRC1 KUKA KRC Roz\u0142adunek palety z element\u00f3w na linie wraz z przek\u0142adaniem element\u00f3w: Program do roz\u0142adowywania element\u00f3w w wielu konifugracjach u\u0142o\u017cenia element\u00f3w na palecie. Wizualizacja umo\u017cliwiaj\u0105ca wprowadzanie pe\u0142nych wymiar\u00f3w pojedy\u0144czego elementu, u\u0142o\u017cenia ich na palecie, [&hellip;]\" \/>\r\n<meta property=\"og:url\" content=\"https:\/\/ekaltech.pl\/index.php\/manipulatory\/\" \/>\r\n<meta property=\"og:site_name\" content=\"Ekaltech Biuro In\u017cynierii Systemowej\" \/>\r\n<meta property=\"article:modified_time\" content=\"2018-03-05T12:44:01+00:00\" \/>\r\n<meta name=\"twitter:card\" content=\"summary_large_image\" \/>\r\n<meta name=\"twitter:label1\" content=\"Szacowany czas czytania\" \/>\n\t<meta name=\"twitter:data1\" content=\"1 minuta\" \/>\r\n<script type=\"application\/ld+json\" class=\"yoast-schema-graph\">{\"@context\":\"https:\\\/\\\/schema.org\",\"@graph\":[{\"@type\":\"WebPage\",\"@id\":\"https:\\\/\\\/ekaltech.pl\\\/index.php\\\/manipulatory\\\/\",\"url\":\"https:\\\/\\\/ekaltech.pl\\\/index.php\\\/manipulatory\\\/\",\"name\":\"Manipulatory - Ekaltech Biuro In\u017cynierii Systemowej\",\"isPartOf\":{\"@id\":\"https:\\\/\\\/ekaltech.pl\\\/#website\"},\"datePublished\":\"2017-09-20T10:33:53+00:00\",\"dateModified\":\"2018-03-05T12:44:01+00:00\",\"breadcrumb\":{\"@id\":\"https:\\\/\\\/ekaltech.pl\\\/index.php\\\/manipulatory\\\/#breadcrumb\"},\"inLanguage\":\"pl-PL\",\"potentialAction\":[{\"@type\":\"ReadAction\",\"target\":[\"https:\\\/\\\/ekaltech.pl\\\/index.php\\\/manipulatory\\\/\"]}]},{\"@type\":\"BreadcrumbList\",\"@id\":\"https:\\\/\\\/ekaltech.pl\\\/index.php\\\/manipulatory\\\/#breadcrumb\",\"itemListElement\":[{\"@type\":\"ListItem\",\"position\":1,\"name\":\"Home\",\"item\":\"https:\\\/\\\/ekaltech.pl\\\/\"},{\"@type\":\"ListItem\",\"position\":2,\"name\":\"Manipulatory\"}]},{\"@type\":\"WebSite\",\"@id\":\"https:\\\/\\\/ekaltech.pl\\\/#website\",\"url\":\"https:\\\/\\\/ekaltech.pl\\\/\",\"name\":\"Ekaltech Biuro In\u017cynierii Systemowej\",\"description\":\"Specjalizujemy si\u0119 w automatyce przemys\u0142owej, automatyce budynkowej, projektowaniu uk\u0142ad\u00f3w sterowania.\",\"publisher\":{\"@id\":\"https:\\\/\\\/ekaltech.pl\\\/#organization\"},\"potentialAction\":[{\"@type\":\"SearchAction\",\"target\":{\"@type\":\"EntryPoint\",\"urlTemplate\":\"https:\\\/\\\/ekaltech.pl\\\/?s={search_term_string}\"},\"query-input\":{\"@type\":\"PropertyValueSpecification\",\"valueRequired\":true,\"valueName\":\"search_term_string\"}}],\"inLanguage\":\"pl-PL\"},{\"@type\":\"Organization\",\"@id\":\"https:\\\/\\\/ekaltech.pl\\\/#organization\",\"name\":\"Ekaltech Biuro In\u017cynierii Systemowej\",\"url\":\"https:\\\/\\\/ekaltech.pl\\\/\",\"logo\":{\"@type\":\"ImageObject\",\"inLanguage\":\"pl-PL\",\"@id\":\"https:\\\/\\\/ekaltech.pl\\\/#\\\/schema\\\/logo\\\/image\\\/\",\"url\":\"https:\\\/\\\/ekaltech.pl\\\/wp-content\\\/uploads\\\/2018\\\/02\\\/cropped-EKALTECH-LOGO-1.png\",\"contentUrl\":\"https:\\\/\\\/ekaltech.pl\\\/wp-content\\\/uploads\\\/2018\\\/02\\\/cropped-EKALTECH-LOGO-1.png\",\"width\":332,\"height\":172,\"caption\":\"Ekaltech Biuro In\u017cynierii Systemowej\"},\"image\":{\"@id\":\"https:\\\/\\\/ekaltech.pl\\\/#\\\/schema\\\/logo\\\/image\\\/\"}}]}<\/script>\r\n<!-- \/ Yoast SEO plugin. -->","yoast_head_json":{"title":"Manipulatory - Ekaltech Biuro In\u017cynierii Systemowej","robots":{"index":"index","follow":"follow","max-snippet":"max-snippet:-1","max-image-preview":"max-image-preview:large","max-video-preview":"max-video-preview:-1"},"canonical":"https:\/\/ekaltech.pl\/index.php\/manipulatory\/","og_locale":"pl_PL","og_type":"article","og_title":"Manipulatory - Ekaltech Biuro In\u017cynierii Systemowej","og_description":"Manipulator KUKA z przerobionym sterowaniemosie nap\u0119dzane przezserwowzmaciarze Beckhoff Robot KUKA Twoja przegl\u0105darka nie obs\u0142uguje video z rozszerzeniem mp4. Manipulator KUKA KRC1 KUKA KRC Roz\u0142adunek palety z element\u00f3w na linie wraz z przek\u0142adaniem element\u00f3w: Program do roz\u0142adowywania element\u00f3w w wielu konifugracjach u\u0142o\u017cenia element\u00f3w na palecie. Wizualizacja umo\u017cliwiaj\u0105ca wprowadzanie pe\u0142nych wymiar\u00f3w pojedy\u0144czego elementu, u\u0142o\u017cenia ich na palecie, [&hellip;]","og_url":"https:\/\/ekaltech.pl\/index.php\/manipulatory\/","og_site_name":"Ekaltech Biuro In\u017cynierii Systemowej","article_modified_time":"2018-03-05T12:44:01+00:00","twitter_card":"summary_large_image","twitter_misc":{"Szacowany czas czytania":"1 minuta"},"schema":{"@context":"https:\/\/schema.org","@graph":[{"@type":"WebPage","@id":"https:\/\/ekaltech.pl\/index.php\/manipulatory\/","url":"https:\/\/ekaltech.pl\/index.php\/manipulatory\/","name":"Manipulatory - Ekaltech Biuro In\u017cynierii Systemowej","isPartOf":{"@id":"https:\/\/ekaltech.pl\/#website"},"datePublished":"2017-09-20T10:33:53+00:00","dateModified":"2018-03-05T12:44:01+00:00","breadcrumb":{"@id":"https:\/\/ekaltech.pl\/index.php\/manipulatory\/#breadcrumb"},"inLanguage":"pl-PL","potentialAction":[{"@type":"ReadAction","target":["https:\/\/ekaltech.pl\/index.php\/manipulatory\/"]}]},{"@type":"BreadcrumbList","@id":"https:\/\/ekaltech.pl\/index.php\/manipulatory\/#breadcrumb","itemListElement":[{"@type":"ListItem","position":1,"name":"Home","item":"https:\/\/ekaltech.pl\/"},{"@type":"ListItem","position":2,"name":"Manipulatory"}]},{"@type":"WebSite","@id":"https:\/\/ekaltech.pl\/#website","url":"https:\/\/ekaltech.pl\/","name":"Ekaltech Biuro In\u017cynierii Systemowej","description":"Specjalizujemy si\u0119 w automatyce przemys\u0142owej, automatyce budynkowej, projektowaniu uk\u0142ad\u00f3w sterowania.","publisher":{"@id":"https:\/\/ekaltech.pl\/#organization"},"potentialAction":[{"@type":"SearchAction","target":{"@type":"EntryPoint","urlTemplate":"https:\/\/ekaltech.pl\/?s={search_term_string}"},"query-input":{"@type":"PropertyValueSpecification","valueRequired":true,"valueName":"search_term_string"}}],"inLanguage":"pl-PL"},{"@type":"Organization","@id":"https:\/\/ekaltech.pl\/#organization","name":"Ekaltech Biuro In\u017cynierii Systemowej","url":"https:\/\/ekaltech.pl\/","logo":{"@type":"ImageObject","inLanguage":"pl-PL","@id":"https:\/\/ekaltech.pl\/#\/schema\/logo\/image\/","url":"https:\/\/ekaltech.pl\/wp-content\/uploads\/2018\/02\/cropped-EKALTECH-LOGO-1.png","contentUrl":"https:\/\/ekaltech.pl\/wp-content\/uploads\/2018\/02\/cropped-EKALTECH-LOGO-1.png","width":332,"height":172,"caption":"Ekaltech Biuro In\u017cynierii Systemowej"},"image":{"@id":"https:\/\/ekaltech.pl\/#\/schema\/logo\/image\/"}}]}},"_links":{"self":[{"href":"https:\/\/ekaltech.pl\/index.php\/wp-json\/wp\/v2\/pages\/71214","targetHints":{"allow":["GET"]}}],"collection":[{"href":"https:\/\/ekaltech.pl\/index.php\/wp-json\/wp\/v2\/pages"}],"about":[{"href":"https:\/\/ekaltech.pl\/index.php\/wp-json\/wp\/v2\/types\/page"}],"author":[{"embeddable":true,"href":"https:\/\/ekaltech.pl\/index.php\/wp-json\/wp\/v2\/users\/1"}],"replies":[{"embeddable":true,"href":"https:\/\/ekaltech.pl\/index.php\/wp-json\/wp\/v2\/comments?post=71214"}],"version-history":[{"count":8,"href":"https:\/\/ekaltech.pl\/index.php\/wp-json\/wp\/v2\/pages\/71214\/revisions"}],"predecessor-version":[{"id":73822,"href":"https:\/\/ekaltech.pl\/index.php\/wp-json\/wp\/v2\/pages\/71214\/revisions\/73822"}],"wp:attachment":[{"href":"https:\/\/ekaltech.pl\/index.php\/wp-json\/wp\/v2\/media?parent=71214"}],"curies":[{"name":"wp","href":"https:\/\/api.w.org\/{rel}","templated":true}]}}