{"id":71212,"date":"2017-09-20T12:33:53","date_gmt":"2017-09-20T10:33:53","guid":{"rendered":"http:\/\/ekaltech.pl\/?page_id=71212"},"modified":"2022-01-20T08:51:23","modified_gmt":"2022-01-20T07:51:23","slug":"przemysl-drzewny","status":"publish","type":"page","link":"https:\/\/ekaltech.pl\/index.php\/przemysl-drzewny\/","title":{"rendered":"Przemys\u0142 drzewny"},"content":{"rendered":"<p>Obr\u00f3bka wst\u0119pna, sortowanie i buforowanie surowca drzewnego<\/p>\n<figure><img decoding=\"async\" src=\"http:\/\/ekaltech.pl\/wp-content\/uploads\/2017\/12\/1-7-1024x816.jpg\" alt=\"1\"><\/figure>\n<figure><img decoding=\"async\" src=\"http:\/\/ekaltech.pl\/wp-content\/uploads\/2017\/12\/2-5-1024x816.jpg\" alt=\"2\"><\/figure>\n<figure><img decoding=\"async\" src=\"http:\/\/ekaltech.pl\/wp-content\/uploads\/2017\/12\/3-5-1024x816.jpg\" alt=\"3\"><\/figure>\n<figure><img decoding=\"async\" src=\"http:\/\/ekaltech.pl\/wp-content\/uploads\/2017\/12\/4-4-1024x816.jpg\" alt=\"4\"><\/figure>\n<figure><img decoding=\"async\" src=\"http:\/\/ekaltech.pl\/wp-content\/uploads\/2017\/12\/5-3.jpg\" alt=\"5\"><\/figure>\n<figure><img decoding=\"async\" src=\"http:\/\/ekaltech.pl\/wp-content\/uploads\/2017\/12\/6-4.jpg\" alt=\"6\"><\/figure>\n<figure><img decoding=\"async\" src=\"http:\/\/ekaltech.pl\/wp-content\/uploads\/2017\/12\/7-2.jpg\" alt=\"7\"><\/figure>\n<figure><img decoding=\"async\" src=\"http:\/\/ekaltech.pl\/wp-content\/uploads\/2017\/12\/8-1.jpg\" alt=\"8\"><\/figure>\n<figure><img decoding=\"async\" src=\"http:\/\/ekaltech.pl\/wp-content\/uploads\/2017\/12\/9-1.jpg\" alt=\"9\"><\/figure>\n<figure><img decoding=\"async\" src=\"http:\/\/ekaltech.pl\/wp-content\/uploads\/2017\/12\/10.jpg\" alt=\"10\"><\/figure>\n<p>Proces pomiaru i podawania.<\/p>\n<p align=\"justify\">Zadanie polega\u0142o na przeprowadzeniu pomiarze obj\u0119to\u015bci i d\u0142ugo\u015bci k\u0142ody przy u\u017cyciu bramki pomiarowej. Materia\u0142 przetransportowany na stanowisko buforowania, z kt\u00f3rego zostawa\u0142 podawany do ci\u0119cia.<\/p>\n<p align=\"justify\">Proces optymalizacji i parametryzacji.<br \/>\nSterowanie wykonywane jest automatycznie na podstawie konkretnego zam\u00f3wienia. Zastosowane regulatory zapewniaj\u0105 dok\u0142adno\u015b\u0107 ci\u0119cia do 0,3mm.<br \/>\nOperatorzy maj\u0105 przydzielone r\u00f3\u017cne uprawnienia. Cz\u0119\u015b\u0107 z nich mo\u017ce mie\u0107 dost\u0119p do zmiany zadanych parametr\u00f3w ci\u0119cia, jak np. nastaw regulacji pr\u0119dko\u015bci procesu oraz dok\u0142adno\u015bci ci\u0119cia.<br \/>\nCa\u0142o\u015b\u0107 procesu jest na bie\u017c\u0105co monitorowana pod k\u0105tem stanu wydajno\u015bci przy zadanych krytarierch optymalizacji. Wizualizacja procesu przedstawia graficznie rozk\u0142ad ci\u0119cia, wraz z poszczeg\u00f3lnymi wydajno\u015bciami.<\/p>\n<p align=\"justify\">Proces sortowania.<br \/>\nAutomatyczne sortowanie poci\u0119tego materia\u0142u drzewnego gdzie kryteriami s\u0105 zadane parametry d\u0142ugo\u015bci i \u015brednicy k\u0142ody.<br \/>\nProces uwzgl\u0119dnia mo\u017cliwo\u015b\u0107 podawania zewn\u0119trznego materia\u0142u drzewnego do sortowania, sortowanie materia\u0142u z procesu oraz r\u00f3wnoczesne sortowanie materia\u0142u z procesu i zewn\u0119trznego podajnika.<br \/>\nMateria\u0142 na podstawie kryteri\u00f3w odczytanych z bramki pomiarowej z dok\u0142adno\u015bci\u0105 do 5mm trafia do kilkunastu boks\u00f3w.<\/p>\n<p align=\"justify\">Proces raportowania i archiwizacji danych.<br \/>\nArchiwizacja stanu dostarczonego materia\u0142u drzewnego (ilo\u015b\u0107, d\u0142ugo\u015b\u0107), archiwizacja wynik\u00f3w z bramki pomiarowej kontroluj\u0105cej zgodno\u015b\u0107 stanu faktycznego z dokumentacj\u0105 przyj\u0119cia materia\u0142u drzewnego (ilo\u015b\u0107, d\u0142ugo\u015b\u0107).<br \/>\nArchiwizacja procesu optymalizacji, czas\u00f3w przej\u015bcia materia\u0142\u00f3w oraz sortowania. Mo\u017cliwo\u015b\u0107 przeprowadzenia analizy rozp\u0142ywu materia\u0142\u00f3w przez maszyn\u0119, analizy wydajno\u015bci maszyny oraz systemu rozliczeniowego czasu pracy operatora.<br \/>\nArchiwizowanie danych, przegl\u0105danie trend\u00f3w bie\u017c\u0105cych i archiwalnych, generowanie bie\u017c\u0105cych i archiwalnych raport\u00f3w.<\/p>\n<p>\t\t\tLinia sortuj\u0105ca<br \/>\nProces pomiaru i podawania<\/p>\n<figure><img decoding=\"async\" src=\"http:\/\/ekaltech.pl\/wp-content\/uploads\/2017\/12\/9-2-1024x579.jpg\" alt=\"9\"><\/figure>\n<figure><img decoding=\"async\" src=\"http:\/\/ekaltech.pl\/wp-content\/uploads\/2017\/12\/1-8-1024x557.jpg\" alt=\"1\"><\/figure>\n<figure><img decoding=\"async\" src=\"http:\/\/ekaltech.pl\/wp-content\/uploads\/2017\/12\/2-6-1024x579.jpg\" alt=\"2\"><\/figure>\n<figure><img decoding=\"async\" src=\"http:\/\/ekaltech.pl\/wp-content\/uploads\/2017\/12\/3-6-1024x567.jpg\" alt=\"3\"><\/figure>\n<figure><img decoding=\"async\" src=\"http:\/\/ekaltech.pl\/wp-content\/uploads\/2017\/12\/4-5-1024x579.jpg\" alt=\"4\"><\/figure>\n<figure><img decoding=\"async\" src=\"http:\/\/ekaltech.pl\/wp-content\/uploads\/2017\/12\/5-5-1024x579.jpg\" alt=\"5\"><\/figure>\n<figure><img decoding=\"async\" src=\"http:\/\/ekaltech.pl\/wp-content\/uploads\/2017\/12\/6-6-1024x579.jpg\" alt=\"6\"><\/figure>\n<figure><img decoding=\"async\" src=\"http:\/\/ekaltech.pl\/wp-content\/uploads\/2017\/12\/7-4-1024x579.jpg\" alt=\"7\"><\/figure>\n<figure><img decoding=\"async\" src=\"http:\/\/ekaltech.pl\/wp-content\/uploads\/2017\/12\/8-3-1024x579.jpg\" alt=\"8\"><\/figure>\n<figure><img decoding=\"async\" src=\"http:\/\/ekaltech.pl\/wp-content\/uploads\/2017\/12\/9-3-1024x579.jpg\" alt=\"9\"><\/figure>\n<p align=\"justify\">Analiza przy u\u017cyciu bramki pomiarowej obj\u0119to\u015bci i d\u0142ugo\u015bci k\u0142ody. Proces buforowani oraz podawania materia\u0142u do ci\u0119cia. Pomiary czas\u00f3w przej\u015b\u0107 materia\u0142u przesz poszczeg\u00f3lne fazy podawania.<\/p>\n","protected":false},"excerpt":{"rendered":"<p>Obr\u00f3bka wst\u0119pna, sortowanie i buforowanie surowca drzewnego Proces pomiaru i podawania. Zadanie polega\u0142o na przeprowadzeniu pomiarze obj\u0119to\u015bci i d\u0142ugo\u015bci k\u0142ody przy u\u017cyciu bramki pomiarowej. Materia\u0142 przetransportowany na stanowisko buforowania, z kt\u00f3rego zostawa\u0142 podawany do ci\u0119cia. Proces optymalizacji i parametryzacji. Sterowanie wykonywane jest automatycznie na podstawie konkretnego zam\u00f3wienia. Zastosowane regulatory zapewniaj\u0105 dok\u0142adno\u015b\u0107 ci\u0119cia do 0,3mm. Operatorzy [&hellip;]<\/p>\n","protected":false},"author":1,"featured_media":0,"parent":0,"menu_order":0,"comment_status":"closed","ping_status":"closed","template":"","meta":{"footnotes":""},"class_list":["post-71212","page","type-page","status-publish","hentry"],"yoast_head":"<!-- This site is optimized with the Yoast SEO plugin v27.3 - https:\/\/yoast.com\/product\/yoast-seo-wordpress\/ -->\r\n<title>Przemys\u0142 drzewny - Ekaltech Biuro In\u017cynierii Systemowej<\/title>\r\n<meta name=\"robots\" content=\"index, follow, max-snippet:-1, max-image-preview:large, max-video-preview:-1\" \/>\r\n<link rel=\"canonical\" href=\"https:\/\/ekaltech.pl\/index.php\/przemysl-drzewny\/\" \/>\r\n<meta property=\"og:locale\" content=\"pl_PL\" \/>\r\n<meta property=\"og:type\" content=\"article\" \/>\r\n<meta property=\"og:title\" content=\"Przemys\u0142 drzewny - Ekaltech Biuro In\u017cynierii Systemowej\" \/>\r\n<meta property=\"og:description\" content=\"Obr\u00f3bka wst\u0119pna, sortowanie i buforowanie surowca drzewnego Proces pomiaru i podawania. Zadanie polega\u0142o na przeprowadzeniu pomiarze obj\u0119to\u015bci i d\u0142ugo\u015bci k\u0142ody przy u\u017cyciu bramki pomiarowej. Materia\u0142 przetransportowany na stanowisko buforowania, z kt\u00f3rego zostawa\u0142 podawany do ci\u0119cia. Proces optymalizacji i parametryzacji. Sterowanie wykonywane jest automatycznie na podstawie konkretnego zam\u00f3wienia. Zastosowane regulatory zapewniaj\u0105 dok\u0142adno\u015b\u0107 ci\u0119cia do 0,3mm. Operatorzy [&hellip;]\" \/>\r\n<meta property=\"og:url\" content=\"https:\/\/ekaltech.pl\/index.php\/przemysl-drzewny\/\" \/>\r\n<meta property=\"og:site_name\" content=\"Ekaltech Biuro In\u017cynierii Systemowej\" \/>\r\n<meta property=\"article:modified_time\" content=\"2022-01-20T07:51:23+00:00\" \/>\r\n<meta property=\"og:image\" content=\"http:\/\/ekaltech.pl\/wp-content\/uploads\/2017\/12\/1-7-1024x816.jpg\" \/>\r\n<meta name=\"twitter:card\" content=\"summary_large_image\" \/>\r\n<meta name=\"twitter:label1\" content=\"Szacowany czas czytania\" \/>\n\t<meta name=\"twitter:data1\" content=\"6 minut\" \/>\r\n<script type=\"application\/ld+json\" class=\"yoast-schema-graph\">{\"@context\":\"https:\\\/\\\/schema.org\",\"@graph\":[{\"@type\":\"WebPage\",\"@id\":\"https:\\\/\\\/ekaltech.pl\\\/index.php\\\/przemysl-drzewny\\\/\",\"url\":\"https:\\\/\\\/ekaltech.pl\\\/index.php\\\/przemysl-drzewny\\\/\",\"name\":\"Przemys\u0142 drzewny - Ekaltech Biuro In\u017cynierii Systemowej\",\"isPartOf\":{\"@id\":\"https:\\\/\\\/ekaltech.pl\\\/#website\"},\"primaryImageOfPage\":{\"@id\":\"https:\\\/\\\/ekaltech.pl\\\/index.php\\\/przemysl-drzewny\\\/#primaryimage\"},\"image\":{\"@id\":\"https:\\\/\\\/ekaltech.pl\\\/index.php\\\/przemysl-drzewny\\\/#primaryimage\"},\"thumbnailUrl\":\"http:\\\/\\\/ekaltech.pl\\\/wp-content\\\/uploads\\\/2017\\\/12\\\/1-7-1024x816.jpg\",\"datePublished\":\"2017-09-20T10:33:53+00:00\",\"dateModified\":\"2022-01-20T07:51:23+00:00\",\"breadcrumb\":{\"@id\":\"https:\\\/\\\/ekaltech.pl\\\/index.php\\\/przemysl-drzewny\\\/#breadcrumb\"},\"inLanguage\":\"pl-PL\",\"potentialAction\":[{\"@type\":\"ReadAction\",\"target\":[\"https:\\\/\\\/ekaltech.pl\\\/index.php\\\/przemysl-drzewny\\\/\"]}]},{\"@type\":\"ImageObject\",\"inLanguage\":\"pl-PL\",\"@id\":\"https:\\\/\\\/ekaltech.pl\\\/index.php\\\/przemysl-drzewny\\\/#primaryimage\",\"url\":\"http:\\\/\\\/ekaltech.pl\\\/wp-content\\\/uploads\\\/2017\\\/12\\\/1-7-1024x816.jpg\",\"contentUrl\":\"http:\\\/\\\/ekaltech.pl\\\/wp-content\\\/uploads\\\/2017\\\/12\\\/1-7-1024x816.jpg\"},{\"@type\":\"BreadcrumbList\",\"@id\":\"https:\\\/\\\/ekaltech.pl\\\/index.php\\\/przemysl-drzewny\\\/#breadcrumb\",\"itemListElement\":[{\"@type\":\"ListItem\",\"position\":1,\"name\":\"Home\",\"item\":\"https:\\\/\\\/ekaltech.pl\\\/\"},{\"@type\":\"ListItem\",\"position\":2,\"name\":\"Przemys\u0142 drzewny\"}]},{\"@type\":\"WebSite\",\"@id\":\"https:\\\/\\\/ekaltech.pl\\\/#website\",\"url\":\"https:\\\/\\\/ekaltech.pl\\\/\",\"name\":\"Ekaltech Biuro In\u017cynierii Systemowej\",\"description\":\"Specjalizujemy si\u0119 w automatyce przemys\u0142owej, automatyce budynkowej, projektowaniu uk\u0142ad\u00f3w sterowania.\",\"publisher\":{\"@id\":\"https:\\\/\\\/ekaltech.pl\\\/#organization\"},\"potentialAction\":[{\"@type\":\"SearchAction\",\"target\":{\"@type\":\"EntryPoint\",\"urlTemplate\":\"https:\\\/\\\/ekaltech.pl\\\/?s={search_term_string}\"},\"query-input\":{\"@type\":\"PropertyValueSpecification\",\"valueRequired\":true,\"valueName\":\"search_term_string\"}}],\"inLanguage\":\"pl-PL\"},{\"@type\":\"Organization\",\"@id\":\"https:\\\/\\\/ekaltech.pl\\\/#organization\",\"name\":\"Ekaltech Biuro In\u017cynierii Systemowej\",\"url\":\"https:\\\/\\\/ekaltech.pl\\\/\",\"logo\":{\"@type\":\"ImageObject\",\"inLanguage\":\"pl-PL\",\"@id\":\"https:\\\/\\\/ekaltech.pl\\\/#\\\/schema\\\/logo\\\/image\\\/\",\"url\":\"https:\\\/\\\/ekaltech.pl\\\/wp-content\\\/uploads\\\/2018\\\/02\\\/cropped-EKALTECH-LOGO-1.png\",\"contentUrl\":\"https:\\\/\\\/ekaltech.pl\\\/wp-content\\\/uploads\\\/2018\\\/02\\\/cropped-EKALTECH-LOGO-1.png\",\"width\":332,\"height\":172,\"caption\":\"Ekaltech Biuro In\u017cynierii Systemowej\"},\"image\":{\"@id\":\"https:\\\/\\\/ekaltech.pl\\\/#\\\/schema\\\/logo\\\/image\\\/\"}}]}<\/script>\r\n<!-- \/ Yoast SEO plugin. -->","yoast_head_json":{"title":"Przemys\u0142 drzewny - Ekaltech Biuro In\u017cynierii Systemowej","robots":{"index":"index","follow":"follow","max-snippet":"max-snippet:-1","max-image-preview":"max-image-preview:large","max-video-preview":"max-video-preview:-1"},"canonical":"https:\/\/ekaltech.pl\/index.php\/przemysl-drzewny\/","og_locale":"pl_PL","og_type":"article","og_title":"Przemys\u0142 drzewny - Ekaltech Biuro In\u017cynierii Systemowej","og_description":"Obr\u00f3bka wst\u0119pna, sortowanie i buforowanie surowca drzewnego Proces pomiaru i podawania. Zadanie polega\u0142o na przeprowadzeniu pomiarze obj\u0119to\u015bci i d\u0142ugo\u015bci k\u0142ody przy u\u017cyciu bramki pomiarowej. Materia\u0142 przetransportowany na stanowisko buforowania, z kt\u00f3rego zostawa\u0142 podawany do ci\u0119cia. Proces optymalizacji i parametryzacji. Sterowanie wykonywane jest automatycznie na podstawie konkretnego zam\u00f3wienia. Zastosowane regulatory zapewniaj\u0105 dok\u0142adno\u015b\u0107 ci\u0119cia do 0,3mm. Operatorzy [&hellip;]","og_url":"https:\/\/ekaltech.pl\/index.php\/przemysl-drzewny\/","og_site_name":"Ekaltech Biuro In\u017cynierii Systemowej","article_modified_time":"2022-01-20T07:51:23+00:00","og_image":[{"url":"http:\/\/ekaltech.pl\/wp-content\/uploads\/2017\/12\/1-7-1024x816.jpg","type":"","width":"","height":""}],"twitter_card":"summary_large_image","twitter_misc":{"Szacowany czas czytania":"6 minut"},"schema":{"@context":"https:\/\/schema.org","@graph":[{"@type":"WebPage","@id":"https:\/\/ekaltech.pl\/index.php\/przemysl-drzewny\/","url":"https:\/\/ekaltech.pl\/index.php\/przemysl-drzewny\/","name":"Przemys\u0142 drzewny - Ekaltech Biuro In\u017cynierii Systemowej","isPartOf":{"@id":"https:\/\/ekaltech.pl\/#website"},"primaryImageOfPage":{"@id":"https:\/\/ekaltech.pl\/index.php\/przemysl-drzewny\/#primaryimage"},"image":{"@id":"https:\/\/ekaltech.pl\/index.php\/przemysl-drzewny\/#primaryimage"},"thumbnailUrl":"http:\/\/ekaltech.pl\/wp-content\/uploads\/2017\/12\/1-7-1024x816.jpg","datePublished":"2017-09-20T10:33:53+00:00","dateModified":"2022-01-20T07:51:23+00:00","breadcrumb":{"@id":"https:\/\/ekaltech.pl\/index.php\/przemysl-drzewny\/#breadcrumb"},"inLanguage":"pl-PL","potentialAction":[{"@type":"ReadAction","target":["https:\/\/ekaltech.pl\/index.php\/przemysl-drzewny\/"]}]},{"@type":"ImageObject","inLanguage":"pl-PL","@id":"https:\/\/ekaltech.pl\/index.php\/przemysl-drzewny\/#primaryimage","url":"http:\/\/ekaltech.pl\/wp-content\/uploads\/2017\/12\/1-7-1024x816.jpg","contentUrl":"http:\/\/ekaltech.pl\/wp-content\/uploads\/2017\/12\/1-7-1024x816.jpg"},{"@type":"BreadcrumbList","@id":"https:\/\/ekaltech.pl\/index.php\/przemysl-drzewny\/#breadcrumb","itemListElement":[{"@type":"ListItem","position":1,"name":"Home","item":"https:\/\/ekaltech.pl\/"},{"@type":"ListItem","position":2,"name":"Przemys\u0142 drzewny"}]},{"@type":"WebSite","@id":"https:\/\/ekaltech.pl\/#website","url":"https:\/\/ekaltech.pl\/","name":"Ekaltech Biuro In\u017cynierii Systemowej","description":"Specjalizujemy si\u0119 w automatyce przemys\u0142owej, automatyce budynkowej, projektowaniu uk\u0142ad\u00f3w sterowania.","publisher":{"@id":"https:\/\/ekaltech.pl\/#organization"},"potentialAction":[{"@type":"SearchAction","target":{"@type":"EntryPoint","urlTemplate":"https:\/\/ekaltech.pl\/?s={search_term_string}"},"query-input":{"@type":"PropertyValueSpecification","valueRequired":true,"valueName":"search_term_string"}}],"inLanguage":"pl-PL"},{"@type":"Organization","@id":"https:\/\/ekaltech.pl\/#organization","name":"Ekaltech Biuro In\u017cynierii Systemowej","url":"https:\/\/ekaltech.pl\/","logo":{"@type":"ImageObject","inLanguage":"pl-PL","@id":"https:\/\/ekaltech.pl\/#\/schema\/logo\/image\/","url":"https:\/\/ekaltech.pl\/wp-content\/uploads\/2018\/02\/cropped-EKALTECH-LOGO-1.png","contentUrl":"https:\/\/ekaltech.pl\/wp-content\/uploads\/2018\/02\/cropped-EKALTECH-LOGO-1.png","width":332,"height":172,"caption":"Ekaltech Biuro In\u017cynierii Systemowej"},"image":{"@id":"https:\/\/ekaltech.pl\/#\/schema\/logo\/image\/"}}]}},"_links":{"self":[{"href":"https:\/\/ekaltech.pl\/index.php\/wp-json\/wp\/v2\/pages\/71212","targetHints":{"allow":["GET"]}}],"collection":[{"href":"https:\/\/ekaltech.pl\/index.php\/wp-json\/wp\/v2\/pages"}],"about":[{"href":"https:\/\/ekaltech.pl\/index.php\/wp-json\/wp\/v2\/types\/page"}],"author":[{"embeddable":true,"href":"https:\/\/ekaltech.pl\/index.php\/wp-json\/wp\/v2\/users\/1"}],"replies":[{"embeddable":true,"href":"https:\/\/ekaltech.pl\/index.php\/wp-json\/wp\/v2\/comments?post=71212"}],"version-history":[{"count":6,"href":"https:\/\/ekaltech.pl\/index.php\/wp-json\/wp\/v2\/pages\/71212\/revisions"}],"predecessor-version":[{"id":73925,"href":"https:\/\/ekaltech.pl\/index.php\/wp-json\/wp\/v2\/pages\/71212\/revisions\/73925"}],"wp:attachment":[{"href":"https:\/\/ekaltech.pl\/index.php\/wp-json\/wp\/v2\/media?parent=71212"}],"curies":[{"name":"wp","href":"https:\/\/api.w.org\/{rel}","templated":true}]}}