{"id":423,"date":"2016-11-03T13:20:58","date_gmt":"2016-11-03T13:20:58","guid":{"rendered":"http:\/\/ekaltech.pl:8888\/startright\/services\/strategic-planning-copy\/"},"modified":"2017-09-19T14:46:00","modified_gmt":"2017-09-19T12:46:00","slug":"petroleum-and-gas","status":"publish","type":"page","link":"https:\/\/ekaltech.pl\/index.php\/realizacje\/petroleum-and-gas\/","title":{"rendered":"Petroleum and Gas"},"content":{"rendered":"\t\t<div data-elementor-type=\"wp-page\" data-elementor-id=\"423\" class=\"elementor elementor-423 elementor-bc-flex-widget\">\n\t\t\t\t\t\t<section class=\"elementor-section elementor-top-section elementor-element elementor-element-nswjah2 elementor-section-boxed elementor-section-height-default elementor-section-height-default\" data-id=\"nswjah2\" data-element_type=\"section\" data-e-type=\"section\">\n\t\t\t\t\t\t<div class=\"elementor-container elementor-column-gap-extended\">\n\t\t\t\t\t<div class=\"elementor-column elementor-col-50 elementor-top-column elementor-element elementor-element-fte2y2f\" data-id=\"fte2y2f\" data-element_type=\"column\" data-e-type=\"column\">\n\t\t\t<div class=\"elementor-widget-wrap elementor-element-populated\">\n\t\t\t\t\t\t<div class=\"elementor-element elementor-element-sxv5ky1 elementor-widget elementor-widget-text-editor\" data-id=\"sxv5ky1\" data-element_type=\"widget\" data-e-type=\"widget\" data-widget_type=\"text-editor.default\">\n\t\t\t\t<div class=\"elementor-widget-container\">\n\t\t\t\t\t\t\t\t\t<p>Petroleum is recovered mostly through oil drilling (natural petroleum springs are rare). This comes after the studies of structural geology (at the reservoir scale), sedimentary basin analysis, reservoir characterization (mainly in terms of the porosity and permeability of geologic structures).<\/p><p>It is refined and separated, most easily by distillation, into a large number of consumer products, from gasoline (petrol) and kerosene to asphalt and chemical reagents used to make plastics and pharmaceuticals. Petroleum is used in manufacturing a wide variety of materials, and it is estimated that the world consumes about 90 million barrels daily.<\/p><p>These days, concern over the depletion of the earth&#8217;s finite reserves of oil, and the effect this would have on a society dependent on it, is a concept known as peak oil.\u00a0The use of fossil fuels, such as petroleum, will have a negative impact on Earth&#8217;s biosphere, damaging ecosystems through oil spills.<\/p>\t\t\t\t\t\t\t\t<\/div>\n\t\t\t\t<\/div>\n\t\t\t\t\t<\/div>\n\t\t<\/div>\n\t\t\t\t<div class=\"elementor-column elementor-col-50 elementor-top-column elementor-element elementor-element-uyyekam\" data-id=\"uyyekam\" data-element_type=\"column\" data-e-type=\"column\">\n\t\t\t<div class=\"elementor-widget-wrap elementor-element-populated\">\n\t\t\t\t\t\t<div class=\"elementor-element elementor-element-2j7kt4z elementor-widget elementor-widget-image\" data-id=\"2j7kt4z\" data-element_type=\"widget\" data-e-type=\"widget\" data-widget_type=\"image.default\">\n\t\t\t\t<div class=\"elementor-widget-container\">\n\t\t\t\t\t\t\t\t\t\t\t\t\t\t\t<img fetchpriority=\"high\" decoding=\"async\" width=\"1080\" height=\"720\" src=\"https:\/\/ekaltech.pl\/wp-content\/uploads\/2017\/05\/placeholder_1080_720.png\" class=\"attachment-full size-full wp-image-71141\" alt=\"\" srcset=\"https:\/\/ekaltech.pl\/wp-content\/uploads\/2017\/05\/placeholder_1080_720.png 1080w, https:\/\/ekaltech.pl\/wp-content\/uploads\/2017\/05\/placeholder_1080_720-300x200.png 300w, https:\/\/ekaltech.pl\/wp-content\/uploads\/2017\/05\/placeholder_1080_720-768x512.png 768w, https:\/\/ekaltech.pl\/wp-content\/uploads\/2017\/05\/placeholder_1080_720-1024x683.png 1024w\" sizes=\"(max-width: 1080px) 100vw, 1080px\" \/>\t\t\t\t\t\t\t\t\t\t\t\t\t\t\t<\/div>\n\t\t\t\t<\/div>\n\t\t\t\t<div class=\"elementor-element elementor-element-nfgaa95 elementor-widget elementor-widget-image\" data-id=\"nfgaa95\" data-element_type=\"widget\" data-e-type=\"widget\" data-widget_type=\"image.default\">\n\t\t\t\t<div class=\"elementor-widget-container\">\n\t\t\t\t\t\t\t\t\t\t\t\t\t\t\t<img fetchpriority=\"high\" decoding=\"async\" width=\"1080\" height=\"720\" src=\"https:\/\/ekaltech.pl\/wp-content\/uploads\/2017\/05\/placeholder_1080_720.png\" class=\"attachment-full size-full wp-image-71141\" alt=\"\" srcset=\"https:\/\/ekaltech.pl\/wp-content\/uploads\/2017\/05\/placeholder_1080_720.png 1080w, https:\/\/ekaltech.pl\/wp-content\/uploads\/2017\/05\/placeholder_1080_720-300x200.png 300w, https:\/\/ekaltech.pl\/wp-content\/uploads\/2017\/05\/placeholder_1080_720-768x512.png 768w, https:\/\/ekaltech.pl\/wp-content\/uploads\/2017\/05\/placeholder_1080_720-1024x683.png 1024w\" sizes=\"(max-width: 1080px) 100vw, 1080px\" \/>\t\t\t\t\t\t\t\t\t\t\t\t\t\t\t<\/div>\n\t\t\t\t<\/div>\n\t\t\t\t\t<\/div>\n\t\t<\/div>\n\t\t\t\t\t<\/div>\n\t\t<\/section>\n\t\t\t\t<section class=\"elementor-section elementor-top-section elementor-element elementor-element-t7a8g09 elementor-section-boxed elementor-section-height-default elementor-section-height-default\" data-id=\"t7a8g09\" data-element_type=\"section\" data-e-type=\"section\">\n\t\t\t\t\t\t<div class=\"elementor-container elementor-column-gap-extended\">\n\t\t\t\t\t<div class=\"elementor-column elementor-col-100 elementor-top-column elementor-element elementor-element-zg9m1q5\" data-id=\"zg9m1q5\" data-element_type=\"column\" data-e-type=\"column\">\n\t\t\t<div class=\"elementor-widget-wrap elementor-element-populated\">\n\t\t\t\t\t\t<div class=\"elementor-element elementor-element-937dyzk elementor-widget-divider--view-line elementor-widget elementor-widget-divider\" data-id=\"937dyzk\" data-element_type=\"widget\" data-e-type=\"widget\" data-widget_type=\"divider.default\">\n\t\t\t\t<div class=\"elementor-widget-container\">\n\t\t\t\t\t\t\t<div class=\"elementor-divider\">\n\t\t\t<span class=\"elementor-divider-separator\">\n\t\t\t\t\t\t<\/span>\n\t\t<\/div>\n\t\t\t\t\t\t<\/div>\n\t\t\t\t<\/div>\n\t\t\t\t\t<\/div>\n\t\t<\/div>\n\t\t\t\t\t<\/div>\n\t\t<\/section>\n\t\t\t\t<section class=\"elementor-section elementor-top-section elementor-element elementor-element-goy3ap1 elementor-section-boxed elementor-section-height-default elementor-section-height-default\" data-id=\"goy3ap1\" data-element_type=\"section\" data-e-type=\"section\">\n\t\t\t\t\t\t<div class=\"elementor-container elementor-column-gap-extended\">\n\t\t\t\t\t<div class=\"elementor-column elementor-col-100 elementor-top-column elementor-element elementor-element-77es7fe\" data-id=\"77es7fe\" data-element_type=\"column\" data-e-type=\"column\">\n\t\t\t<div class=\"elementor-widget-wrap elementor-element-populated\">\n\t\t\t\t\t\t<div class=\"elementor-element elementor-element-8a5j99j elementor-widget elementor-widget-text-editor\" data-id=\"8a5j99j\" data-element_type=\"widget\" data-e-type=\"widget\" data-widget_type=\"text-editor.default\">\n\t\t\t\t<div class=\"elementor-widget-container\">\n\t\t\t\t\t\t\t\t\t<h4>Industry Processes<\/h4>\t\t\t\t\t\t\t\t<\/div>\n\t\t\t\t<\/div>\n\t\t\t\t\t<\/div>\n\t\t<\/div>\n\t\t\t\t\t<\/div>\n\t\t<\/section>\n\t\t\t\t<section class=\"elementor-section elementor-top-section elementor-element elementor-element-5f8u83u elementor-section-boxed elementor-section-height-default elementor-section-height-default\" data-id=\"5f8u83u\" data-element_type=\"section\" data-e-type=\"section\">\n\t\t\t\t\t\t<div class=\"elementor-container elementor-column-gap-extended\">\n\t\t\t\t\t<div class=\"elementor-column elementor-col-100 elementor-top-column elementor-element elementor-element-pilqe7g\" data-id=\"pilqe7g\" data-element_type=\"column\" data-e-type=\"column\">\n\t\t\t<div class=\"elementor-widget-wrap elementor-element-populated\">\n\t\t\t\t\t\t<div class=\"elementor-element elementor-element-09aoe1u elementor-tabs-view-horizontal elementor-widget elementor-widget-tabs\" data-id=\"09aoe1u\" data-element_type=\"widget\" data-e-type=\"widget\" data-widget_type=\"tabs.default\">\n\t\t\t\t<div class=\"elementor-widget-container\">\n\t\t\t\t\t\t\t<div class=\"elementor-tabs\">\n\t\t\t<div class=\"elementor-tabs-wrapper\" role=\"tablist\" >\n\t\t\t\t\t\t\t\t\t<div id=\"elementor-tab-title-3961\" class=\"elementor-tab-title elementor-tab-desktop-title\" aria-selected=\"true\" data-tab=\"1\" role=\"tab\" tabindex=\"0\" aria-controls=\"elementor-tab-content-3961\" aria-expanded=\"false\">Refining<\/div>\n\t\t\t\t\t\t\t\t\t<div id=\"elementor-tab-title-3962\" class=\"elementor-tab-title elementor-tab-desktop-title\" aria-selected=\"false\" data-tab=\"2\" role=\"tab\" tabindex=\"-1\" aria-controls=\"elementor-tab-content-3962\" aria-expanded=\"false\">Transportation<\/div>\n\t\t\t\t\t\t\t\t\t<div id=\"elementor-tab-title-3963\" class=\"elementor-tab-title elementor-tab-desktop-title\" aria-selected=\"false\" data-tab=\"3\" role=\"tab\" tabindex=\"-1\" aria-controls=\"elementor-tab-content-3963\" aria-expanded=\"false\">Technology<\/div>\n\t\t\t\t\t\t\t<\/div>\n\t\t\t<div class=\"elementor-tabs-content-wrapper\" role=\"tablist\" aria-orientation=\"vertical\">\n\t\t\t\t\t\t\t\t\t<div class=\"elementor-tab-title elementor-tab-mobile-title\" aria-selected=\"true\" data-tab=\"1\" role=\"tab\" tabindex=\"0\" aria-controls=\"elementor-tab-content-3961\" aria-expanded=\"false\">Refining<\/div>\n\t\t\t\t\t<div id=\"elementor-tab-content-3961\" class=\"elementor-tab-content elementor-clearfix\" data-tab=\"1\" role=\"tabpanel\" aria-labelledby=\"elementor-tab-title-3961\" tabindex=\"0\" hidden=\"false\"><p>Processing and refining operations turn crude oil and gas into marketable products. In the case of crude oil, these products include heating oil, gasoline for use in vehicles, jet fuel, and diesel oil. Oil refining processes include distillation, vacuum distillation, catalytic reforming, catalytic cracking, alkylation, isomerization and hydrotreating.<\/p><\/div>\n\t\t\t\t\t\t\t\t\t<div class=\"elementor-tab-title elementor-tab-mobile-title\" aria-selected=\"false\" data-tab=\"2\" role=\"tab\" tabindex=\"-1\" aria-controls=\"elementor-tab-content-3962\" aria-expanded=\"false\">Transportation<\/div>\n\t\t\t\t\t<div id=\"elementor-tab-content-3962\" class=\"elementor-tab-content elementor-clearfix\" data-tab=\"2\" role=\"tabpanel\" aria-labelledby=\"elementor-tab-title-3962\" tabindex=\"0\" hidden=\"hidden\"><p>Oil and gas are transported to processing facilities, and from there to end users, by pipeline, tanker\/barge, truck, and rail. Pipelines are the most economical transportation method and are most suited to movement across longer distances, for example, across continents.<\/p><\/div>\n\t\t\t\t\t\t\t\t\t<div class=\"elementor-tab-title elementor-tab-mobile-title\" aria-selected=\"false\" data-tab=\"3\" role=\"tab\" tabindex=\"-1\" aria-controls=\"elementor-tab-content-3963\" aria-expanded=\"false\">Technology<\/div>\n\t\t\t\t\t<div id=\"elementor-tab-content-3963\" class=\"elementor-tab-content elementor-clearfix\" data-tab=\"3\" role=\"tabpanel\" aria-labelledby=\"elementor-tab-title-3963\" tabindex=\"0\" hidden=\"hidden\"><p>Midstream service providers apply technological solutions to improve efficiency during midstream processes. Technology can be used during compression of fuels to ease flow through pipelines; to better detect leaks in pipelines; and to automate communications for better pipeline and equipment monitoring.<\/p><\/div>\n\t\t\t\t\t\t\t<\/div>\n\t\t<\/div>\n\t\t\t\t\t\t<\/div>\n\t\t\t\t<\/div>\n\t\t\t\t\t<\/div>\n\t\t<\/div>\n\t\t\t\t\t<\/div>\n\t\t<\/section>\n\t\t\t\t<\/div>\n\t\t","protected":false},"excerpt":{"rendered":"<p>Petroleum is recovered mostly through oil drilling (natural petroleum springs are rare). This comes after the studies of structural geology (at the reservoir scale), sedimentary basin analysis, reservoir characterization (mainly in terms of the porosity and permeability of geologic structures). It is refined and separated, most easily by distillation, into a large number of consumer [&hellip;]<\/p>\n","protected":false},"author":1,"featured_media":0,"parent":377,"menu_order":5,"comment_status":"closed","ping_status":"closed","template":"","meta":{"footnotes":""},"class_list":["post-423","page","type-page","status-publish","hentry"],"yoast_head":"<!-- This site is optimized with the Yoast SEO plugin v27.3 - https:\/\/yoast.com\/product\/yoast-seo-wordpress\/ -->\r\n<title>Petroleum and Gas - Ekaltech Biuro In\u017cynierii Systemowej<\/title>\r\n<meta name=\"robots\" content=\"index, follow, max-snippet:-1, max-image-preview:large, max-video-preview:-1\" \/>\r\n<link rel=\"canonical\" href=\"https:\/\/ekaltech.pl\/index.php\/realizacje\/petroleum-and-gas\/\" \/>\r\n<meta property=\"og:locale\" content=\"pl_PL\" \/>\r\n<meta property=\"og:type\" content=\"article\" \/>\r\n<meta property=\"og:title\" content=\"Petroleum and Gas - Ekaltech Biuro In\u017cynierii Systemowej\" \/>\r\n<meta property=\"og:description\" content=\"Petroleum is recovered mostly through oil drilling (natural petroleum springs are rare). This comes after the studies of structural geology (at the reservoir scale), sedimentary basin analysis, reservoir characterization (mainly in terms of the porosity and permeability of geologic structures). It is refined and separated, most easily by distillation, into a large number of consumer [&hellip;]\" \/>\r\n<meta property=\"og:url\" content=\"https:\/\/ekaltech.pl\/index.php\/realizacje\/petroleum-and-gas\/\" \/>\r\n<meta property=\"og:site_name\" content=\"Ekaltech Biuro In\u017cynierii Systemowej\" \/>\r\n<meta property=\"article:modified_time\" content=\"2017-09-19T12:46:00+00:00\" \/>\r\n<meta property=\"og:image\" content=\"http:\/\/ekaltech.pl\/wp-content\/uploads\/2017\/05\/placeholder_1080_720.png\" \/>\r\n<meta name=\"twitter:card\" content=\"summary_large_image\" \/>\r\n<meta name=\"twitter:label1\" content=\"Szacowany czas czytania\" \/>\n\t<meta name=\"twitter:data1\" content=\"1 minuta\" \/>\r\n<script type=\"application\/ld+json\" class=\"yoast-schema-graph\">{\"@context\":\"https:\\\/\\\/schema.org\",\"@graph\":[{\"@type\":\"WebPage\",\"@id\":\"https:\\\/\\\/ekaltech.pl\\\/index.php\\\/realizacje\\\/petroleum-and-gas\\\/\",\"url\":\"https:\\\/\\\/ekaltech.pl\\\/index.php\\\/realizacje\\\/petroleum-and-gas\\\/\",\"name\":\"Petroleum and Gas - Ekaltech Biuro In\u017cynierii Systemowej\",\"isPartOf\":{\"@id\":\"https:\\\/\\\/ekaltech.pl\\\/#website\"},\"primaryImageOfPage\":{\"@id\":\"https:\\\/\\\/ekaltech.pl\\\/index.php\\\/realizacje\\\/petroleum-and-gas\\\/#primaryimage\"},\"image\":{\"@id\":\"https:\\\/\\\/ekaltech.pl\\\/index.php\\\/realizacje\\\/petroleum-and-gas\\\/#primaryimage\"},\"thumbnailUrl\":\"http:\\\/\\\/ekaltech.pl\\\/wp-content\\\/uploads\\\/2017\\\/05\\\/placeholder_1080_720.png\",\"datePublished\":\"2016-11-03T13:20:58+00:00\",\"dateModified\":\"2017-09-19T12:46:00+00:00\",\"breadcrumb\":{\"@id\":\"https:\\\/\\\/ekaltech.pl\\\/index.php\\\/realizacje\\\/petroleum-and-gas\\\/#breadcrumb\"},\"inLanguage\":\"pl-PL\",\"potentialAction\":[{\"@type\":\"ReadAction\",\"target\":[\"https:\\\/\\\/ekaltech.pl\\\/index.php\\\/realizacje\\\/petroleum-and-gas\\\/\"]}]},{\"@type\":\"ImageObject\",\"inLanguage\":\"pl-PL\",\"@id\":\"https:\\\/\\\/ekaltech.pl\\\/index.php\\\/realizacje\\\/petroleum-and-gas\\\/#primaryimage\",\"url\":\"http:\\\/\\\/ekaltech.pl\\\/wp-content\\\/uploads\\\/2017\\\/05\\\/placeholder_1080_720.png\",\"contentUrl\":\"http:\\\/\\\/ekaltech.pl\\\/wp-content\\\/uploads\\\/2017\\\/05\\\/placeholder_1080_720.png\"},{\"@type\":\"BreadcrumbList\",\"@id\":\"https:\\\/\\\/ekaltech.pl\\\/index.php\\\/realizacje\\\/petroleum-and-gas\\\/#breadcrumb\",\"itemListElement\":[{\"@type\":\"ListItem\",\"position\":1,\"name\":\"Home\",\"item\":\"https:\\\/\\\/ekaltech.pl\\\/\"},{\"@type\":\"ListItem\",\"position\":2,\"name\":\"Realizacje\",\"item\":\"https:\\\/\\\/ekaltech.pl\\\/index.php\\\/realizacje\\\/\"},{\"@type\":\"ListItem\",\"position\":3,\"name\":\"Petroleum and Gas\"}]},{\"@type\":\"WebSite\",\"@id\":\"https:\\\/\\\/ekaltech.pl\\\/#website\",\"url\":\"https:\\\/\\\/ekaltech.pl\\\/\",\"name\":\"Ekaltech Biuro In\u017cynierii Systemowej\",\"description\":\"Specjalizujemy si\u0119 w automatyce przemys\u0142owej, automatyce budynkowej, projektowaniu uk\u0142ad\u00f3w sterowania.\",\"publisher\":{\"@id\":\"https:\\\/\\\/ekaltech.pl\\\/#organization\"},\"potentialAction\":[{\"@type\":\"SearchAction\",\"target\":{\"@type\":\"EntryPoint\",\"urlTemplate\":\"https:\\\/\\\/ekaltech.pl\\\/?s={search_term_string}\"},\"query-input\":{\"@type\":\"PropertyValueSpecification\",\"valueRequired\":true,\"valueName\":\"search_term_string\"}}],\"inLanguage\":\"pl-PL\"},{\"@type\":\"Organization\",\"@id\":\"https:\\\/\\\/ekaltech.pl\\\/#organization\",\"name\":\"Ekaltech Biuro In\u017cynierii Systemowej\",\"url\":\"https:\\\/\\\/ekaltech.pl\\\/\",\"logo\":{\"@type\":\"ImageObject\",\"inLanguage\":\"pl-PL\",\"@id\":\"https:\\\/\\\/ekaltech.pl\\\/#\\\/schema\\\/logo\\\/image\\\/\",\"url\":\"https:\\\/\\\/ekaltech.pl\\\/wp-content\\\/uploads\\\/2018\\\/02\\\/cropped-EKALTECH-LOGO-1.png\",\"contentUrl\":\"https:\\\/\\\/ekaltech.pl\\\/wp-content\\\/uploads\\\/2018\\\/02\\\/cropped-EKALTECH-LOGO-1.png\",\"width\":332,\"height\":172,\"caption\":\"Ekaltech Biuro In\u017cynierii Systemowej\"},\"image\":{\"@id\":\"https:\\\/\\\/ekaltech.pl\\\/#\\\/schema\\\/logo\\\/image\\\/\"}}]}<\/script>\r\n<!-- \/ Yoast SEO plugin. -->","yoast_head_json":{"title":"Petroleum and Gas - Ekaltech Biuro In\u017cynierii Systemowej","robots":{"index":"index","follow":"follow","max-snippet":"max-snippet:-1","max-image-preview":"max-image-preview:large","max-video-preview":"max-video-preview:-1"},"canonical":"https:\/\/ekaltech.pl\/index.php\/realizacje\/petroleum-and-gas\/","og_locale":"pl_PL","og_type":"article","og_title":"Petroleum and Gas - Ekaltech Biuro In\u017cynierii Systemowej","og_description":"Petroleum is recovered mostly through oil drilling (natural petroleum springs are rare). This comes after the studies of structural geology (at the reservoir scale), sedimentary basin analysis, reservoir characterization (mainly in terms of the porosity and permeability of geologic structures). It is refined and separated, most easily by distillation, into a large number of consumer [&hellip;]","og_url":"https:\/\/ekaltech.pl\/index.php\/realizacje\/petroleum-and-gas\/","og_site_name":"Ekaltech Biuro In\u017cynierii Systemowej","article_modified_time":"2017-09-19T12:46:00+00:00","og_image":[{"url":"http:\/\/ekaltech.pl\/wp-content\/uploads\/2017\/05\/placeholder_1080_720.png","type":"","width":"","height":""}],"twitter_card":"summary_large_image","twitter_misc":{"Szacowany czas czytania":"1 minuta"},"schema":{"@context":"https:\/\/schema.org","@graph":[{"@type":"WebPage","@id":"https:\/\/ekaltech.pl\/index.php\/realizacje\/petroleum-and-gas\/","url":"https:\/\/ekaltech.pl\/index.php\/realizacje\/petroleum-and-gas\/","name":"Petroleum and Gas - Ekaltech Biuro In\u017cynierii Systemowej","isPartOf":{"@id":"https:\/\/ekaltech.pl\/#website"},"primaryImageOfPage":{"@id":"https:\/\/ekaltech.pl\/index.php\/realizacje\/petroleum-and-gas\/#primaryimage"},"image":{"@id":"https:\/\/ekaltech.pl\/index.php\/realizacje\/petroleum-and-gas\/#primaryimage"},"thumbnailUrl":"http:\/\/ekaltech.pl\/wp-content\/uploads\/2017\/05\/placeholder_1080_720.png","datePublished":"2016-11-03T13:20:58+00:00","dateModified":"2017-09-19T12:46:00+00:00","breadcrumb":{"@id":"https:\/\/ekaltech.pl\/index.php\/realizacje\/petroleum-and-gas\/#breadcrumb"},"inLanguage":"pl-PL","potentialAction":[{"@type":"ReadAction","target":["https:\/\/ekaltech.pl\/index.php\/realizacje\/petroleum-and-gas\/"]}]},{"@type":"ImageObject","inLanguage":"pl-PL","@id":"https:\/\/ekaltech.pl\/index.php\/realizacje\/petroleum-and-gas\/#primaryimage","url":"http:\/\/ekaltech.pl\/wp-content\/uploads\/2017\/05\/placeholder_1080_720.png","contentUrl":"http:\/\/ekaltech.pl\/wp-content\/uploads\/2017\/05\/placeholder_1080_720.png"},{"@type":"BreadcrumbList","@id":"https:\/\/ekaltech.pl\/index.php\/realizacje\/petroleum-and-gas\/#breadcrumb","itemListElement":[{"@type":"ListItem","position":1,"name":"Home","item":"https:\/\/ekaltech.pl\/"},{"@type":"ListItem","position":2,"name":"Realizacje","item":"https:\/\/ekaltech.pl\/index.php\/realizacje\/"},{"@type":"ListItem","position":3,"name":"Petroleum and Gas"}]},{"@type":"WebSite","@id":"https:\/\/ekaltech.pl\/#website","url":"https:\/\/ekaltech.pl\/","name":"Ekaltech Biuro In\u017cynierii Systemowej","description":"Specjalizujemy si\u0119 w automatyce przemys\u0142owej, automatyce budynkowej, projektowaniu uk\u0142ad\u00f3w sterowania.","publisher":{"@id":"https:\/\/ekaltech.pl\/#organization"},"potentialAction":[{"@type":"SearchAction","target":{"@type":"EntryPoint","urlTemplate":"https:\/\/ekaltech.pl\/?s={search_term_string}"},"query-input":{"@type":"PropertyValueSpecification","valueRequired":true,"valueName":"search_term_string"}}],"inLanguage":"pl-PL"},{"@type":"Organization","@id":"https:\/\/ekaltech.pl\/#organization","name":"Ekaltech Biuro In\u017cynierii Systemowej","url":"https:\/\/ekaltech.pl\/","logo":{"@type":"ImageObject","inLanguage":"pl-PL","@id":"https:\/\/ekaltech.pl\/#\/schema\/logo\/image\/","url":"https:\/\/ekaltech.pl\/wp-content\/uploads\/2018\/02\/cropped-EKALTECH-LOGO-1.png","contentUrl":"https:\/\/ekaltech.pl\/wp-content\/uploads\/2018\/02\/cropped-EKALTECH-LOGO-1.png","width":332,"height":172,"caption":"Ekaltech Biuro In\u017cynierii Systemowej"},"image":{"@id":"https:\/\/ekaltech.pl\/#\/schema\/logo\/image\/"}}]}},"_links":{"self":[{"href":"https:\/\/ekaltech.pl\/index.php\/wp-json\/wp\/v2\/pages\/423","targetHints":{"allow":["GET"]}}],"collection":[{"href":"https:\/\/ekaltech.pl\/index.php\/wp-json\/wp\/v2\/pages"}],"about":[{"href":"https:\/\/ekaltech.pl\/index.php\/wp-json\/wp\/v2\/types\/page"}],"author":[{"embeddable":true,"href":"https:\/\/ekaltech.pl\/index.php\/wp-json\/wp\/v2\/users\/1"}],"replies":[{"embeddable":true,"href":"https:\/\/ekaltech.pl\/index.php\/wp-json\/wp\/v2\/comments?post=423"}],"version-history":[{"count":1,"href":"https:\/\/ekaltech.pl\/index.php\/wp-json\/wp\/v2\/pages\/423\/revisions"}],"predecessor-version":[{"id":71178,"href":"https:\/\/ekaltech.pl\/index.php\/wp-json\/wp\/v2\/pages\/423\/revisions\/71178"}],"up":[{"embeddable":true,"href":"https:\/\/ekaltech.pl\/index.php\/wp-json\/wp\/v2\/pages\/377"}],"wp:attachment":[{"href":"https:\/\/ekaltech.pl\/index.php\/wp-json\/wp\/v2\/media?parent=423"}],"curies":[{"name":"wp","href":"https:\/\/api.w.org\/{rel}","templated":true}]}}