{"id":340,"date":"2016-11-01T16:34:07","date_gmt":"2016-11-01T15:34:07","guid":{"rendered":"http:\/\/ekaltech.pl:8888\/startright\/?page_id=340"},"modified":"2019-05-29T09:51:51","modified_gmt":"2019-05-29T07:51:51","slug":"about-us","status":"publish","type":"page","link":"https:\/\/ekaltech.pl\/index.php\/en\/about-us\/","title":{"rendered":"About Us"},"content":{"rendered":"\t\t<div data-elementor-type=\"wp-page\" data-elementor-id=\"340\" class=\"elementor elementor-340 elementor-bc-flex-widget\">\n\t\t\t\t\t\t<section class=\"elementor-section elementor-top-section elementor-element elementor-element-agcoscc elementor-section-stretched elementor-section-full_width elementor-section-height-default elementor-section-height-default\" data-id=\"agcoscc\" data-element_type=\"section\" data-e-type=\"section\" data-settings=\"{&quot;stretch_section&quot;:&quot;section-stretched&quot;,&quot;background_background&quot;:&quot;gradient&quot;}\">\n\t\t\t\t\t\t\t<div class=\"elementor-background-overlay\"><\/div>\n\t\t\t\t\t\t\t<div class=\"elementor-container elementor-column-gap-default\">\n\t\t\t\t\t<div class=\"elementor-column elementor-col-16 elementor-top-column elementor-element elementor-element-aiqgdjd\" data-id=\"aiqgdjd\" data-element_type=\"column\" data-e-type=\"column\">\n\t\t\t<div class=\"elementor-widget-wrap\">\n\t\t\t\t\t\t\t<\/div>\n\t\t<\/div>\n\t\t\t\t<div class=\"elementor-column elementor-col-66 elementor-top-column elementor-element elementor-element-qdcswbz\" data-id=\"qdcswbz\" data-element_type=\"column\" data-e-type=\"column\">\n\t\t\t<div class=\"elementor-widget-wrap elementor-element-populated\">\n\t\t\t\t\t\t<div class=\"elementor-element elementor-element-vcoybjh elementor-widget elementor-widget-wp-widget-custom_html\" data-id=\"vcoybjh\" data-element_type=\"widget\" data-e-type=\"widget\" data-widget_type=\"wp-widget-custom_html.default\">\n\t\t\t\t<div class=\"elementor-widget-container\">\n\t\t\t\t\t<div class=\"textwidget custom-html-widget\"><div style=\"text-align: justify;font-size:20px;color:#efefef\">\r\n<p>Our company was founded in 2005. We own many years of experience and qualifications, intensive work, constant expansion of knowledge, participation in training courses and conferences.<\/p>\r\n\r\n<p>We are currently developing in the field of area in system engineering with IT, Automation and advanced applied electronics for investment in all over the country. <\/p>\r\n\r\n<p>We provide comprehensive services. We start with a detailed identifications of your needs, performance of the offer containing solutions, devices,  training and after sales care.<\/p>\r\n\r\n<p>Cooperation with many companies in the industry, gives us access to modern, proven technologies, consultancy and technical support, that is necessary during implementation of advanced miltitasking and parallel projects.<\/p> \r\n\r\n<p>Team of our company, create squad with high level specialists, honestly advanced in full process formed and propagation system engineery, who likes your works and it's challenges<\/p>\r\n<p>Ekaltech has a partner cooperation with BECKHOFF, the lider in the field of modern techniques machines automation, technological line and building automation.\r\nWe has business relations with InduSoft Polska sp. z o.o. InduSoft offers a wide range of software, which allowing desing in Windows the supporting applications for industry automation, control and embedded systems. InduSoft provides solutions for modern access technology and for data storage in industry devices.<\/p>\r\nWe invite you to cooperate.<\/div><\/div>\t\t\t\t<\/div>\n\t\t\t\t<\/div>\n\t\t\t\t\t<\/div>\n\t\t<\/div>\n\t\t\t\t<div class=\"elementor-column elementor-col-16 elementor-top-column elementor-element elementor-element-taezxgs\" data-id=\"taezxgs\" data-element_type=\"column\" data-e-type=\"column\">\n\t\t\t<div class=\"elementor-widget-wrap\">\n\t\t\t\t\t\t\t<\/div>\n\t\t<\/div>\n\t\t\t\t\t<\/div>\n\t\t<\/section>\n\t\t\t\t<\/div>\n\t\t","protected":false},"excerpt":{"rendered":"","protected":false},"author":1,"featured_media":0,"parent":0,"menu_order":0,"comment_status":"closed","ping_status":"closed","template":"page-full-width.php","meta":{"footnotes":""},"class_list":["post-340","page","type-page","status-publish","hentry"],"yoast_head":"<!-- This site is optimized with the Yoast SEO plugin v27.3 - https:\/\/yoast.com\/product\/yoast-seo-wordpress\/ -->\r\n<title>About Us - Ekaltech Biuro In\u017cynierii Systemowej<\/title>\r\n<meta name=\"robots\" content=\"index, follow, max-snippet:-1, max-image-preview:large, max-video-preview:-1\" \/>\r\n<link rel=\"canonical\" href=\"https:\/\/ekaltech.pl\/index.php\/en\/about-us\/\" \/>\r\n<meta property=\"og:locale\" content=\"pl_PL\" \/>\r\n<meta property=\"og:type\" content=\"article\" \/>\r\n<meta property=\"og:title\" content=\"About Us - Ekaltech Biuro In\u017cynierii Systemowej\" \/>\r\n<meta property=\"og:url\" content=\"https:\/\/ekaltech.pl\/index.php\/en\/about-us\/\" \/>\r\n<meta property=\"og:site_name\" content=\"Ekaltech Biuro In\u017cynierii Systemowej\" \/>\r\n<meta property=\"article:modified_time\" content=\"2019-05-29T07:51:51+00:00\" \/>\r\n<meta name=\"twitter:card\" content=\"summary_large_image\" \/>\r\n<script type=\"application\/ld+json\" class=\"yoast-schema-graph\">{\"@context\":\"https:\\\/\\\/schema.org\",\"@graph\":[{\"@type\":\"WebPage\",\"@id\":\"https:\\\/\\\/ekaltech.pl\\\/index.php\\\/en\\\/about-us\\\/\",\"url\":\"https:\\\/\\\/ekaltech.pl\\\/index.php\\\/en\\\/about-us\\\/\",\"name\":\"About Us - Ekaltech Biuro In\u017cynierii Systemowej\",\"isPartOf\":{\"@id\":\"https:\\\/\\\/ekaltech.pl\\\/#website\"},\"datePublished\":\"2016-11-01T15:34:07+00:00\",\"dateModified\":\"2019-05-29T07:51:51+00:00\",\"breadcrumb\":{\"@id\":\"https:\\\/\\\/ekaltech.pl\\\/index.php\\\/en\\\/about-us\\\/#breadcrumb\"},\"inLanguage\":\"pl-PL\",\"potentialAction\":[{\"@type\":\"ReadAction\",\"target\":[\"https:\\\/\\\/ekaltech.pl\\\/index.php\\\/en\\\/about-us\\\/\"]}]},{\"@type\":\"BreadcrumbList\",\"@id\":\"https:\\\/\\\/ekaltech.pl\\\/index.php\\\/en\\\/about-us\\\/#breadcrumb\",\"itemListElement\":[{\"@type\":\"ListItem\",\"position\":1,\"name\":\"Home\",\"item\":\"https:\\\/\\\/ekaltech.pl\\\/\"},{\"@type\":\"ListItem\",\"position\":2,\"name\":\"About Us\"}]},{\"@type\":\"WebSite\",\"@id\":\"https:\\\/\\\/ekaltech.pl\\\/#website\",\"url\":\"https:\\\/\\\/ekaltech.pl\\\/\",\"name\":\"Ekaltech Biuro In\u017cynierii Systemowej\",\"description\":\"Specjalizujemy si\u0119 w automatyce przemys\u0142owej, automatyce budynkowej, projektowaniu uk\u0142ad\u00f3w sterowania.\",\"publisher\":{\"@id\":\"https:\\\/\\\/ekaltech.pl\\\/#organization\"},\"potentialAction\":[{\"@type\":\"SearchAction\",\"target\":{\"@type\":\"EntryPoint\",\"urlTemplate\":\"https:\\\/\\\/ekaltech.pl\\\/?s={search_term_string}\"},\"query-input\":{\"@type\":\"PropertyValueSpecification\",\"valueRequired\":true,\"valueName\":\"search_term_string\"}}],\"inLanguage\":\"pl-PL\"},{\"@type\":\"Organization\",\"@id\":\"https:\\\/\\\/ekaltech.pl\\\/#organization\",\"name\":\"Ekaltech Biuro In\u017cynierii Systemowej\",\"url\":\"https:\\\/\\\/ekaltech.pl\\\/\",\"logo\":{\"@type\":\"ImageObject\",\"inLanguage\":\"pl-PL\",\"@id\":\"https:\\\/\\\/ekaltech.pl\\\/#\\\/schema\\\/logo\\\/image\\\/\",\"url\":\"https:\\\/\\\/ekaltech.pl\\\/wp-content\\\/uploads\\\/2018\\\/02\\\/cropped-EKALTECH-LOGO-1.png\",\"contentUrl\":\"https:\\\/\\\/ekaltech.pl\\\/wp-content\\\/uploads\\\/2018\\\/02\\\/cropped-EKALTECH-LOGO-1.png\",\"width\":332,\"height\":172,\"caption\":\"Ekaltech Biuro In\u017cynierii Systemowej\"},\"image\":{\"@id\":\"https:\\\/\\\/ekaltech.pl\\\/#\\\/schema\\\/logo\\\/image\\\/\"}}]}<\/script>\r\n<!-- \/ Yoast SEO plugin. -->","yoast_head_json":{"title":"About Us - Ekaltech Biuro In\u017cynierii Systemowej","robots":{"index":"index","follow":"follow","max-snippet":"max-snippet:-1","max-image-preview":"max-image-preview:large","max-video-preview":"max-video-preview:-1"},"canonical":"https:\/\/ekaltech.pl\/index.php\/en\/about-us\/","og_locale":"pl_PL","og_type":"article","og_title":"About Us - Ekaltech Biuro In\u017cynierii Systemowej","og_url":"https:\/\/ekaltech.pl\/index.php\/en\/about-us\/","og_site_name":"Ekaltech Biuro In\u017cynierii Systemowej","article_modified_time":"2019-05-29T07:51:51+00:00","twitter_card":"summary_large_image","schema":{"@context":"https:\/\/schema.org","@graph":[{"@type":"WebPage","@id":"https:\/\/ekaltech.pl\/index.php\/en\/about-us\/","url":"https:\/\/ekaltech.pl\/index.php\/en\/about-us\/","name":"About Us - Ekaltech Biuro In\u017cynierii Systemowej","isPartOf":{"@id":"https:\/\/ekaltech.pl\/#website"},"datePublished":"2016-11-01T15:34:07+00:00","dateModified":"2019-05-29T07:51:51+00:00","breadcrumb":{"@id":"https:\/\/ekaltech.pl\/index.php\/en\/about-us\/#breadcrumb"},"inLanguage":"pl-PL","potentialAction":[{"@type":"ReadAction","target":["https:\/\/ekaltech.pl\/index.php\/en\/about-us\/"]}]},{"@type":"BreadcrumbList","@id":"https:\/\/ekaltech.pl\/index.php\/en\/about-us\/#breadcrumb","itemListElement":[{"@type":"ListItem","position":1,"name":"Home","item":"https:\/\/ekaltech.pl\/"},{"@type":"ListItem","position":2,"name":"About Us"}]},{"@type":"WebSite","@id":"https:\/\/ekaltech.pl\/#website","url":"https:\/\/ekaltech.pl\/","name":"Ekaltech Biuro In\u017cynierii Systemowej","description":"Specjalizujemy si\u0119 w automatyce przemys\u0142owej, automatyce budynkowej, projektowaniu uk\u0142ad\u00f3w sterowania.","publisher":{"@id":"https:\/\/ekaltech.pl\/#organization"},"potentialAction":[{"@type":"SearchAction","target":{"@type":"EntryPoint","urlTemplate":"https:\/\/ekaltech.pl\/?s={search_term_string}"},"query-input":{"@type":"PropertyValueSpecification","valueRequired":true,"valueName":"search_term_string"}}],"inLanguage":"pl-PL"},{"@type":"Organization","@id":"https:\/\/ekaltech.pl\/#organization","name":"Ekaltech Biuro In\u017cynierii Systemowej","url":"https:\/\/ekaltech.pl\/","logo":{"@type":"ImageObject","inLanguage":"pl-PL","@id":"https:\/\/ekaltech.pl\/#\/schema\/logo\/image\/","url":"https:\/\/ekaltech.pl\/wp-content\/uploads\/2018\/02\/cropped-EKALTECH-LOGO-1.png","contentUrl":"https:\/\/ekaltech.pl\/wp-content\/uploads\/2018\/02\/cropped-EKALTECH-LOGO-1.png","width":332,"height":172,"caption":"Ekaltech Biuro In\u017cynierii Systemowej"},"image":{"@id":"https:\/\/ekaltech.pl\/#\/schema\/logo\/image\/"}}]}},"_links":{"self":[{"href":"https:\/\/ekaltech.pl\/index.php\/wp-json\/wp\/v2\/pages\/340","targetHints":{"allow":["GET"]}}],"collection":[{"href":"https:\/\/ekaltech.pl\/index.php\/wp-json\/wp\/v2\/pages"}],"about":[{"href":"https:\/\/ekaltech.pl\/index.php\/wp-json\/wp\/v2\/types\/page"}],"author":[{"embeddable":true,"href":"https:\/\/ekaltech.pl\/index.php\/wp-json\/wp\/v2\/users\/1"}],"replies":[{"embeddable":true,"href":"https:\/\/ekaltech.pl\/index.php\/wp-json\/wp\/v2\/comments?post=340"}],"version-history":[{"count":6,"href":"https:\/\/ekaltech.pl\/index.php\/wp-json\/wp\/v2\/pages\/340\/revisions"}],"predecessor-version":[{"id":71800,"href":"https:\/\/ekaltech.pl\/index.php\/wp-json\/wp\/v2\/pages\/340\/revisions\/71800"}],"wp:attachment":[{"href":"https:\/\/ekaltech.pl\/index.php\/wp-json\/wp\/v2\/media?parent=340"}],"curies":[{"name":"wp","href":"https:\/\/api.w.org\/{rel}","templated":true}]}}